{"id":9042,"date":"2023-02-16T14:26:39","date_gmt":"2023-02-16T14:26:39","guid":{"rendered":"https:\/\/makzashoes.com\/produkt\/lucertola-mens-leather-derby-louis\/"},"modified":"2024-03-18T16:18:25","modified_gmt":"2024-03-18T16:18:25","slug":"lucertola-mens-leather-derby-louis","status":"publish","type":"product","link":"https:\/\/makzashoes.com\/en\/sklep\/derby-shoes\/lucertola-mens-leather-derby-louis\/","title":{"rendered":"Lucertola Men&#8217;s Leather Derby Louis"},"content":{"rendered":"<p>&#8220;Derby&#8221;, stands out with its practical open lacing, suitable for those with a high instep. This is the perfect shoes for men who appreciate comfort and care about looking fashionable. If you like practical and quality footwear then the MAKZA SHOES men&#8217;s leather derby will be the perfect choice for you.<\/p>\n<p><strong>LACES:<\/strong><br \/>\nYou can easily adjust the derby shoes to the shape of your foot thanks to the practical lacing, also adjusting the degree of fastening.<\/p>\n<p><strong>THUNIT SOLE:<\/strong><br \/>\nThe sole material has many advantages, including: it insulates the foot perfectly against the cold and is waterproof, the weather outside the window will no longer be your worry! In addition, thunit is abrasion-resistant.<\/p>\n<p><strong>UNIQUE COLOURS:<\/strong><br \/>\nBrighten up your wardrobe with the unique colours of footwear made from natural leathers, add extravagance to your look and make sure no one passes you by unconcernedly.<\/p>\n<p><strong>LEATHER INSIDE:<\/strong><br \/>\nLining made of supple natural leather will ensure your comfort and convenience. This makes the footwear ideal for everyday use.<\/p>\n<p><strong>NATURAL LEATHER:<\/strong><br \/>\nShoes made of natural leather have the ability to &#8216;breathe&#8217;, this will guarantee comfort and air circulation.<\/p>\n<h3>Why choose handmade footwear?<\/h3>\n<p>We produce footwear purchased on our website as soon as an order is placed, so your new acquisition is not sitting in a warehouse and is created especially for you. The distinguishing feature of handmade footwear is its workmanship used, are the most qualitative subjects for footwear production. Leather shoes emphasise style and elegance also the personality of the man who owns them, in line with our slogan &#8220;YOUR SHOES YOUR IMAGE&#8221;.<\/p>\n<h3><span style=\"color: #ff0000;\">WHEN CHOOSING YOUR SIZE, WE RECOMMEND USING THE SIZE CHART!<\/span><\/h3>\n<p>IF YOU ARE INTERESTED IN A COLOUR THAT IS NOT AVAILABLE FOR SELECTION ON OUR WEBSITE, PLEASE CONTACT US, WE WILL SUGGEST COLOURS THAT WE HAVE IN STOCK.<\/p>\n","protected":false},"excerpt":{"rendered":"<p><strong>COLOUR:<\/strong> LUCERTOLA<br \/>\n<strong>EXTERIOR MATERIAL:<\/strong> NATURAL LEATHER<br \/>\n<strong>INTERIOR MATERIAL:<\/strong> NATURAL LEATHER<br \/>\n<strong>HEEL HEIGHT:<\/strong> 2,5 CM<br \/>\n<strong>SOLE:<\/strong> TR<\/p>\n","protected":false},"featured_media":8991,"comment_status":"open","ping_status":"closed","template":"","meta":[],"product_cat":[168],"product_tag":[],"class_list":{"0":"post-9042","1":"product","2":"type-product","3":"status-publish","4":"has-post-thumbnail","6":"product_cat-derby-shoes","8":"first","9":"instock","10":"taxable","11":"shipping-taxable","12":"purchasable","13":"product-type-variable"},"acf":[],"yoast_head":"<!-- This site is optimized with the Yoast SEO plugin v27.3 - https:\/\/yoast.com\/product\/yoast-seo-wordpress\/ -->\n<title>Lucertola Men&#039;s Leather Derby Louis<\/title>\n<meta name=\"description\" content=\"Brighten up your wardrobe with unique colours of shoes made from natural leathers, add extravagance to your look.\" \/>\n<meta name=\"robots\" content=\"index, follow, max-snippet:-1, max-image-preview:large, max-video-preview:-1\" \/>\n<link rel=\"canonical\" href=\"https:\/\/makzashoes.com\/en\/sklep\/derby-shoes\/lucertola-mens-leather-derby-louis\/\" \/>\n<meta property=\"og:locale\" content=\"en_US\" \/>\n<meta property=\"og:type\" content=\"article\" \/>\n<meta property=\"og:title\" content=\"Lucertola Men&#039;s Leather Derby Louis\" \/>\n<meta property=\"og:description\" content=\"Brighten up your wardrobe with unique colours of shoes made from natural leathers, add extravagance to your look.\" \/>\n<meta property=\"og:url\" content=\"https:\/\/makzashoes.com\/en\/sklep\/derby-shoes\/lucertola-mens-leather-derby-louis\/\" \/>\n<meta property=\"og:site_name\" content=\"Makza Shoes\" \/>\n<meta property=\"article:modified_time\" content=\"2024-03-18T16:18:25+00:00\" \/>\n<meta property=\"og:image\" content=\"https:\/\/makzashoes.com\/wp-content\/uploads\/2023\/02\/3-2.jpg\" \/>\n\t<meta property=\"og:image:width\" content=\"1299\" \/>\n\t<meta property=\"og:image:height\" content=\"945\" \/>\n\t<meta property=\"og:image:type\" content=\"image\/jpeg\" \/>\n<meta name=\"twitter:card\" content=\"summary_large_image\" \/>\n<meta name=\"twitter:label1\" content=\"Est. reading time\" \/>\n\t<meta name=\"twitter:data1\" content=\"1 minute\" \/>\n<script type=\"application\/ld+json\" class=\"yoast-schema-graph\">{\"@context\":\"https:\\\/\\\/schema.org\",\"@graph\":[{\"@type\":\"WebPage\",\"@id\":\"https:\\\/\\\/makzashoes.com\\\/en\\\/sklep\\\/derby-shoes\\\/lucertola-mens-leather-derby-louis\\\/\",\"url\":\"https:\\\/\\\/makzashoes.com\\\/en\\\/sklep\\\/derby-shoes\\\/lucertola-mens-leather-derby-louis\\\/\",\"name\":\"Lucertola Men's Leather Derby Louis\",\"isPartOf\":{\"@id\":\"https:\\\/\\\/makzashoes.com\\\/en\\\/#website\"},\"primaryImageOfPage\":{\"@id\":\"https:\\\/\\\/makzashoes.com\\\/en\\\/sklep\\\/derby-shoes\\\/lucertola-mens-leather-derby-louis\\\/#primaryimage\"},\"image\":{\"@id\":\"https:\\\/\\\/makzashoes.com\\\/en\\\/sklep\\\/derby-shoes\\\/lucertola-mens-leather-derby-louis\\\/#primaryimage\"},\"thumbnailUrl\":\"https:\\\/\\\/makzashoes.com\\\/wp-content\\\/uploads\\\/2023\\\/02\\\/3-2.jpg\",\"datePublished\":\"2023-02-16T14:26:39+00:00\",\"dateModified\":\"2024-03-18T16:18:25+00:00\",\"description\":\"Brighten up your wardrobe with unique colours of shoes made from natural leathers, add extravagance to your look.\",\"breadcrumb\":{\"@id\":\"https:\\\/\\\/makzashoes.com\\\/en\\\/sklep\\\/derby-shoes\\\/lucertola-mens-leather-derby-louis\\\/#breadcrumb\"},\"inLanguage\":\"en-US\",\"potentialAction\":[{\"@type\":\"ReadAction\",\"target\":[\"https:\\\/\\\/makzashoes.com\\\/en\\\/sklep\\\/derby-shoes\\\/lucertola-mens-leather-derby-louis\\\/\"]}]},{\"@type\":\"ImageObject\",\"inLanguage\":\"en-US\",\"@id\":\"https:\\\/\\\/makzashoes.com\\\/en\\\/sklep\\\/derby-shoes\\\/lucertola-mens-leather-derby-louis\\\/#primaryimage\",\"url\":\"https:\\\/\\\/makzashoes.com\\\/wp-content\\\/uploads\\\/2023\\\/02\\\/3-2.jpg\",\"contentUrl\":\"https:\\\/\\\/makzashoes.com\\\/wp-content\\\/uploads\\\/2023\\\/02\\\/3-2.jpg\",\"width\":1299,\"height\":945},{\"@type\":\"BreadcrumbList\",\"@id\":\"https:\\\/\\\/makzashoes.com\\\/en\\\/sklep\\\/derby-shoes\\\/lucertola-mens-leather-derby-louis\\\/#breadcrumb\",\"itemListElement\":[{\"@type\":\"ListItem\",\"position\":1,\"name\":\"Homepage\",\"item\":\"https:\\\/\\\/makzashoes.com\\\/en\\\/\"},{\"@type\":\"ListItem\",\"position\":2,\"name\":\"Shop\",\"item\":\"https:\\\/\\\/makzashoes.com\\\/sklep\\\/\"},{\"@type\":\"ListItem\",\"position\":3,\"name\":\"Lucertola Men&#8217;s Leather Derby Louis\"}]},{\"@type\":\"WebSite\",\"@id\":\"https:\\\/\\\/makzashoes.com\\\/en\\\/#website\",\"url\":\"https:\\\/\\\/makzashoes.com\\\/en\\\/\",\"name\":\"Makza Shoes\",\"description\":\"R\u0119cznie robione buty m\u0119skie i damskie na ka\u017cd\u0105 okazj\u0119\",\"publisher\":{\"@id\":\"https:\\\/\\\/makzashoes.com\\\/en\\\/#organization\"},\"alternateName\":\"M\u0119skie obuwie\",\"potentialAction\":[{\"@type\":\"SearchAction\",\"target\":{\"@type\":\"EntryPoint\",\"urlTemplate\":\"https:\\\/\\\/makzashoes.com\\\/en\\\/?s={search_term_string}\"},\"query-input\":{\"@type\":\"PropertyValueSpecification\",\"valueRequired\":true,\"valueName\":\"search_term_string\"}}],\"inLanguage\":\"en-US\"},{\"@type\":\"Organization\",\"@id\":\"https:\\\/\\\/makzashoes.com\\\/en\\\/#organization\",\"name\":\"Makza Shoes\",\"url\":\"https:\\\/\\\/makzashoes.com\\\/en\\\/\",\"logo\":{\"@type\":\"ImageObject\",\"inLanguage\":\"en-US\",\"@id\":\"https:\\\/\\\/makzashoes.com\\\/en\\\/#\\\/schema\\\/logo\\\/image\\\/\",\"url\":\"https:\\\/\\\/makzashoes.com\\\/wp-content\\\/uploads\\\/2022\\\/06\\\/makza-shoes-buty-meskie-i-damskie.png\",\"contentUrl\":\"https:\\\/\\\/makzashoes.com\\\/wp-content\\\/uploads\\\/2022\\\/06\\\/makza-shoes-buty-meskie-i-damskie.png\",\"width\":704,\"height\":362,\"caption\":\"Makza Shoes\"},\"image\":{\"@id\":\"https:\\\/\\\/makzashoes.com\\\/en\\\/#\\\/schema\\\/logo\\\/image\\\/\"}}]}<\/script>\n<!-- \/ Yoast SEO plugin. -->","yoast_head_json":{"title":"Lucertola Men's Leather Derby Louis","description":"Brighten up your wardrobe with unique colours of shoes made from natural leathers, add extravagance to your look.","robots":{"index":"index","follow":"follow","max-snippet":"max-snippet:-1","max-image-preview":"max-image-preview:large","max-video-preview":"max-video-preview:-1"},"canonical":"https:\/\/makzashoes.com\/en\/sklep\/derby-shoes\/lucertola-mens-leather-derby-louis\/","og_locale":"en_US","og_type":"article","og_title":"Lucertola Men's Leather Derby Louis","og_description":"Brighten up your wardrobe with unique colours of shoes made from natural leathers, add extravagance to your look.","og_url":"https:\/\/makzashoes.com\/en\/sklep\/derby-shoes\/lucertola-mens-leather-derby-louis\/","og_site_name":"Makza Shoes","article_modified_time":"2024-03-18T16:18:25+00:00","og_image":[{"width":1299,"height":945,"url":"https:\/\/makzashoes.com\/wp-content\/uploads\/2023\/02\/3-2.jpg","type":"image\/jpeg"}],"twitter_card":"summary_large_image","twitter_misc":{"Est. reading time":"1 minute"},"schema":{"@context":"https:\/\/schema.org","@graph":[{"@type":"WebPage","@id":"https:\/\/makzashoes.com\/en\/sklep\/derby-shoes\/lucertola-mens-leather-derby-louis\/","url":"https:\/\/makzashoes.com\/en\/sklep\/derby-shoes\/lucertola-mens-leather-derby-louis\/","name":"Lucertola Men's Leather Derby Louis","isPartOf":{"@id":"https:\/\/makzashoes.com\/en\/#website"},"primaryImageOfPage":{"@id":"https:\/\/makzashoes.com\/en\/sklep\/derby-shoes\/lucertola-mens-leather-derby-louis\/#primaryimage"},"image":{"@id":"https:\/\/makzashoes.com\/en\/sklep\/derby-shoes\/lucertola-mens-leather-derby-louis\/#primaryimage"},"thumbnailUrl":"https:\/\/makzashoes.com\/wp-content\/uploads\/2023\/02\/3-2.jpg","datePublished":"2023-02-16T14:26:39+00:00","dateModified":"2024-03-18T16:18:25+00:00","description":"Brighten up your wardrobe with unique colours of shoes made from natural leathers, add extravagance to your look.","breadcrumb":{"@id":"https:\/\/makzashoes.com\/en\/sklep\/derby-shoes\/lucertola-mens-leather-derby-louis\/#breadcrumb"},"inLanguage":"en-US","potentialAction":[{"@type":"ReadAction","target":["https:\/\/makzashoes.com\/en\/sklep\/derby-shoes\/lucertola-mens-leather-derby-louis\/"]}]},{"@type":"ImageObject","inLanguage":"en-US","@id":"https:\/\/makzashoes.com\/en\/sklep\/derby-shoes\/lucertola-mens-leather-derby-louis\/#primaryimage","url":"https:\/\/makzashoes.com\/wp-content\/uploads\/2023\/02\/3-2.jpg","contentUrl":"https:\/\/makzashoes.com\/wp-content\/uploads\/2023\/02\/3-2.jpg","width":1299,"height":945},{"@type":"BreadcrumbList","@id":"https:\/\/makzashoes.com\/en\/sklep\/derby-shoes\/lucertola-mens-leather-derby-louis\/#breadcrumb","itemListElement":[{"@type":"ListItem","position":1,"name":"Homepage","item":"https:\/\/makzashoes.com\/en\/"},{"@type":"ListItem","position":2,"name":"Shop","item":"https:\/\/makzashoes.com\/sklep\/"},{"@type":"ListItem","position":3,"name":"Lucertola Men&#8217;s Leather Derby Louis"}]},{"@type":"WebSite","@id":"https:\/\/makzashoes.com\/en\/#website","url":"https:\/\/makzashoes.com\/en\/","name":"Makza Shoes","description":"R\u0119cznie robione buty m\u0119skie i damskie na ka\u017cd\u0105 okazj\u0119","publisher":{"@id":"https:\/\/makzashoes.com\/en\/#organization"},"alternateName":"M\u0119skie obuwie","potentialAction":[{"@type":"SearchAction","target":{"@type":"EntryPoint","urlTemplate":"https:\/\/makzashoes.com\/en\/?s={search_term_string}"},"query-input":{"@type":"PropertyValueSpecification","valueRequired":true,"valueName":"search_term_string"}}],"inLanguage":"en-US"},{"@type":"Organization","@id":"https:\/\/makzashoes.com\/en\/#organization","name":"Makza Shoes","url":"https:\/\/makzashoes.com\/en\/","logo":{"@type":"ImageObject","inLanguage":"en-US","@id":"https:\/\/makzashoes.com\/en\/#\/schema\/logo\/image\/","url":"https:\/\/makzashoes.com\/wp-content\/uploads\/2022\/06\/makza-shoes-buty-meskie-i-damskie.png","contentUrl":"https:\/\/makzashoes.com\/wp-content\/uploads\/2022\/06\/makza-shoes-buty-meskie-i-damskie.png","width":704,"height":362,"caption":"Makza Shoes"},"image":{"@id":"https:\/\/makzashoes.com\/en\/#\/schema\/logo\/image\/"}}]}},"_links":{"self":[{"href":"https:\/\/makzashoes.com\/en\/wp-json\/wp\/v2\/product\/9042","targetHints":{"allow":["GET"]}}],"collection":[{"href":"https:\/\/makzashoes.com\/en\/wp-json\/wp\/v2\/product"}],"about":[{"href":"https:\/\/makzashoes.com\/en\/wp-json\/wp\/v2\/types\/product"}],"replies":[{"embeddable":true,"href":"https:\/\/makzashoes.com\/en\/wp-json\/wp\/v2\/comments?post=9042"}],"wp:featuredmedia":[{"embeddable":true,"href":"https:\/\/makzashoes.com\/en\/wp-json\/wp\/v2\/media\/8991"}],"wp:attachment":[{"href":"https:\/\/makzashoes.com\/en\/wp-json\/wp\/v2\/media?parent=9042"}],"wp:term":[{"taxonomy":"product_cat","embeddable":true,"href":"https:\/\/makzashoes.com\/en\/wp-json\/wp\/v2\/product_cat?post=9042"},{"taxonomy":"product_tag","embeddable":true,"href":"https:\/\/makzashoes.com\/en\/wp-json\/wp\/v2\/product_tag?post=9042"}],"curies":[{"name":"wp","href":"https:\/\/api.w.org\/{rel}","templated":true}]}}