{"id":8858,"date":"2023-02-09T13:30:20","date_gmt":"2023-02-09T13:30:20","guid":{"rendered":"https:\/\/makzashoes.com\/produkt\/blue-mens-leather-cowboy-boots-carlos\/"},"modified":"2024-03-16T17:23:15","modified_gmt":"2024-03-16T17:23:15","slug":"cowboy-mens-leather-blue","status":"publish","type":"product","link":"https:\/\/makzashoes.com\/en\/sklep\/cowboy-boots\/cowboy-mens-leather-blue\/","title":{"rendered":"Blue Men&#8217;s Leather Cowboy Boots Carlos"},"content":{"rendered":"<p>Men&#8217;s cowboy boots made of high-quality leather in a large range of colours. These are shoes with a timeless design. They are characterized by exceptional workmanship with attention to detail. It is the perfect footwear for those who follow trends and love style. If you dream about cowboy boots, this MAKZA SHOES model is perfect for you.<\/p>\n<p><strong>PRACTICAL SLIDING IN:<\/strong><br \/>\nThe cowboy boots are equipped with elastic bands that will make it easy for you to put the shoes on.<\/p>\n<p><strong>LEATHER INSIDE:<\/strong><br \/>\nLining made of supple natural leather will ensure your comfort and convenience. This makes the footwear ideal for everyday use.<\/p>\n<p><strong>NATURAL LEATHER:<\/strong><br \/>\nFootwear made of natural leather has the ability to &#8216;breathe&#8217;, this will guarantee comfort and adequate air circulation.<\/p>\n<p><strong>GRAIN LEATHER:<\/strong><br \/>\nGrain leather is a properly processed top layer of leather with a smooth texture. It is performed to enhance the aesthetic value of the skin surface.<\/p>\n<p><strong>HIGH QUALITY SOLE:<\/strong><br \/>\nThe sole material has many advantages, including: it insulates the foot perfectly against the cold and is waterproof, the weather outside the window will no longer be your worry! In addition, thunit is abrasion-resistant.<\/p>\n<p><strong>DECORATIVE SEWING:<\/strong><br \/>\n&#8220;Carlos&#8221; has a unique sewing that stands out from other cowboy models.<\/p>\n<h3>Why choose handmade footwear?<\/h3>\n<p>We produce footwear purchased on our website as soon as an order is placed, so your new acquisition is not sitting in a warehouse and is created especially for you. The distinguishing feature of handmade footwear is its workmanship used, are the most qualitative subjects for footwear production. Leather shoes emphasise style and elegance and therefore also the personality of the man who owns them, in accordance with our slogan &#8220;YOUR SHOES YOUR IMAGE&#8221;.<\/p>\n<h3>Why should you choose hand-painted shoes?<\/h3>\n<p>Shoes hand-painted by our shoemakers add them unique look, the final effect will not be duplicated in any pair, so you can be sure that no one else will own the same pair of shoes, and the colours available in our shop will add variety to your wardrobe.<\/p>\n<h3><span style=\"color: #ff0000;\">WHEN CHOOSING YOUR SIZE, WE RECOMMEND USING THE SIZE CHART!<\/span><\/h3>\n<p>IF YOU ARE INTERESTED IN A COLOUR THAT IS NOT AVAILABLE FOR SELECTION ON OUR WEBSITE, PLEASE CONTACT US, WE WILL SUGGEST COLOURS THAT WE HAVE IN STOCK.<\/p>\n","protected":false},"excerpt":{"rendered":"<p><strong>COLOUR:<\/strong> BLUE<br \/>\n<strong>EXTERIOR MATERIAL:<\/strong> NATURAL HAND-PAINTED LEATHER<br \/>\n<strong>INTERIOR MATERIAL:<\/strong> NATURAL LEATHER<br \/>\n<strong>HEEL HEIGHT:<\/strong> 4.5 cm<br \/>\n<strong>SOLE:<\/strong> THUNIT<\/p>\n","protected":false},"featured_media":8504,"comment_status":"open","ping_status":"closed","template":"","meta":[],"product_cat":[162],"product_tag":[],"class_list":{"0":"post-8858","1":"product","2":"type-product","3":"status-publish","4":"has-post-thumbnail","6":"product_cat-cowboy-boots","8":"first","9":"instock","10":"taxable","11":"shipping-taxable","12":"purchasable","13":"product-type-variable"},"acf":[],"yoast_head":"<!-- This site is optimized with the Yoast SEO plugin v27.3 - https:\/\/yoast.com\/product\/yoast-seo-wordpress\/ -->\n<title>Blue Men&#039;s Leather Cowboy Boots Carlos<\/title>\n<meta name=\"description\" content=\"Men&#039;s cowboy boots made of high-quality leather in a large range of colours. These are shoes with a timeless design.\" \/>\n<meta name=\"robots\" content=\"index, follow, max-snippet:-1, max-image-preview:large, max-video-preview:-1\" \/>\n<link rel=\"canonical\" href=\"https:\/\/makzashoes.com\/en\/sklep\/cowboy-boots\/cowboy-mens-leather-blue\/\" \/>\n<meta property=\"og:locale\" content=\"en_US\" \/>\n<meta property=\"og:type\" content=\"article\" \/>\n<meta property=\"og:title\" content=\"Blue Men&#039;s Leather Cowboy Boots Carlos\" \/>\n<meta property=\"og:description\" content=\"Men&#039;s cowboy boots made of high-quality leather in a large range of colours. These are shoes with a timeless design.\" \/>\n<meta property=\"og:url\" content=\"https:\/\/makzashoes.com\/en\/sklep\/cowboy-boots\/cowboy-mens-leather-blue\/\" \/>\n<meta property=\"og:site_name\" content=\"Makza Shoes\" \/>\n<meta property=\"article:modified_time\" content=\"2024-03-16T17:23:15+00:00\" \/>\n<meta property=\"og:image\" content=\"https:\/\/makzashoes.com\/wp-content\/uploads\/2023\/02\/Kowbojki-meskie-skorzane-niebieskie-2.jpg\" \/>\n\t<meta property=\"og:image:width\" content=\"2480\" \/>\n\t<meta property=\"og:image:height\" content=\"1795\" \/>\n\t<meta property=\"og:image:type\" content=\"image\/jpeg\" \/>\n<meta name=\"twitter:card\" content=\"summary_large_image\" \/>\n<meta name=\"twitter:label1\" content=\"Est. reading time\" \/>\n\t<meta name=\"twitter:data1\" content=\"2 minutes\" \/>\n<script type=\"application\/ld+json\" class=\"yoast-schema-graph\">{\"@context\":\"https:\\\/\\\/schema.org\",\"@graph\":[{\"@type\":\"WebPage\",\"@id\":\"https:\\\/\\\/makzashoes.com\\\/en\\\/sklep\\\/cowboy-boots\\\/cowboy-mens-leather-blue\\\/\",\"url\":\"https:\\\/\\\/makzashoes.com\\\/en\\\/sklep\\\/cowboy-boots\\\/cowboy-mens-leather-blue\\\/\",\"name\":\"Blue Men's Leather Cowboy Boots Carlos\",\"isPartOf\":{\"@id\":\"https:\\\/\\\/makzashoes.com\\\/en\\\/#website\"},\"primaryImageOfPage\":{\"@id\":\"https:\\\/\\\/makzashoes.com\\\/en\\\/sklep\\\/cowboy-boots\\\/cowboy-mens-leather-blue\\\/#primaryimage\"},\"image\":{\"@id\":\"https:\\\/\\\/makzashoes.com\\\/en\\\/sklep\\\/cowboy-boots\\\/cowboy-mens-leather-blue\\\/#primaryimage\"},\"thumbnailUrl\":\"https:\\\/\\\/makzashoes.com\\\/wp-content\\\/uploads\\\/2023\\\/02\\\/Kowbojki-meskie-skorzane-niebieskie-2.jpg\",\"datePublished\":\"2023-02-09T13:30:20+00:00\",\"dateModified\":\"2024-03-16T17:23:15+00:00\",\"description\":\"Men's cowboy boots made of high-quality leather in a large range of colours. These are shoes with a timeless design.\",\"breadcrumb\":{\"@id\":\"https:\\\/\\\/makzashoes.com\\\/en\\\/sklep\\\/cowboy-boots\\\/cowboy-mens-leather-blue\\\/#breadcrumb\"},\"inLanguage\":\"en-US\",\"potentialAction\":[{\"@type\":\"ReadAction\",\"target\":[\"https:\\\/\\\/makzashoes.com\\\/en\\\/sklep\\\/cowboy-boots\\\/cowboy-mens-leather-blue\\\/\"]}]},{\"@type\":\"ImageObject\",\"inLanguage\":\"en-US\",\"@id\":\"https:\\\/\\\/makzashoes.com\\\/en\\\/sklep\\\/cowboy-boots\\\/cowboy-mens-leather-blue\\\/#primaryimage\",\"url\":\"https:\\\/\\\/makzashoes.com\\\/wp-content\\\/uploads\\\/2023\\\/02\\\/Kowbojki-meskie-skorzane-niebieskie-2.jpg\",\"contentUrl\":\"https:\\\/\\\/makzashoes.com\\\/wp-content\\\/uploads\\\/2023\\\/02\\\/Kowbojki-meskie-skorzane-niebieskie-2.jpg\",\"width\":2480,\"height\":1795},{\"@type\":\"BreadcrumbList\",\"@id\":\"https:\\\/\\\/makzashoes.com\\\/en\\\/sklep\\\/cowboy-boots\\\/cowboy-mens-leather-blue\\\/#breadcrumb\",\"itemListElement\":[{\"@type\":\"ListItem\",\"position\":1,\"name\":\"Homepage\",\"item\":\"https:\\\/\\\/makzashoes.com\\\/en\\\/\"},{\"@type\":\"ListItem\",\"position\":2,\"name\":\"Store\",\"item\":\"https:\\\/\\\/makzashoes.com\\\/en\\\/shop\\\/\"},{\"@type\":\"ListItem\",\"position\":3,\"name\":\"Blue Men&#8217;s Leather Cowboy Boots Carlos\"}]},{\"@type\":\"WebSite\",\"@id\":\"https:\\\/\\\/makzashoes.com\\\/en\\\/#website\",\"url\":\"https:\\\/\\\/makzashoes.com\\\/en\\\/\",\"name\":\"Makza Shoes\",\"description\":\"R\u0119cznie robione buty m\u0119skie i damskie na ka\u017cd\u0105 okazj\u0119\",\"publisher\":{\"@id\":\"https:\\\/\\\/makzashoes.com\\\/en\\\/#organization\"},\"alternateName\":\"M\u0119skie obuwie\",\"potentialAction\":[{\"@type\":\"SearchAction\",\"target\":{\"@type\":\"EntryPoint\",\"urlTemplate\":\"https:\\\/\\\/makzashoes.com\\\/en\\\/?s={search_term_string}\"},\"query-input\":{\"@type\":\"PropertyValueSpecification\",\"valueRequired\":true,\"valueName\":\"search_term_string\"}}],\"inLanguage\":\"en-US\"},{\"@type\":\"Organization\",\"@id\":\"https:\\\/\\\/makzashoes.com\\\/en\\\/#organization\",\"name\":\"Makza Shoes\",\"url\":\"https:\\\/\\\/makzashoes.com\\\/en\\\/\",\"logo\":{\"@type\":\"ImageObject\",\"inLanguage\":\"en-US\",\"@id\":\"https:\\\/\\\/makzashoes.com\\\/en\\\/#\\\/schema\\\/logo\\\/image\\\/\",\"url\":\"https:\\\/\\\/makzashoes.com\\\/wp-content\\\/uploads\\\/2022\\\/06\\\/makza-shoes-buty-meskie-i-damskie.png\",\"contentUrl\":\"https:\\\/\\\/makzashoes.com\\\/wp-content\\\/uploads\\\/2022\\\/06\\\/makza-shoes-buty-meskie-i-damskie.png\",\"width\":704,\"height\":362,\"caption\":\"Makza Shoes\"},\"image\":{\"@id\":\"https:\\\/\\\/makzashoes.com\\\/en\\\/#\\\/schema\\\/logo\\\/image\\\/\"}}]}<\/script>\n<!-- \/ Yoast SEO plugin. -->","yoast_head_json":{"title":"Blue Men's Leather Cowboy Boots Carlos","description":"Men's cowboy boots made of high-quality leather in a large range of colours. These are shoes with a timeless design.","robots":{"index":"index","follow":"follow","max-snippet":"max-snippet:-1","max-image-preview":"max-image-preview:large","max-video-preview":"max-video-preview:-1"},"canonical":"https:\/\/makzashoes.com\/en\/sklep\/cowboy-boots\/cowboy-mens-leather-blue\/","og_locale":"en_US","og_type":"article","og_title":"Blue Men's Leather Cowboy Boots Carlos","og_description":"Men's cowboy boots made of high-quality leather in a large range of colours. These are shoes with a timeless design.","og_url":"https:\/\/makzashoes.com\/en\/sklep\/cowboy-boots\/cowboy-mens-leather-blue\/","og_site_name":"Makza Shoes","article_modified_time":"2024-03-16T17:23:15+00:00","og_image":[{"width":2480,"height":1795,"url":"https:\/\/makzashoes.com\/wp-content\/uploads\/2023\/02\/Kowbojki-meskie-skorzane-niebieskie-2.jpg","type":"image\/jpeg"}],"twitter_card":"summary_large_image","twitter_misc":{"Est. reading time":"2 minutes"},"schema":{"@context":"https:\/\/schema.org","@graph":[{"@type":"WebPage","@id":"https:\/\/makzashoes.com\/en\/sklep\/cowboy-boots\/cowboy-mens-leather-blue\/","url":"https:\/\/makzashoes.com\/en\/sklep\/cowboy-boots\/cowboy-mens-leather-blue\/","name":"Blue Men's Leather Cowboy Boots Carlos","isPartOf":{"@id":"https:\/\/makzashoes.com\/en\/#website"},"primaryImageOfPage":{"@id":"https:\/\/makzashoes.com\/en\/sklep\/cowboy-boots\/cowboy-mens-leather-blue\/#primaryimage"},"image":{"@id":"https:\/\/makzashoes.com\/en\/sklep\/cowboy-boots\/cowboy-mens-leather-blue\/#primaryimage"},"thumbnailUrl":"https:\/\/makzashoes.com\/wp-content\/uploads\/2023\/02\/Kowbojki-meskie-skorzane-niebieskie-2.jpg","datePublished":"2023-02-09T13:30:20+00:00","dateModified":"2024-03-16T17:23:15+00:00","description":"Men's cowboy boots made of high-quality leather in a large range of colours. These are shoes with a timeless design.","breadcrumb":{"@id":"https:\/\/makzashoes.com\/en\/sklep\/cowboy-boots\/cowboy-mens-leather-blue\/#breadcrumb"},"inLanguage":"en-US","potentialAction":[{"@type":"ReadAction","target":["https:\/\/makzashoes.com\/en\/sklep\/cowboy-boots\/cowboy-mens-leather-blue\/"]}]},{"@type":"ImageObject","inLanguage":"en-US","@id":"https:\/\/makzashoes.com\/en\/sklep\/cowboy-boots\/cowboy-mens-leather-blue\/#primaryimage","url":"https:\/\/makzashoes.com\/wp-content\/uploads\/2023\/02\/Kowbojki-meskie-skorzane-niebieskie-2.jpg","contentUrl":"https:\/\/makzashoes.com\/wp-content\/uploads\/2023\/02\/Kowbojki-meskie-skorzane-niebieskie-2.jpg","width":2480,"height":1795},{"@type":"BreadcrumbList","@id":"https:\/\/makzashoes.com\/en\/sklep\/cowboy-boots\/cowboy-mens-leather-blue\/#breadcrumb","itemListElement":[{"@type":"ListItem","position":1,"name":"Homepage","item":"https:\/\/makzashoes.com\/en\/"},{"@type":"ListItem","position":2,"name":"Store","item":"https:\/\/makzashoes.com\/en\/shop\/"},{"@type":"ListItem","position":3,"name":"Blue Men&#8217;s Leather Cowboy Boots Carlos"}]},{"@type":"WebSite","@id":"https:\/\/makzashoes.com\/en\/#website","url":"https:\/\/makzashoes.com\/en\/","name":"Makza Shoes","description":"R\u0119cznie robione buty m\u0119skie i damskie na ka\u017cd\u0105 okazj\u0119","publisher":{"@id":"https:\/\/makzashoes.com\/en\/#organization"},"alternateName":"M\u0119skie obuwie","potentialAction":[{"@type":"SearchAction","target":{"@type":"EntryPoint","urlTemplate":"https:\/\/makzashoes.com\/en\/?s={search_term_string}"},"query-input":{"@type":"PropertyValueSpecification","valueRequired":true,"valueName":"search_term_string"}}],"inLanguage":"en-US"},{"@type":"Organization","@id":"https:\/\/makzashoes.com\/en\/#organization","name":"Makza Shoes","url":"https:\/\/makzashoes.com\/en\/","logo":{"@type":"ImageObject","inLanguage":"en-US","@id":"https:\/\/makzashoes.com\/en\/#\/schema\/logo\/image\/","url":"https:\/\/makzashoes.com\/wp-content\/uploads\/2022\/06\/makza-shoes-buty-meskie-i-damskie.png","contentUrl":"https:\/\/makzashoes.com\/wp-content\/uploads\/2022\/06\/makza-shoes-buty-meskie-i-damskie.png","width":704,"height":362,"caption":"Makza Shoes"},"image":{"@id":"https:\/\/makzashoes.com\/en\/#\/schema\/logo\/image\/"}}]}},"_links":{"self":[{"href":"https:\/\/makzashoes.com\/en\/wp-json\/wp\/v2\/product\/8858","targetHints":{"allow":["GET"]}}],"collection":[{"href":"https:\/\/makzashoes.com\/en\/wp-json\/wp\/v2\/product"}],"about":[{"href":"https:\/\/makzashoes.com\/en\/wp-json\/wp\/v2\/types\/product"}],"replies":[{"embeddable":true,"href":"https:\/\/makzashoes.com\/en\/wp-json\/wp\/v2\/comments?post=8858"}],"wp:featuredmedia":[{"embeddable":true,"href":"https:\/\/makzashoes.com\/en\/wp-json\/wp\/v2\/media\/8504"}],"wp:attachment":[{"href":"https:\/\/makzashoes.com\/en\/wp-json\/wp\/v2\/media?parent=8858"}],"wp:term":[{"taxonomy":"product_cat","embeddable":true,"href":"https:\/\/makzashoes.com\/en\/wp-json\/wp\/v2\/product_cat?post=8858"},{"taxonomy":"product_tag","embeddable":true,"href":"https:\/\/makzashoes.com\/en\/wp-json\/wp\/v2\/product_tag?post=8858"}],"curies":[{"name":"wp","href":"https:\/\/api.w.org\/{rel}","templated":true}]}}