{"id":7493,"date":"2022-11-09T13:24:16","date_gmt":"2022-11-09T13:24:16","guid":{"rendered":"https:\/\/makzashoes.com\/produkt\/black-brown-chelsea-boots-mens\/"},"modified":"2023-08-01T15:38:36","modified_gmt":"2023-08-01T15:38:36","slug":"brown-black-mens-leather-mateo-chelsea","status":"publish","type":"product","link":"https:\/\/makzashoes.com\/en\/sklep\/chelsea-boots\/brown-black-mens-leather-mateo-chelsea\/","title":{"rendered":"Brown &amp; Black Men&#8217;s Leather Chelsea Boots Mateo"},"content":{"rendered":"<p>Men&#8217;s leather chelsea boots are timeless formal shoes that are popular no matter the season or trends. Because of their versatile nature, you can easily match them with any type of styling. This is the perfect shoes for men who appreciate comfort and care about looking fashionable. If you like practical and quality shoes, then the MAKZA SHOES men&#8217;s leather chelsea boots will be the perfect choice for you.<\/p>\n<p><strong>PRACTICAL SLIDING IN:<\/strong><br \/>\nSlip-on shoes offer the comfort of instant on and off. The chelsea boots are equipped with elastic bands that will make it easier for you to put the shoes on.<\/p>\n<p><strong>HIGH-QUALITY SOLE:<\/strong><br \/>\nThe TR soles are characterised by thermal insulation and an anti-slip function, giving the shoes the ability to be used in various weather conditions.<\/p>\n<p><strong>LEATHER INSIDE:<\/strong><br \/>\nLining made of supple natural leather will ensure your comfort and convenience. This makes the footwear ideal for everyday use.<\/p>\n<p><strong>NATURAL LEATHER:<\/strong><br \/>\nFootwear made of natural leather has the ability to &#8216;breathe&#8217;, this will guarantee comfort and adequate air circulation.<\/p>\n<h3>Why choose handmade footwear?<\/h3>\n<p>We produce footwear purchased on our website as soon as an order is placed, so your new acquisition is not sitting in a warehouse and is created especially for you. The distinguishing feature of handmade footwear is its workmanship used, are the most qualitative subjects for footwear production. Leather shoes emphasise style and elegance so also the personality of the man who owns them, in line with our slogan &#8220;YOUR SHOES YOUR IMAGE&#8221;.<\/p>\n<h3><span style=\"color: #ff0000;\">WHEN CHOOSING YOUR SIZE, WE RECOMMEND USING THE SIZE CHART!<\/span><\/h3>\n<p>IF YOU ARE INTERESTED IN A COLOUR THAT IS NOT AVAILABLE FOR SELECTION ON OUR WEBSITE, PLEASE CONTACT US, WE WILL SUGGEST COLOURS THAT WE HAVE IN STOCK.<\/p>\n","protected":false},"excerpt":{"rendered":"<p><strong>KOLOR:<\/strong> BLACK-BROWN<br \/>\n<strong>EXTERIOR MATERIAL:<\/strong> NATURAL LEATHER<br \/>\n<strong>INTERIOR MATERIAL:<\/strong> NATURAL LEATHER<br \/>\n<strong>HEEL HEIGHT:<\/strong> 2,5 CM<br \/>\n<strong>SOLE:<\/strong> TR<\/p>\n","protected":false},"featured_media":7346,"comment_status":"open","ping_status":"closed","template":"","meta":[],"product_cat":[172],"product_tag":[],"class_list":{"0":"post-7493","1":"product","2":"type-product","3":"status-publish","4":"has-post-thumbnail","6":"product_cat-chelsea-boots","8":"first","9":"instock","10":"taxable","11":"shipping-taxable","12":"purchasable","13":"product-type-variable"},"acf":[],"yoast_head":"<!-- This site is optimized with the Yoast SEO plugin v27.3 - https:\/\/yoast.com\/product\/yoast-seo-wordpress\/ -->\n<title>Brown &amp; Black Men&#039;s Leather Chelsea Boots Mateo<\/title>\n<meta name=\"robots\" content=\"index, follow, max-snippet:-1, max-image-preview:large, max-video-preview:-1\" \/>\n<link rel=\"canonical\" href=\"https:\/\/makzashoes.com\/en\/sklep\/chelsea-boots\/brown-black-mens-leather-mateo-chelsea\/\" \/>\n<meta property=\"og:locale\" content=\"en_US\" \/>\n<meta property=\"og:type\" content=\"article\" \/>\n<meta property=\"og:title\" content=\"Brown &amp; Black Men&#039;s Leather Chelsea Boots Mateo\" \/>\n<meta property=\"og:description\" content=\"KOLOR: BLACK-BROWN EXTERIOR MATERIAL: NATURAL LEATHER INTERIOR MATERIAL: NATURAL LEATHER HEEL HEIGHT: 2,5 CM SOLE: TR\" \/>\n<meta property=\"og:url\" content=\"https:\/\/makzashoes.com\/en\/sklep\/chelsea-boots\/brown-black-mens-leather-mateo-chelsea\/\" \/>\n<meta property=\"og:site_name\" content=\"Makza Shoes\" \/>\n<meta property=\"article:modified_time\" content=\"2023-08-01T15:38:36+00:00\" \/>\n<meta property=\"og:image\" content=\"https:\/\/makzashoes.com\/wp-content\/uploads\/2022\/11\/braz-czarne-sztyblety-meskie-skorzane-1.jpg\" \/>\n\t<meta property=\"og:image:width\" content=\"1299\" \/>\n\t<meta property=\"og:image:height\" content=\"945\" \/>\n\t<meta property=\"og:image:type\" content=\"image\/jpeg\" \/>\n<meta name=\"twitter:card\" content=\"summary_large_image\" \/>\n<meta name=\"twitter:label1\" content=\"Est. reading time\" \/>\n\t<meta name=\"twitter:data1\" content=\"1 minute\" \/>\n<script type=\"application\/ld+json\" class=\"yoast-schema-graph\">{\"@context\":\"https:\\\/\\\/schema.org\",\"@graph\":[{\"@type\":\"WebPage\",\"@id\":\"https:\\\/\\\/makzashoes.com\\\/en\\\/sklep\\\/chelsea-boots\\\/brown-black-mens-leather-mateo-chelsea\\\/\",\"url\":\"https:\\\/\\\/makzashoes.com\\\/en\\\/sklep\\\/chelsea-boots\\\/brown-black-mens-leather-mateo-chelsea\\\/\",\"name\":\"Brown &amp; Black Men's Leather Chelsea Boots Mateo\",\"isPartOf\":{\"@id\":\"https:\\\/\\\/makzashoes.com\\\/en\\\/#website\"},\"primaryImageOfPage\":{\"@id\":\"https:\\\/\\\/makzashoes.com\\\/en\\\/sklep\\\/chelsea-boots\\\/brown-black-mens-leather-mateo-chelsea\\\/#primaryimage\"},\"image\":{\"@id\":\"https:\\\/\\\/makzashoes.com\\\/en\\\/sklep\\\/chelsea-boots\\\/brown-black-mens-leather-mateo-chelsea\\\/#primaryimage\"},\"thumbnailUrl\":\"https:\\\/\\\/makzashoes.com\\\/wp-content\\\/uploads\\\/2022\\\/11\\\/braz-czarne-sztyblety-meskie-skorzane-1.jpg\",\"datePublished\":\"2022-11-09T13:24:16+00:00\",\"dateModified\":\"2023-08-01T15:38:36+00:00\",\"breadcrumb\":{\"@id\":\"https:\\\/\\\/makzashoes.com\\\/en\\\/sklep\\\/chelsea-boots\\\/brown-black-mens-leather-mateo-chelsea\\\/#breadcrumb\"},\"inLanguage\":\"en-US\",\"potentialAction\":[{\"@type\":\"ReadAction\",\"target\":[\"https:\\\/\\\/makzashoes.com\\\/en\\\/sklep\\\/chelsea-boots\\\/brown-black-mens-leather-mateo-chelsea\\\/\"]}]},{\"@type\":\"ImageObject\",\"inLanguage\":\"en-US\",\"@id\":\"https:\\\/\\\/makzashoes.com\\\/en\\\/sklep\\\/chelsea-boots\\\/brown-black-mens-leather-mateo-chelsea\\\/#primaryimage\",\"url\":\"https:\\\/\\\/makzashoes.com\\\/wp-content\\\/uploads\\\/2022\\\/11\\\/braz-czarne-sztyblety-meskie-skorzane-1.jpg\",\"contentUrl\":\"https:\\\/\\\/makzashoes.com\\\/wp-content\\\/uploads\\\/2022\\\/11\\\/braz-czarne-sztyblety-meskie-skorzane-1.jpg\",\"width\":1299,\"height\":945},{\"@type\":\"BreadcrumbList\",\"@id\":\"https:\\\/\\\/makzashoes.com\\\/en\\\/sklep\\\/chelsea-boots\\\/brown-black-mens-leather-mateo-chelsea\\\/#breadcrumb\",\"itemListElement\":[{\"@type\":\"ListItem\",\"position\":1,\"name\":\"Homepage\",\"item\":\"https:\\\/\\\/makzashoes.com\\\/en\\\/\"},{\"@type\":\"ListItem\",\"position\":2,\"name\":\"Store\",\"item\":\"https:\\\/\\\/makzashoes.com\\\/en\\\/shop\\\/\"},{\"@type\":\"ListItem\",\"position\":3,\"name\":\"Brown &amp; Black Men&#8217;s Leather Chelsea Boots Mateo\"}]},{\"@type\":\"WebSite\",\"@id\":\"https:\\\/\\\/makzashoes.com\\\/en\\\/#website\",\"url\":\"https:\\\/\\\/makzashoes.com\\\/en\\\/\",\"name\":\"Makza Shoes\",\"description\":\"R\u0119cznie robione buty m\u0119skie i damskie na ka\u017cd\u0105 okazj\u0119\",\"publisher\":{\"@id\":\"https:\\\/\\\/makzashoes.com\\\/en\\\/#organization\"},\"alternateName\":\"M\u0119skie obuwie\",\"potentialAction\":[{\"@type\":\"SearchAction\",\"target\":{\"@type\":\"EntryPoint\",\"urlTemplate\":\"https:\\\/\\\/makzashoes.com\\\/en\\\/?s={search_term_string}\"},\"query-input\":{\"@type\":\"PropertyValueSpecification\",\"valueRequired\":true,\"valueName\":\"search_term_string\"}}],\"inLanguage\":\"en-US\"},{\"@type\":\"Organization\",\"@id\":\"https:\\\/\\\/makzashoes.com\\\/en\\\/#organization\",\"name\":\"Makza Shoes\",\"url\":\"https:\\\/\\\/makzashoes.com\\\/en\\\/\",\"logo\":{\"@type\":\"ImageObject\",\"inLanguage\":\"en-US\",\"@id\":\"https:\\\/\\\/makzashoes.com\\\/en\\\/#\\\/schema\\\/logo\\\/image\\\/\",\"url\":\"https:\\\/\\\/makzashoes.com\\\/wp-content\\\/uploads\\\/2022\\\/06\\\/makza-shoes-buty-meskie-i-damskie.png\",\"contentUrl\":\"https:\\\/\\\/makzashoes.com\\\/wp-content\\\/uploads\\\/2022\\\/06\\\/makza-shoes-buty-meskie-i-damskie.png\",\"width\":704,\"height\":362,\"caption\":\"Makza Shoes\"},\"image\":{\"@id\":\"https:\\\/\\\/makzashoes.com\\\/en\\\/#\\\/schema\\\/logo\\\/image\\\/\"}}]}<\/script>\n<!-- \/ Yoast SEO plugin. -->","yoast_head_json":{"title":"Brown &amp; Black Men's Leather Chelsea Boots Mateo","robots":{"index":"index","follow":"follow","max-snippet":"max-snippet:-1","max-image-preview":"max-image-preview:large","max-video-preview":"max-video-preview:-1"},"canonical":"https:\/\/makzashoes.com\/en\/sklep\/chelsea-boots\/brown-black-mens-leather-mateo-chelsea\/","og_locale":"en_US","og_type":"article","og_title":"Brown &amp; Black Men's Leather Chelsea Boots Mateo","og_description":"KOLOR: BLACK-BROWN EXTERIOR MATERIAL: NATURAL LEATHER INTERIOR MATERIAL: NATURAL LEATHER HEEL HEIGHT: 2,5 CM SOLE: TR","og_url":"https:\/\/makzashoes.com\/en\/sklep\/chelsea-boots\/brown-black-mens-leather-mateo-chelsea\/","og_site_name":"Makza Shoes","article_modified_time":"2023-08-01T15:38:36+00:00","og_image":[{"width":1299,"height":945,"url":"https:\/\/makzashoes.com\/wp-content\/uploads\/2022\/11\/braz-czarne-sztyblety-meskie-skorzane-1.jpg","type":"image\/jpeg"}],"twitter_card":"summary_large_image","twitter_misc":{"Est. reading time":"1 minute"},"schema":{"@context":"https:\/\/schema.org","@graph":[{"@type":"WebPage","@id":"https:\/\/makzashoes.com\/en\/sklep\/chelsea-boots\/brown-black-mens-leather-mateo-chelsea\/","url":"https:\/\/makzashoes.com\/en\/sklep\/chelsea-boots\/brown-black-mens-leather-mateo-chelsea\/","name":"Brown &amp; Black Men's Leather Chelsea Boots Mateo","isPartOf":{"@id":"https:\/\/makzashoes.com\/en\/#website"},"primaryImageOfPage":{"@id":"https:\/\/makzashoes.com\/en\/sklep\/chelsea-boots\/brown-black-mens-leather-mateo-chelsea\/#primaryimage"},"image":{"@id":"https:\/\/makzashoes.com\/en\/sklep\/chelsea-boots\/brown-black-mens-leather-mateo-chelsea\/#primaryimage"},"thumbnailUrl":"https:\/\/makzashoes.com\/wp-content\/uploads\/2022\/11\/braz-czarne-sztyblety-meskie-skorzane-1.jpg","datePublished":"2022-11-09T13:24:16+00:00","dateModified":"2023-08-01T15:38:36+00:00","breadcrumb":{"@id":"https:\/\/makzashoes.com\/en\/sklep\/chelsea-boots\/brown-black-mens-leather-mateo-chelsea\/#breadcrumb"},"inLanguage":"en-US","potentialAction":[{"@type":"ReadAction","target":["https:\/\/makzashoes.com\/en\/sklep\/chelsea-boots\/brown-black-mens-leather-mateo-chelsea\/"]}]},{"@type":"ImageObject","inLanguage":"en-US","@id":"https:\/\/makzashoes.com\/en\/sklep\/chelsea-boots\/brown-black-mens-leather-mateo-chelsea\/#primaryimage","url":"https:\/\/makzashoes.com\/wp-content\/uploads\/2022\/11\/braz-czarne-sztyblety-meskie-skorzane-1.jpg","contentUrl":"https:\/\/makzashoes.com\/wp-content\/uploads\/2022\/11\/braz-czarne-sztyblety-meskie-skorzane-1.jpg","width":1299,"height":945},{"@type":"BreadcrumbList","@id":"https:\/\/makzashoes.com\/en\/sklep\/chelsea-boots\/brown-black-mens-leather-mateo-chelsea\/#breadcrumb","itemListElement":[{"@type":"ListItem","position":1,"name":"Homepage","item":"https:\/\/makzashoes.com\/en\/"},{"@type":"ListItem","position":2,"name":"Store","item":"https:\/\/makzashoes.com\/en\/shop\/"},{"@type":"ListItem","position":3,"name":"Brown &amp; Black Men&#8217;s Leather Chelsea Boots Mateo"}]},{"@type":"WebSite","@id":"https:\/\/makzashoes.com\/en\/#website","url":"https:\/\/makzashoes.com\/en\/","name":"Makza Shoes","description":"R\u0119cznie robione buty m\u0119skie i damskie na ka\u017cd\u0105 okazj\u0119","publisher":{"@id":"https:\/\/makzashoes.com\/en\/#organization"},"alternateName":"M\u0119skie obuwie","potentialAction":[{"@type":"SearchAction","target":{"@type":"EntryPoint","urlTemplate":"https:\/\/makzashoes.com\/en\/?s={search_term_string}"},"query-input":{"@type":"PropertyValueSpecification","valueRequired":true,"valueName":"search_term_string"}}],"inLanguage":"en-US"},{"@type":"Organization","@id":"https:\/\/makzashoes.com\/en\/#organization","name":"Makza Shoes","url":"https:\/\/makzashoes.com\/en\/","logo":{"@type":"ImageObject","inLanguage":"en-US","@id":"https:\/\/makzashoes.com\/en\/#\/schema\/logo\/image\/","url":"https:\/\/makzashoes.com\/wp-content\/uploads\/2022\/06\/makza-shoes-buty-meskie-i-damskie.png","contentUrl":"https:\/\/makzashoes.com\/wp-content\/uploads\/2022\/06\/makza-shoes-buty-meskie-i-damskie.png","width":704,"height":362,"caption":"Makza Shoes"},"image":{"@id":"https:\/\/makzashoes.com\/en\/#\/schema\/logo\/image\/"}}]}},"_links":{"self":[{"href":"https:\/\/makzashoes.com\/en\/wp-json\/wp\/v2\/product\/7493","targetHints":{"allow":["GET"]}}],"collection":[{"href":"https:\/\/makzashoes.com\/en\/wp-json\/wp\/v2\/product"}],"about":[{"href":"https:\/\/makzashoes.com\/en\/wp-json\/wp\/v2\/types\/product"}],"replies":[{"embeddable":true,"href":"https:\/\/makzashoes.com\/en\/wp-json\/wp\/v2\/comments?post=7493"}],"wp:featuredmedia":[{"embeddable":true,"href":"https:\/\/makzashoes.com\/en\/wp-json\/wp\/v2\/media\/7346"}],"wp:attachment":[{"href":"https:\/\/makzashoes.com\/en\/wp-json\/wp\/v2\/media?parent=7493"}],"wp:term":[{"taxonomy":"product_cat","embeddable":true,"href":"https:\/\/makzashoes.com\/en\/wp-json\/wp\/v2\/product_cat?post=7493"},{"taxonomy":"product_tag","embeddable":true,"href":"https:\/\/makzashoes.com\/en\/wp-json\/wp\/v2\/product_tag?post=7493"}],"curies":[{"name":"wp","href":"https:\/\/api.w.org\/{rel}","templated":true}]}}