{"id":6645,"date":"2022-02-21T08:04:54","date_gmt":"2022-02-21T08:04:54","guid":{"rendered":"https:\/\/makzashoes.com\/produkt\/brown-mens-leather-brogues-manuel\/"},"modified":"2023-08-01T19:54:01","modified_gmt":"2023-08-01T19:54:01","slug":"oxfords-manuel-brown","status":"publish","type":"product","link":"https:\/\/makzashoes.com\/en\/sklep\/brogues\/oxfords-manuel-brown\/","title":{"rendered":"Brown Men&#8217;s Leather Brogues Shoes Manuel"},"content":{"rendered":"<p>\u201dBrogues&#8221;, are one of the most versatile types of men&#8217;s leather shoes. They are characterised by a punched decoration on the leather. This is the perfect shoes for men who appreciate comfort and care about looking fashionable. If you like practical and quality shoes then MAKZA SHOES men&#8217;s leather brogues will be the perfect choice for you.<\/p>\n<p><strong>LACES:<\/strong><br \/>\nYou can easily adjust the brogue shoes to the shape of your foot thanks to the practical lacing, also adjusting the degree of fastening.<\/p>\n<p><strong>HIGH QUALITY SOLE:<\/strong><br \/>\nThe sole material has many advantages, including: it insulates the foot perfectly against the cold and is waterproof, the weather outside the window will no longer be your worry! In addition, thunit is abrasion-resistant.<\/p>\n<p><strong>LEATHER INSIDE:<\/strong><br \/>\nLining made of supple natural leather will ensure your comfort and convenience. This makes the footwear ideal for everyday use.<\/p>\n<p><strong>NATURAL LEATHER:<\/strong><br \/>\nFootwear made of natural leather has the ability to &#8216;breathe&#8217;, this will guarantee comfort and adequate air circulation.<\/p>\n<p><strong>GRAIN LEATHER:<\/strong><br \/>\nGrain leather is a properly processed top layer of leather with a smooth texture. It is performed to enhance the aesthetic value of the skin surface.<\/p>\n<p><strong>DECORATIVE UPPER:<\/strong><br \/>\nManuel brogues are distinguished by decorative punching throughout the upper. This will give a unique look to the shoes themselves and accentuate the overall styling.<\/p>\n<h3>Why choose handmade footwear?<\/h3>\n<p>We produce footwear purchased on our website as soon as an order is placed, so your new acquisition is not sitting in a warehouse and is created especially for you. The distinguishing feature of handmade footwear is its workmanship used, are the most qualitative subjects for footwear production. Leather shoes emphasise style and elegance also the personality of the man who owns them, in line with our slogan &#8220;YOUR SHOES YOUR IMAGE&#8221;.<\/p>\n<h3><span style=\"color: #ff0000;\">WHEN CHOOSING YOUR SIZE, WE RECOMMEND USING THE SIZE CHART!<\/span><\/h3>\n<p>IF YOU ARE INTERESTED IN A COLOUR THAT IS NOT AVAILABLE FOR SELECTION ON OUR WEBSITE, PLEASE CONTACT US, WE WILL SUGGEST COLOURS THAT WE HAVE IN STOCK.<\/p>\n","protected":false},"excerpt":{"rendered":"<p><span style=\"font-weight: 400;\"><strong>COLOUR:<\/strong> BROWN<\/span><span style=\"font-weight: 400;\"><br \/>\n<\/span><span style=\"font-weight: 400;\"><strong>EXTERIOR MATERIAL:<\/strong> NATURAL LEATHER<\/span><span style=\"font-weight: 400;\"><br \/>\n<\/span><span style=\"font-weight: 400;\"><strong>INTERIOR MATERIAL:<\/strong> NATURAL LEATHER<\/span><span style=\"font-weight: 400;\"><br \/>\n<\/span><span style=\"font-weight: 400;\"><strong>HEEL HEIGHT:<\/strong> 2,5cm<\/span><span style=\"font-weight: 400;\"><br \/>\n<\/span><span style=\"font-weight: 400;\"><strong>SOLE:<\/strong> THUNIT<\/span><\/p>\n<p><span style=\"font-weight: 400;\"> <\/span><\/p>\n<p>&nbsp;<\/p>\n","protected":false},"featured_media":11015,"comment_status":"open","ping_status":"closed","template":"","meta":[],"product_cat":[167],"product_tag":[],"class_list":{"0":"post-6645","1":"product","2":"type-product","3":"status-publish","4":"has-post-thumbnail","6":"product_cat-brogues","8":"first","9":"instock","10":"taxable","11":"shipping-taxable","12":"purchasable","13":"product-type-variable"},"acf":[],"yoast_head":"<!-- This site is optimized with the Yoast SEO plugin v27.3 - https:\/\/yoast.com\/product\/yoast-seo-wordpress\/ -->\n<title>Brown Men&#039;s Leather Brogues Shoes Manuel<\/title>\n<meta name=\"description\" content=\"The brogues are distinguished by decorative punching throughout the upper. This will give a unique look to the shoes themselves and accentuate the overall styling.\" \/>\n<meta name=\"robots\" content=\"index, follow, max-snippet:-1, max-image-preview:large, max-video-preview:-1\" \/>\n<link rel=\"canonical\" href=\"https:\/\/makzashoes.com\/en\/sklep\/brogues\/oxfords-manuel-brown\/\" \/>\n<meta property=\"og:locale\" content=\"en_US\" \/>\n<meta property=\"og:type\" content=\"article\" \/>\n<meta property=\"og:title\" content=\"Brown Men&#039;s Leather Brogues Shoes Manuel\" \/>\n<meta property=\"og:description\" content=\"The brogues are distinguished by decorative punching throughout the upper. This will give a unique look to the shoes themselves and accentuate the overall styling.\" \/>\n<meta property=\"og:url\" content=\"https:\/\/makzashoes.com\/en\/sklep\/brogues\/oxfords-manuel-brown\/\" \/>\n<meta property=\"og:site_name\" content=\"Makza Shoes\" \/>\n<meta property=\"article:modified_time\" content=\"2023-08-01T19:54:01+00:00\" \/>\n<meta property=\"og:image\" content=\"https:\/\/makzashoes.com\/wp-content\/uploads\/2022\/07\/IMG_6321.jpg\" \/>\n\t<meta property=\"og:image:width\" content=\"1299\" \/>\n\t<meta property=\"og:image:height\" content=\"945\" \/>\n\t<meta property=\"og:image:type\" content=\"image\/jpeg\" \/>\n<meta name=\"twitter:card\" content=\"summary_large_image\" \/>\n<meta name=\"twitter:label1\" content=\"Est. reading time\" \/>\n\t<meta name=\"twitter:data1\" content=\"2 minutes\" \/>\n<script type=\"application\/ld+json\" class=\"yoast-schema-graph\">{\"@context\":\"https:\\\/\\\/schema.org\",\"@graph\":[{\"@type\":\"WebPage\",\"@id\":\"https:\\\/\\\/makzashoes.com\\\/en\\\/sklep\\\/brogues\\\/oxfords-manuel-brown\\\/\",\"url\":\"https:\\\/\\\/makzashoes.com\\\/en\\\/sklep\\\/brogues\\\/oxfords-manuel-brown\\\/\",\"name\":\"Brown Men's Leather Brogues Shoes Manuel\",\"isPartOf\":{\"@id\":\"https:\\\/\\\/makzashoes.com\\\/en\\\/#website\"},\"primaryImageOfPage\":{\"@id\":\"https:\\\/\\\/makzashoes.com\\\/en\\\/sklep\\\/brogues\\\/oxfords-manuel-brown\\\/#primaryimage\"},\"image\":{\"@id\":\"https:\\\/\\\/makzashoes.com\\\/en\\\/sklep\\\/brogues\\\/oxfords-manuel-brown\\\/#primaryimage\"},\"thumbnailUrl\":\"https:\\\/\\\/makzashoes.com\\\/wp-content\\\/uploads\\\/2022\\\/07\\\/IMG_6321.jpg\",\"datePublished\":\"2022-02-21T08:04:54+00:00\",\"dateModified\":\"2023-08-01T19:54:01+00:00\",\"description\":\"The brogues are distinguished by decorative punching throughout the upper. This will give a unique look to the shoes themselves and accentuate the overall styling.\",\"breadcrumb\":{\"@id\":\"https:\\\/\\\/makzashoes.com\\\/en\\\/sklep\\\/brogues\\\/oxfords-manuel-brown\\\/#breadcrumb\"},\"inLanguage\":\"en-US\",\"potentialAction\":[{\"@type\":\"ReadAction\",\"target\":[\"https:\\\/\\\/makzashoes.com\\\/en\\\/sklep\\\/brogues\\\/oxfords-manuel-brown\\\/\"]}]},{\"@type\":\"ImageObject\",\"inLanguage\":\"en-US\",\"@id\":\"https:\\\/\\\/makzashoes.com\\\/en\\\/sklep\\\/brogues\\\/oxfords-manuel-brown\\\/#primaryimage\",\"url\":\"https:\\\/\\\/makzashoes.com\\\/wp-content\\\/uploads\\\/2022\\\/07\\\/IMG_6321.jpg\",\"contentUrl\":\"https:\\\/\\\/makzashoes.com\\\/wp-content\\\/uploads\\\/2022\\\/07\\\/IMG_6321.jpg\",\"width\":1299,\"height\":945},{\"@type\":\"BreadcrumbList\",\"@id\":\"https:\\\/\\\/makzashoes.com\\\/en\\\/sklep\\\/brogues\\\/oxfords-manuel-brown\\\/#breadcrumb\",\"itemListElement\":[{\"@type\":\"ListItem\",\"position\":1,\"name\":\"Homepage\",\"item\":\"https:\\\/\\\/makzashoes.com\\\/en\\\/\"},{\"@type\":\"ListItem\",\"position\":2,\"name\":\"Store\",\"item\":\"https:\\\/\\\/makzashoes.com\\\/en\\\/shop\\\/\"},{\"@type\":\"ListItem\",\"position\":3,\"name\":\"Brown Men&#8217;s Leather Brogues Shoes Manuel\"}]},{\"@type\":\"WebSite\",\"@id\":\"https:\\\/\\\/makzashoes.com\\\/en\\\/#website\",\"url\":\"https:\\\/\\\/makzashoes.com\\\/en\\\/\",\"name\":\"Makza Shoes\",\"description\":\"R\u0119cznie robione buty m\u0119skie i damskie na ka\u017cd\u0105 okazj\u0119\",\"publisher\":{\"@id\":\"https:\\\/\\\/makzashoes.com\\\/en\\\/#organization\"},\"alternateName\":\"M\u0119skie obuwie\",\"potentialAction\":[{\"@type\":\"SearchAction\",\"target\":{\"@type\":\"EntryPoint\",\"urlTemplate\":\"https:\\\/\\\/makzashoes.com\\\/en\\\/?s={search_term_string}\"},\"query-input\":{\"@type\":\"PropertyValueSpecification\",\"valueRequired\":true,\"valueName\":\"search_term_string\"}}],\"inLanguage\":\"en-US\"},{\"@type\":\"Organization\",\"@id\":\"https:\\\/\\\/makzashoes.com\\\/en\\\/#organization\",\"name\":\"Makza Shoes\",\"url\":\"https:\\\/\\\/makzashoes.com\\\/en\\\/\",\"logo\":{\"@type\":\"ImageObject\",\"inLanguage\":\"en-US\",\"@id\":\"https:\\\/\\\/makzashoes.com\\\/en\\\/#\\\/schema\\\/logo\\\/image\\\/\",\"url\":\"https:\\\/\\\/makzashoes.com\\\/wp-content\\\/uploads\\\/2022\\\/06\\\/makza-shoes-buty-meskie-i-damskie.png\",\"contentUrl\":\"https:\\\/\\\/makzashoes.com\\\/wp-content\\\/uploads\\\/2022\\\/06\\\/makza-shoes-buty-meskie-i-damskie.png\",\"width\":704,\"height\":362,\"caption\":\"Makza Shoes\"},\"image\":{\"@id\":\"https:\\\/\\\/makzashoes.com\\\/en\\\/#\\\/schema\\\/logo\\\/image\\\/\"}}]}<\/script>\n<!-- \/ Yoast SEO plugin. -->","yoast_head_json":{"title":"Brown Men's Leather Brogues Shoes Manuel","description":"The brogues are distinguished by decorative punching throughout the upper. This will give a unique look to the shoes themselves and accentuate the overall styling.","robots":{"index":"index","follow":"follow","max-snippet":"max-snippet:-1","max-image-preview":"max-image-preview:large","max-video-preview":"max-video-preview:-1"},"canonical":"https:\/\/makzashoes.com\/en\/sklep\/brogues\/oxfords-manuel-brown\/","og_locale":"en_US","og_type":"article","og_title":"Brown Men's Leather Brogues Shoes Manuel","og_description":"The brogues are distinguished by decorative punching throughout the upper. This will give a unique look to the shoes themselves and accentuate the overall styling.","og_url":"https:\/\/makzashoes.com\/en\/sklep\/brogues\/oxfords-manuel-brown\/","og_site_name":"Makza Shoes","article_modified_time":"2023-08-01T19:54:01+00:00","og_image":[{"width":1299,"height":945,"url":"https:\/\/makzashoes.com\/wp-content\/uploads\/2022\/07\/IMG_6321.jpg","type":"image\/jpeg"}],"twitter_card":"summary_large_image","twitter_misc":{"Est. reading time":"2 minutes"},"schema":{"@context":"https:\/\/schema.org","@graph":[{"@type":"WebPage","@id":"https:\/\/makzashoes.com\/en\/sklep\/brogues\/oxfords-manuel-brown\/","url":"https:\/\/makzashoes.com\/en\/sklep\/brogues\/oxfords-manuel-brown\/","name":"Brown Men's Leather Brogues Shoes Manuel","isPartOf":{"@id":"https:\/\/makzashoes.com\/en\/#website"},"primaryImageOfPage":{"@id":"https:\/\/makzashoes.com\/en\/sklep\/brogues\/oxfords-manuel-brown\/#primaryimage"},"image":{"@id":"https:\/\/makzashoes.com\/en\/sklep\/brogues\/oxfords-manuel-brown\/#primaryimage"},"thumbnailUrl":"https:\/\/makzashoes.com\/wp-content\/uploads\/2022\/07\/IMG_6321.jpg","datePublished":"2022-02-21T08:04:54+00:00","dateModified":"2023-08-01T19:54:01+00:00","description":"The brogues are distinguished by decorative punching throughout the upper. This will give a unique look to the shoes themselves and accentuate the overall styling.","breadcrumb":{"@id":"https:\/\/makzashoes.com\/en\/sklep\/brogues\/oxfords-manuel-brown\/#breadcrumb"},"inLanguage":"en-US","potentialAction":[{"@type":"ReadAction","target":["https:\/\/makzashoes.com\/en\/sklep\/brogues\/oxfords-manuel-brown\/"]}]},{"@type":"ImageObject","inLanguage":"en-US","@id":"https:\/\/makzashoes.com\/en\/sklep\/brogues\/oxfords-manuel-brown\/#primaryimage","url":"https:\/\/makzashoes.com\/wp-content\/uploads\/2022\/07\/IMG_6321.jpg","contentUrl":"https:\/\/makzashoes.com\/wp-content\/uploads\/2022\/07\/IMG_6321.jpg","width":1299,"height":945},{"@type":"BreadcrumbList","@id":"https:\/\/makzashoes.com\/en\/sklep\/brogues\/oxfords-manuel-brown\/#breadcrumb","itemListElement":[{"@type":"ListItem","position":1,"name":"Homepage","item":"https:\/\/makzashoes.com\/en\/"},{"@type":"ListItem","position":2,"name":"Store","item":"https:\/\/makzashoes.com\/en\/shop\/"},{"@type":"ListItem","position":3,"name":"Brown Men&#8217;s Leather Brogues Shoes Manuel"}]},{"@type":"WebSite","@id":"https:\/\/makzashoes.com\/en\/#website","url":"https:\/\/makzashoes.com\/en\/","name":"Makza Shoes","description":"R\u0119cznie robione buty m\u0119skie i damskie na ka\u017cd\u0105 okazj\u0119","publisher":{"@id":"https:\/\/makzashoes.com\/en\/#organization"},"alternateName":"M\u0119skie obuwie","potentialAction":[{"@type":"SearchAction","target":{"@type":"EntryPoint","urlTemplate":"https:\/\/makzashoes.com\/en\/?s={search_term_string}"},"query-input":{"@type":"PropertyValueSpecification","valueRequired":true,"valueName":"search_term_string"}}],"inLanguage":"en-US"},{"@type":"Organization","@id":"https:\/\/makzashoes.com\/en\/#organization","name":"Makza Shoes","url":"https:\/\/makzashoes.com\/en\/","logo":{"@type":"ImageObject","inLanguage":"en-US","@id":"https:\/\/makzashoes.com\/en\/#\/schema\/logo\/image\/","url":"https:\/\/makzashoes.com\/wp-content\/uploads\/2022\/06\/makza-shoes-buty-meskie-i-damskie.png","contentUrl":"https:\/\/makzashoes.com\/wp-content\/uploads\/2022\/06\/makza-shoes-buty-meskie-i-damskie.png","width":704,"height":362,"caption":"Makza Shoes"},"image":{"@id":"https:\/\/makzashoes.com\/en\/#\/schema\/logo\/image\/"}}]}},"_links":{"self":[{"href":"https:\/\/makzashoes.com\/en\/wp-json\/wp\/v2\/product\/6645","targetHints":{"allow":["GET"]}}],"collection":[{"href":"https:\/\/makzashoes.com\/en\/wp-json\/wp\/v2\/product"}],"about":[{"href":"https:\/\/makzashoes.com\/en\/wp-json\/wp\/v2\/types\/product"}],"replies":[{"embeddable":true,"href":"https:\/\/makzashoes.com\/en\/wp-json\/wp\/v2\/comments?post=6645"}],"wp:featuredmedia":[{"embeddable":true,"href":"https:\/\/makzashoes.com\/en\/wp-json\/wp\/v2\/media\/11015"}],"wp:attachment":[{"href":"https:\/\/makzashoes.com\/en\/wp-json\/wp\/v2\/media?parent=6645"}],"wp:term":[{"taxonomy":"product_cat","embeddable":true,"href":"https:\/\/makzashoes.com\/en\/wp-json\/wp\/v2\/product_cat?post=6645"},{"taxonomy":"product_tag","embeddable":true,"href":"https:\/\/makzashoes.com\/en\/wp-json\/wp\/v2\/product_tag?post=6645"}],"curies":[{"name":"wp","href":"https:\/\/api.w.org\/{rel}","templated":true}]}}