{"id":5154,"date":"2022-10-06T15:10:37","date_gmt":"2022-10-06T15:10:37","guid":{"rendered":"https:\/\/makzashoes.com\/produkt\/carlos-black-olive-leather-cowboy-boots\/"},"modified":"2024-03-16T17:24:12","modified_gmt":"2024-03-16T17:24:12","slug":"black-mens-leather-cowboy-boots","status":"publish","type":"product","link":"https:\/\/makzashoes.com\/en\/sklep\/cowboy-boots\/black-mens-leather-cowboy-boots\/","title":{"rendered":"Black &amp; Olive Men;s Leather Cowboy Boots Carlos"},"content":{"rendered":"<p>Men&#8217;s cowboy boots made of high-quality leather in a large range of colours. These are shoes with a timeless design. They are characterized by exceptional workmanship with attention to detail. It is the perfect footwear for those who follow trends and love style. If you dream about cowboy boots, this MAKZA SHOES model is perfect for you.<\/p>\n<p><strong>PRACTICAL SLIDING IN:<\/strong><br \/>\nThe cowboy boots are equipped with elastic bands that will make it easy for you to put the shoes on.<\/p>\n<p><strong>LEATHER INSIDE:<\/strong><br \/>\nLining made of supple natural leather will ensure your comfort and convenience. This makes the footwear ideal for everyday use.<\/p>\n<p><strong>NATURAL LEATHER:<\/strong><br \/>\nFootwear made of natural leather has the ability to &#8216;breathe&#8217;, this will guarantee comfort and adequate air circulation.<\/p>\n<p><strong>HIGH QUALITY SOLE:<\/strong><br \/>\nThe sole material has many advantages, including: it insulates the foot perfectly against the cold and is waterproof, the weather outside the window will no longer be your worry! In addition, thunit is abrasion-resistant.<\/p>\n<p><strong>IMITATION SNAKE SKIN:<\/strong><br \/>\nThe unconventional look in the &#8216;Carlos&#8217; model is given by the snake-skin texture of the leather. If you like bold styling, this model will be perfect for you!<\/p>\n<h3>Why choose handmade footwear?<\/h3>\n<p>We produce footwear purchased on our website as soon as an order is placed, so your new acquisition is not sitting in a warehouse and is created especially for you. The distinguishing feature of handmade footwear is its workmanship used, are the most qualitative subjects for footwear production. Leather shoes emphasise style and elegance and therefore also the personality of the man who owns them, in accordance with our slogan &#8220;YOUR SHOES YOUR IMAGE&#8221;.<\/p>\n<h3><span style=\"color: #ff0000;\">WHEN CHOOSING YOUR SIZE, WE RECOMMEND USING THE SIZE CHART!<\/span><\/h3>\n<p>IF YOU ARE INTERESTED IN A COLOUR THAT IS NOT AVAILABLE FOR SELECTION ON OUR WEBSITE, PLEASE CONTACT US, WE WILL SUGGEST COLOURS THAT WE HAVE IN STOCK.<\/p>\n","protected":false},"excerpt":{"rendered":"<p><strong>COLOUR: BLACK\/OLIVE<\/strong><br \/>\n<strong>EXTERIOR MATERIAL:<\/strong> NATURAL LEATHER (IMITATION SNAKE SKIN)<br \/>\n<strong>INTERIOR MATERIAL:<\/strong> NATURAL LEATHER<br \/>\n<strong>HEEL HEIGHT:<\/strong> 4.5 cm<br \/>\n<strong>SOLE:<\/strong> THUNIT<\/p>\n","protected":false},"featured_media":5111,"comment_status":"open","ping_status":"closed","template":"","meta":[],"product_cat":[162],"product_tag":[],"class_list":{"0":"post-5154","1":"product","2":"type-product","3":"status-publish","4":"has-post-thumbnail","6":"product_cat-cowboy-boots","8":"first","9":"instock","10":"taxable","11":"shipping-taxable","12":"purchasable","13":"product-type-variable"},"acf":[],"yoast_head":"<!-- This site is optimized with the Yoast SEO plugin v27.3 - https:\/\/yoast.com\/product\/yoast-seo-wordpress\/ -->\n<title>Men&#039;s black leather cowboy boots | Makza Shoes<\/title>\n<meta name=\"description\" content=\"Men&#039;s cowboy boots made of high-quality leather in a wide range of colors. These are shoes with a timeless design.\" \/>\n<meta name=\"robots\" content=\"index, follow, max-snippet:-1, max-image-preview:large, max-video-preview:-1\" \/>\n<link rel=\"canonical\" href=\"https:\/\/makzashoes.com\/en\/sklep\/cowboy-boots\/black-mens-leather-cowboy-boots\/\" \/>\n<meta property=\"og:locale\" content=\"en_US\" \/>\n<meta property=\"og:type\" content=\"article\" \/>\n<meta property=\"og:title\" content=\"Men&#039;s black leather cowboy boots | Makza Shoes\" \/>\n<meta property=\"og:description\" content=\"Men&#039;s cowboy boots made of high-quality leather in a wide range of colors. These are shoes with a timeless design.\" \/>\n<meta property=\"og:url\" content=\"https:\/\/makzashoes.com\/en\/sklep\/cowboy-boots\/black-mens-leather-cowboy-boots\/\" \/>\n<meta property=\"og:site_name\" content=\"Makza Shoes\" \/>\n<meta property=\"article:modified_time\" content=\"2024-03-16T17:24:12+00:00\" \/>\n<meta property=\"og:image\" content=\"https:\/\/makzashoes.com\/wp-content\/uploads\/2022\/10\/Zielone-kowbojki-meskie-skorzane-2.jpg\" \/>\n\t<meta property=\"og:image:width\" content=\"1299\" \/>\n\t<meta property=\"og:image:height\" content=\"945\" \/>\n\t<meta property=\"og:image:type\" content=\"image\/jpeg\" \/>\n<meta name=\"twitter:card\" content=\"summary_large_image\" \/>\n<meta name=\"twitter:label1\" content=\"Est. reading time\" \/>\n\t<meta name=\"twitter:data1\" content=\"2 minutes\" \/>\n<script type=\"application\/ld+json\" class=\"yoast-schema-graph\">{\"@context\":\"https:\\\/\\\/schema.org\",\"@graph\":[{\"@type\":\"WebPage\",\"@id\":\"https:\\\/\\\/makzashoes.com\\\/en\\\/sklep\\\/cowboy-boots\\\/black-mens-leather-cowboy-boots\\\/\",\"url\":\"https:\\\/\\\/makzashoes.com\\\/en\\\/sklep\\\/cowboy-boots\\\/black-mens-leather-cowboy-boots\\\/\",\"name\":\"Men's black leather cowboy boots | Makza Shoes\",\"isPartOf\":{\"@id\":\"https:\\\/\\\/makzashoes.com\\\/en\\\/#website\"},\"primaryImageOfPage\":{\"@id\":\"https:\\\/\\\/makzashoes.com\\\/en\\\/sklep\\\/cowboy-boots\\\/black-mens-leather-cowboy-boots\\\/#primaryimage\"},\"image\":{\"@id\":\"https:\\\/\\\/makzashoes.com\\\/en\\\/sklep\\\/cowboy-boots\\\/black-mens-leather-cowboy-boots\\\/#primaryimage\"},\"thumbnailUrl\":\"https:\\\/\\\/makzashoes.com\\\/wp-content\\\/uploads\\\/2022\\\/10\\\/Zielone-kowbojki-meskie-skorzane-2.jpg\",\"datePublished\":\"2022-10-06T15:10:37+00:00\",\"dateModified\":\"2024-03-16T17:24:12+00:00\",\"description\":\"Men's cowboy boots made of high-quality leather in a wide range of colors. These are shoes with a timeless design.\",\"breadcrumb\":{\"@id\":\"https:\\\/\\\/makzashoes.com\\\/en\\\/sklep\\\/cowboy-boots\\\/black-mens-leather-cowboy-boots\\\/#breadcrumb\"},\"inLanguage\":\"en-US\",\"potentialAction\":[{\"@type\":\"ReadAction\",\"target\":[\"https:\\\/\\\/makzashoes.com\\\/en\\\/sklep\\\/cowboy-boots\\\/black-mens-leather-cowboy-boots\\\/\"]}]},{\"@type\":\"ImageObject\",\"inLanguage\":\"en-US\",\"@id\":\"https:\\\/\\\/makzashoes.com\\\/en\\\/sklep\\\/cowboy-boots\\\/black-mens-leather-cowboy-boots\\\/#primaryimage\",\"url\":\"https:\\\/\\\/makzashoes.com\\\/wp-content\\\/uploads\\\/2022\\\/10\\\/Zielone-kowbojki-meskie-skorzane-2.jpg\",\"contentUrl\":\"https:\\\/\\\/makzashoes.com\\\/wp-content\\\/uploads\\\/2022\\\/10\\\/Zielone-kowbojki-meskie-skorzane-2.jpg\",\"width\":1299,\"height\":945},{\"@type\":\"BreadcrumbList\",\"@id\":\"https:\\\/\\\/makzashoes.com\\\/en\\\/sklep\\\/cowboy-boots\\\/black-mens-leather-cowboy-boots\\\/#breadcrumb\",\"itemListElement\":[{\"@type\":\"ListItem\",\"position\":1,\"name\":\"Homepage\",\"item\":\"https:\\\/\\\/makzashoes.com\\\/en\\\/\"},{\"@type\":\"ListItem\",\"position\":2,\"name\":\"Store\",\"item\":\"https:\\\/\\\/makzashoes.com\\\/en\\\/shop\\\/\"},{\"@type\":\"ListItem\",\"position\":3,\"name\":\"Black &amp; Olive Men;s Leather Cowboy Boots Carlos\"}]},{\"@type\":\"WebSite\",\"@id\":\"https:\\\/\\\/makzashoes.com\\\/en\\\/#website\",\"url\":\"https:\\\/\\\/makzashoes.com\\\/en\\\/\",\"name\":\"Makza Shoes\",\"description\":\"R\u0119cznie robione buty m\u0119skie i damskie na ka\u017cd\u0105 okazj\u0119\",\"publisher\":{\"@id\":\"https:\\\/\\\/makzashoes.com\\\/en\\\/#organization\"},\"alternateName\":\"M\u0119skie obuwie\",\"potentialAction\":[{\"@type\":\"SearchAction\",\"target\":{\"@type\":\"EntryPoint\",\"urlTemplate\":\"https:\\\/\\\/makzashoes.com\\\/en\\\/?s={search_term_string}\"},\"query-input\":{\"@type\":\"PropertyValueSpecification\",\"valueRequired\":true,\"valueName\":\"search_term_string\"}}],\"inLanguage\":\"en-US\"},{\"@type\":\"Organization\",\"@id\":\"https:\\\/\\\/makzashoes.com\\\/en\\\/#organization\",\"name\":\"Makza Shoes\",\"url\":\"https:\\\/\\\/makzashoes.com\\\/en\\\/\",\"logo\":{\"@type\":\"ImageObject\",\"inLanguage\":\"en-US\",\"@id\":\"https:\\\/\\\/makzashoes.com\\\/en\\\/#\\\/schema\\\/logo\\\/image\\\/\",\"url\":\"https:\\\/\\\/makzashoes.com\\\/wp-content\\\/uploads\\\/2022\\\/06\\\/makza-shoes-buty-meskie-i-damskie.png\",\"contentUrl\":\"https:\\\/\\\/makzashoes.com\\\/wp-content\\\/uploads\\\/2022\\\/06\\\/makza-shoes-buty-meskie-i-damskie.png\",\"width\":704,\"height\":362,\"caption\":\"Makza Shoes\"},\"image\":{\"@id\":\"https:\\\/\\\/makzashoes.com\\\/en\\\/#\\\/schema\\\/logo\\\/image\\\/\"}}]}<\/script>\n<!-- \/ Yoast SEO plugin. -->","yoast_head_json":{"title":"Men's black leather cowboy boots | Makza Shoes","description":"Men's cowboy boots made of high-quality leather in a wide range of colors. These are shoes with a timeless design.","robots":{"index":"index","follow":"follow","max-snippet":"max-snippet:-1","max-image-preview":"max-image-preview:large","max-video-preview":"max-video-preview:-1"},"canonical":"https:\/\/makzashoes.com\/en\/sklep\/cowboy-boots\/black-mens-leather-cowboy-boots\/","og_locale":"en_US","og_type":"article","og_title":"Men's black leather cowboy boots | Makza Shoes","og_description":"Men's cowboy boots made of high-quality leather in a wide range of colors. These are shoes with a timeless design.","og_url":"https:\/\/makzashoes.com\/en\/sklep\/cowboy-boots\/black-mens-leather-cowboy-boots\/","og_site_name":"Makza Shoes","article_modified_time":"2024-03-16T17:24:12+00:00","og_image":[{"width":1299,"height":945,"url":"https:\/\/makzashoes.com\/wp-content\/uploads\/2022\/10\/Zielone-kowbojki-meskie-skorzane-2.jpg","type":"image\/jpeg"}],"twitter_card":"summary_large_image","twitter_misc":{"Est. reading time":"2 minutes"},"schema":{"@context":"https:\/\/schema.org","@graph":[{"@type":"WebPage","@id":"https:\/\/makzashoes.com\/en\/sklep\/cowboy-boots\/black-mens-leather-cowboy-boots\/","url":"https:\/\/makzashoes.com\/en\/sklep\/cowboy-boots\/black-mens-leather-cowboy-boots\/","name":"Men's black leather cowboy boots | Makza Shoes","isPartOf":{"@id":"https:\/\/makzashoes.com\/en\/#website"},"primaryImageOfPage":{"@id":"https:\/\/makzashoes.com\/en\/sklep\/cowboy-boots\/black-mens-leather-cowboy-boots\/#primaryimage"},"image":{"@id":"https:\/\/makzashoes.com\/en\/sklep\/cowboy-boots\/black-mens-leather-cowboy-boots\/#primaryimage"},"thumbnailUrl":"https:\/\/makzashoes.com\/wp-content\/uploads\/2022\/10\/Zielone-kowbojki-meskie-skorzane-2.jpg","datePublished":"2022-10-06T15:10:37+00:00","dateModified":"2024-03-16T17:24:12+00:00","description":"Men's cowboy boots made of high-quality leather in a wide range of colors. These are shoes with a timeless design.","breadcrumb":{"@id":"https:\/\/makzashoes.com\/en\/sklep\/cowboy-boots\/black-mens-leather-cowboy-boots\/#breadcrumb"},"inLanguage":"en-US","potentialAction":[{"@type":"ReadAction","target":["https:\/\/makzashoes.com\/en\/sklep\/cowboy-boots\/black-mens-leather-cowboy-boots\/"]}]},{"@type":"ImageObject","inLanguage":"en-US","@id":"https:\/\/makzashoes.com\/en\/sklep\/cowboy-boots\/black-mens-leather-cowboy-boots\/#primaryimage","url":"https:\/\/makzashoes.com\/wp-content\/uploads\/2022\/10\/Zielone-kowbojki-meskie-skorzane-2.jpg","contentUrl":"https:\/\/makzashoes.com\/wp-content\/uploads\/2022\/10\/Zielone-kowbojki-meskie-skorzane-2.jpg","width":1299,"height":945},{"@type":"BreadcrumbList","@id":"https:\/\/makzashoes.com\/en\/sklep\/cowboy-boots\/black-mens-leather-cowboy-boots\/#breadcrumb","itemListElement":[{"@type":"ListItem","position":1,"name":"Homepage","item":"https:\/\/makzashoes.com\/en\/"},{"@type":"ListItem","position":2,"name":"Store","item":"https:\/\/makzashoes.com\/en\/shop\/"},{"@type":"ListItem","position":3,"name":"Black &amp; Olive Men;s Leather Cowboy Boots Carlos"}]},{"@type":"WebSite","@id":"https:\/\/makzashoes.com\/en\/#website","url":"https:\/\/makzashoes.com\/en\/","name":"Makza Shoes","description":"R\u0119cznie robione buty m\u0119skie i damskie na ka\u017cd\u0105 okazj\u0119","publisher":{"@id":"https:\/\/makzashoes.com\/en\/#organization"},"alternateName":"M\u0119skie obuwie","potentialAction":[{"@type":"SearchAction","target":{"@type":"EntryPoint","urlTemplate":"https:\/\/makzashoes.com\/en\/?s={search_term_string}"},"query-input":{"@type":"PropertyValueSpecification","valueRequired":true,"valueName":"search_term_string"}}],"inLanguage":"en-US"},{"@type":"Organization","@id":"https:\/\/makzashoes.com\/en\/#organization","name":"Makza Shoes","url":"https:\/\/makzashoes.com\/en\/","logo":{"@type":"ImageObject","inLanguage":"en-US","@id":"https:\/\/makzashoes.com\/en\/#\/schema\/logo\/image\/","url":"https:\/\/makzashoes.com\/wp-content\/uploads\/2022\/06\/makza-shoes-buty-meskie-i-damskie.png","contentUrl":"https:\/\/makzashoes.com\/wp-content\/uploads\/2022\/06\/makza-shoes-buty-meskie-i-damskie.png","width":704,"height":362,"caption":"Makza Shoes"},"image":{"@id":"https:\/\/makzashoes.com\/en\/#\/schema\/logo\/image\/"}}]}},"_links":{"self":[{"href":"https:\/\/makzashoes.com\/en\/wp-json\/wp\/v2\/product\/5154","targetHints":{"allow":["GET"]}}],"collection":[{"href":"https:\/\/makzashoes.com\/en\/wp-json\/wp\/v2\/product"}],"about":[{"href":"https:\/\/makzashoes.com\/en\/wp-json\/wp\/v2\/types\/product"}],"replies":[{"embeddable":true,"href":"https:\/\/makzashoes.com\/en\/wp-json\/wp\/v2\/comments?post=5154"}],"wp:featuredmedia":[{"embeddable":true,"href":"https:\/\/makzashoes.com\/en\/wp-json\/wp\/v2\/media\/5111"}],"wp:attachment":[{"href":"https:\/\/makzashoes.com\/en\/wp-json\/wp\/v2\/media?parent=5154"}],"wp:term":[{"taxonomy":"product_cat","embeddable":true,"href":"https:\/\/makzashoes.com\/en\/wp-json\/wp\/v2\/product_cat?post=5154"},{"taxonomy":"product_tag","embeddable":true,"href":"https:\/\/makzashoes.com\/en\/wp-json\/wp\/v2\/product_tag?post=5154"}],"curies":[{"name":"wp","href":"https:\/\/api.w.org\/{rel}","templated":true}]}}