{"id":15494,"date":"2025-03-31T17:26:36","date_gmt":"2025-03-31T17:26:36","guid":{"rendered":"https:\/\/makzashoes.com\/sklep\/uncategorized\/mens-leather-moccasins-red-suede-michael\/"},"modified":"2025-03-31T17:26:36","modified_gmt":"2025-03-31T17:26:36","slug":"mens-leather-moccasins-red-suede-michael","status":"publish","type":"product","link":"https:\/\/makzashoes.com\/en\/sklep\/moccasins\/mens-leather-moccasins-red-suede-michael\/","title":{"rendered":"Men&#8217;s Leather Moccasins Red Suede Michael"},"content":{"rendered":"<p data-start=\"58\" data-end=\"360\">Leather loafers are footwear that completes any men\u2019s outfit. Pair them with suit trousers or chinos. When choosing men\u2019s loafers, it\u2019s worth opting for genuine leather, as only it allows your feet to breathe. These are perfect shoes for men who value comfort and want to look stylish even on hot days.<\/p>\n<p data-start=\"362\" data-end=\"534\"><strong data-start=\"362\" data-end=\"381\">Genuine Leather<\/strong><br data-start=\"381\" data-end=\"384\" \/>Footwear made of genuine leather \u201cbreathes,\u201d providing comfort all day long. As a result, your feet won\u2019t tire and will stay fresh throughout the day.<\/p>\n<p data-start=\"536\" data-end=\"702\"><strong data-start=\"536\" data-end=\"553\">Suede Leather<\/strong><br data-start=\"553\" data-end=\"556\" \/>It is light, soft, and comfortable. It pairs perfectly with various styles \u2014 from formal to business \u2014 so you can match the shoes with any outfit.<\/p>\n<p data-start=\"704\" data-end=\"857\"><strong data-start=\"704\" data-end=\"722\">Leather Lining<\/strong><br data-start=\"722\" data-end=\"725\" \/>The soft leather lining perfectly adapts to the shape of your foot, ensuring proper positioning inside the shoe and all-day comfort.<\/p>\n<p data-start=\"859\" data-end=\"989\"><strong data-start=\"859\" data-end=\"887\">Practical Slip-On Design<\/strong><br data-start=\"887\" data-end=\"890\" \/>Loafers guarantee convenience because you can put them on and take them off in the blink of an eye.<\/p>\n<p data-start=\"1205\" data-end=\"1588\"><strong data-start=\"1205\" data-end=\"1235\">Why Choose Handmade Shoes?<\/strong><br data-start=\"1235\" data-end=\"1238\" \/>When you buy shoes from our website, you invest in a model made especially to your order. Each pair is handcrafted by our shoemakers. This guarantees that these are not shoes sitting in stock for months. Such shoes are not only an expression of style and elegance but also a reflection of the owner\u2019s personality. Remember \u2014 \u201cYour shoes, your image.\u201d<\/p>\n<p data-start=\"1590\" data-end=\"1685\"><strong data-start=\"1590\" data-end=\"1623\">Which Size Should You Choose?<\/strong><br data-start=\"1623\" data-end=\"1626\" \/>We recommend using our size chart when selecting your size.<\/p>\n<p data-start=\"1687\" data-end=\"1839\"><strong data-start=\"1687\" data-end=\"1719\">Interested in Another Color?<\/strong><br data-start=\"1719\" data-end=\"1722\" \/>If you are interested in a color not available on our website, contact us. We will suggest colors currently in stock.<\/p>\n","protected":false},"excerpt":{"rendered":"<p>COLOUR: RED<br \/>\nOUTER MATERIAL: GENUINE SUEDE LEATHER<br \/>\nINNER MATERIAL: GENUINE LEATHER<br \/>\nHEEL HEIGHT: 2.5 cm<\/p>\n","protected":false},"featured_media":14819,"comment_status":"open","ping_status":"closed","template":"","meta":[],"product_cat":[166],"product_tag":[],"class_list":{"0":"post-15494","1":"product","2":"type-product","3":"status-publish","4":"has-post-thumbnail","6":"product_cat-moccasins","8":"first","9":"instock","10":"taxable","11":"shipping-taxable","12":"purchasable","13":"product-type-variable"},"acf":[],"yoast_head":"<!-- This site is optimized with the Yoast SEO plugin v27.3 - https:\/\/yoast.com\/product\/yoast-seo-wordpress\/ -->\n<title>Men&#039;s Leather Moccasins Red Suede Michael<\/title>\n<meta name=\"description\" content=\"Suede leather It is light, soft and comfortable. It perfectly matches various styles - from formal to business, so you can match the shoes to any outfit\" \/>\n<meta name=\"robots\" content=\"index, follow, max-snippet:-1, max-image-preview:large, max-video-preview:-1\" \/>\n<link rel=\"canonical\" href=\"https:\/\/makzashoes.com\/en\/sklep\/moccasins\/mens-leather-moccasins-red-suede-michael\/\" \/>\n<meta property=\"og:locale\" content=\"en_US\" \/>\n<meta property=\"og:type\" content=\"article\" \/>\n<meta property=\"og:title\" content=\"Men&#039;s Leather Moccasins Red Suede Michael\" \/>\n<meta property=\"og:description\" content=\"Suede leather It is light, soft and comfortable. It perfectly matches various styles - from formal to business, so you can match the shoes to any outfit\" \/>\n<meta property=\"og:url\" content=\"https:\/\/makzashoes.com\/en\/sklep\/moccasins\/mens-leather-moccasins-red-suede-michael\/\" \/>\n<meta property=\"og:site_name\" content=\"Makza Shoes\" \/>\n<meta property=\"og:image\" content=\"https:\/\/makzashoes.com\/wp-content\/uploads\/2025\/03\/Mokasyny-meskie-czerwony-zamsz-1.jpg\" \/>\n\t<meta property=\"og:image:width\" content=\"1080\" \/>\n\t<meta property=\"og:image:height\" content=\"786\" \/>\n\t<meta property=\"og:image:type\" content=\"image\/jpeg\" \/>\n<meta name=\"twitter:card\" content=\"summary_large_image\" \/>\n<meta name=\"twitter:label1\" content=\"Est. reading time\" \/>\n\t<meta name=\"twitter:data1\" content=\"1 minute\" \/>\n<script type=\"application\/ld+json\" class=\"yoast-schema-graph\">{\"@context\":\"https:\\\/\\\/schema.org\",\"@graph\":[{\"@type\":\"WebPage\",\"@id\":\"https:\\\/\\\/makzashoes.com\\\/en\\\/sklep\\\/moccasins\\\/mens-leather-moccasins-red-suede-michael\\\/\",\"url\":\"https:\\\/\\\/makzashoes.com\\\/en\\\/sklep\\\/moccasins\\\/mens-leather-moccasins-red-suede-michael\\\/\",\"name\":\"Men's Leather Moccasins Red Suede Michael\",\"isPartOf\":{\"@id\":\"https:\\\/\\\/makzashoes.com\\\/en\\\/#website\"},\"primaryImageOfPage\":{\"@id\":\"https:\\\/\\\/makzashoes.com\\\/en\\\/sklep\\\/moccasins\\\/mens-leather-moccasins-red-suede-michael\\\/#primaryimage\"},\"image\":{\"@id\":\"https:\\\/\\\/makzashoes.com\\\/en\\\/sklep\\\/moccasins\\\/mens-leather-moccasins-red-suede-michael\\\/#primaryimage\"},\"thumbnailUrl\":\"https:\\\/\\\/makzashoes.com\\\/wp-content\\\/uploads\\\/2025\\\/03\\\/Mokasyny-meskie-czerwony-zamsz-1.jpg\",\"datePublished\":\"2025-03-31T17:26:36+00:00\",\"description\":\"Suede leather It is light, soft and comfortable. It perfectly matches various styles - from formal to business, so you can match the shoes to any outfit\",\"breadcrumb\":{\"@id\":\"https:\\\/\\\/makzashoes.com\\\/en\\\/sklep\\\/moccasins\\\/mens-leather-moccasins-red-suede-michael\\\/#breadcrumb\"},\"inLanguage\":\"en-US\",\"potentialAction\":[{\"@type\":\"ReadAction\",\"target\":[\"https:\\\/\\\/makzashoes.com\\\/en\\\/sklep\\\/moccasins\\\/mens-leather-moccasins-red-suede-michael\\\/\"]}]},{\"@type\":\"ImageObject\",\"inLanguage\":\"en-US\",\"@id\":\"https:\\\/\\\/makzashoes.com\\\/en\\\/sklep\\\/moccasins\\\/mens-leather-moccasins-red-suede-michael\\\/#primaryimage\",\"url\":\"https:\\\/\\\/makzashoes.com\\\/wp-content\\\/uploads\\\/2025\\\/03\\\/Mokasyny-meskie-czerwony-zamsz-1.jpg\",\"contentUrl\":\"https:\\\/\\\/makzashoes.com\\\/wp-content\\\/uploads\\\/2025\\\/03\\\/Mokasyny-meskie-czerwony-zamsz-1.jpg\",\"width\":1080,\"height\":786},{\"@type\":\"BreadcrumbList\",\"@id\":\"https:\\\/\\\/makzashoes.com\\\/en\\\/sklep\\\/moccasins\\\/mens-leather-moccasins-red-suede-michael\\\/#breadcrumb\",\"itemListElement\":[{\"@type\":\"ListItem\",\"position\":1,\"name\":\"Homepage\",\"item\":\"https:\\\/\\\/makzashoes.com\\\/en\\\/\"},{\"@type\":\"ListItem\",\"position\":2,\"name\":\"Store\",\"item\":\"https:\\\/\\\/makzashoes.com\\\/en\\\/shop\\\/\"},{\"@type\":\"ListItem\",\"position\":3,\"name\":\"Men&#8217;s Leather Moccasins Red Suede Michael\"}]},{\"@type\":\"WebSite\",\"@id\":\"https:\\\/\\\/makzashoes.com\\\/en\\\/#website\",\"url\":\"https:\\\/\\\/makzashoes.com\\\/en\\\/\",\"name\":\"Makza Shoes\",\"description\":\"R\u0119cznie robione buty m\u0119skie i damskie na ka\u017cd\u0105 okazj\u0119\",\"publisher\":{\"@id\":\"https:\\\/\\\/makzashoes.com\\\/en\\\/#organization\"},\"alternateName\":\"M\u0119skie obuwie\",\"potentialAction\":[{\"@type\":\"SearchAction\",\"target\":{\"@type\":\"EntryPoint\",\"urlTemplate\":\"https:\\\/\\\/makzashoes.com\\\/en\\\/?s={search_term_string}\"},\"query-input\":{\"@type\":\"PropertyValueSpecification\",\"valueRequired\":true,\"valueName\":\"search_term_string\"}}],\"inLanguage\":\"en-US\"},{\"@type\":\"Organization\",\"@id\":\"https:\\\/\\\/makzashoes.com\\\/en\\\/#organization\",\"name\":\"Makza Shoes\",\"url\":\"https:\\\/\\\/makzashoes.com\\\/en\\\/\",\"logo\":{\"@type\":\"ImageObject\",\"inLanguage\":\"en-US\",\"@id\":\"https:\\\/\\\/makzashoes.com\\\/en\\\/#\\\/schema\\\/logo\\\/image\\\/\",\"url\":\"https:\\\/\\\/makzashoes.com\\\/wp-content\\\/uploads\\\/2022\\\/06\\\/makza-shoes-buty-meskie-i-damskie.png\",\"contentUrl\":\"https:\\\/\\\/makzashoes.com\\\/wp-content\\\/uploads\\\/2022\\\/06\\\/makza-shoes-buty-meskie-i-damskie.png\",\"width\":704,\"height\":362,\"caption\":\"Makza Shoes\"},\"image\":{\"@id\":\"https:\\\/\\\/makzashoes.com\\\/en\\\/#\\\/schema\\\/logo\\\/image\\\/\"}}]}<\/script>\n<!-- \/ Yoast SEO plugin. -->","yoast_head_json":{"title":"Men's Leather Moccasins Red Suede Michael","description":"Suede leather It is light, soft and comfortable. It perfectly matches various styles - from formal to business, so you can match the shoes to any outfit","robots":{"index":"index","follow":"follow","max-snippet":"max-snippet:-1","max-image-preview":"max-image-preview:large","max-video-preview":"max-video-preview:-1"},"canonical":"https:\/\/makzashoes.com\/en\/sklep\/moccasins\/mens-leather-moccasins-red-suede-michael\/","og_locale":"en_US","og_type":"article","og_title":"Men's Leather Moccasins Red Suede Michael","og_description":"Suede leather It is light, soft and comfortable. It perfectly matches various styles - from formal to business, so you can match the shoes to any outfit","og_url":"https:\/\/makzashoes.com\/en\/sklep\/moccasins\/mens-leather-moccasins-red-suede-michael\/","og_site_name":"Makza Shoes","og_image":[{"width":1080,"height":786,"url":"https:\/\/makzashoes.com\/wp-content\/uploads\/2025\/03\/Mokasyny-meskie-czerwony-zamsz-1.jpg","type":"image\/jpeg"}],"twitter_card":"summary_large_image","twitter_misc":{"Est. reading time":"1 minute"},"schema":{"@context":"https:\/\/schema.org","@graph":[{"@type":"WebPage","@id":"https:\/\/makzashoes.com\/en\/sklep\/moccasins\/mens-leather-moccasins-red-suede-michael\/","url":"https:\/\/makzashoes.com\/en\/sklep\/moccasins\/mens-leather-moccasins-red-suede-michael\/","name":"Men's Leather Moccasins Red Suede Michael","isPartOf":{"@id":"https:\/\/makzashoes.com\/en\/#website"},"primaryImageOfPage":{"@id":"https:\/\/makzashoes.com\/en\/sklep\/moccasins\/mens-leather-moccasins-red-suede-michael\/#primaryimage"},"image":{"@id":"https:\/\/makzashoes.com\/en\/sklep\/moccasins\/mens-leather-moccasins-red-suede-michael\/#primaryimage"},"thumbnailUrl":"https:\/\/makzashoes.com\/wp-content\/uploads\/2025\/03\/Mokasyny-meskie-czerwony-zamsz-1.jpg","datePublished":"2025-03-31T17:26:36+00:00","description":"Suede leather It is light, soft and comfortable. It perfectly matches various styles - from formal to business, so you can match the shoes to any outfit","breadcrumb":{"@id":"https:\/\/makzashoes.com\/en\/sklep\/moccasins\/mens-leather-moccasins-red-suede-michael\/#breadcrumb"},"inLanguage":"en-US","potentialAction":[{"@type":"ReadAction","target":["https:\/\/makzashoes.com\/en\/sklep\/moccasins\/mens-leather-moccasins-red-suede-michael\/"]}]},{"@type":"ImageObject","inLanguage":"en-US","@id":"https:\/\/makzashoes.com\/en\/sklep\/moccasins\/mens-leather-moccasins-red-suede-michael\/#primaryimage","url":"https:\/\/makzashoes.com\/wp-content\/uploads\/2025\/03\/Mokasyny-meskie-czerwony-zamsz-1.jpg","contentUrl":"https:\/\/makzashoes.com\/wp-content\/uploads\/2025\/03\/Mokasyny-meskie-czerwony-zamsz-1.jpg","width":1080,"height":786},{"@type":"BreadcrumbList","@id":"https:\/\/makzashoes.com\/en\/sklep\/moccasins\/mens-leather-moccasins-red-suede-michael\/#breadcrumb","itemListElement":[{"@type":"ListItem","position":1,"name":"Homepage","item":"https:\/\/makzashoes.com\/en\/"},{"@type":"ListItem","position":2,"name":"Store","item":"https:\/\/makzashoes.com\/en\/shop\/"},{"@type":"ListItem","position":3,"name":"Men&#8217;s Leather Moccasins Red Suede Michael"}]},{"@type":"WebSite","@id":"https:\/\/makzashoes.com\/en\/#website","url":"https:\/\/makzashoes.com\/en\/","name":"Makza Shoes","description":"R\u0119cznie robione buty m\u0119skie i damskie na ka\u017cd\u0105 okazj\u0119","publisher":{"@id":"https:\/\/makzashoes.com\/en\/#organization"},"alternateName":"M\u0119skie obuwie","potentialAction":[{"@type":"SearchAction","target":{"@type":"EntryPoint","urlTemplate":"https:\/\/makzashoes.com\/en\/?s={search_term_string}"},"query-input":{"@type":"PropertyValueSpecification","valueRequired":true,"valueName":"search_term_string"}}],"inLanguage":"en-US"},{"@type":"Organization","@id":"https:\/\/makzashoes.com\/en\/#organization","name":"Makza Shoes","url":"https:\/\/makzashoes.com\/en\/","logo":{"@type":"ImageObject","inLanguage":"en-US","@id":"https:\/\/makzashoes.com\/en\/#\/schema\/logo\/image\/","url":"https:\/\/makzashoes.com\/wp-content\/uploads\/2022\/06\/makza-shoes-buty-meskie-i-damskie.png","contentUrl":"https:\/\/makzashoes.com\/wp-content\/uploads\/2022\/06\/makza-shoes-buty-meskie-i-damskie.png","width":704,"height":362,"caption":"Makza Shoes"},"image":{"@id":"https:\/\/makzashoes.com\/en\/#\/schema\/logo\/image\/"}}]}},"_links":{"self":[{"href":"https:\/\/makzashoes.com\/en\/wp-json\/wp\/v2\/product\/15494","targetHints":{"allow":["GET"]}}],"collection":[{"href":"https:\/\/makzashoes.com\/en\/wp-json\/wp\/v2\/product"}],"about":[{"href":"https:\/\/makzashoes.com\/en\/wp-json\/wp\/v2\/types\/product"}],"replies":[{"embeddable":true,"href":"https:\/\/makzashoes.com\/en\/wp-json\/wp\/v2\/comments?post=15494"}],"wp:featuredmedia":[{"embeddable":true,"href":"https:\/\/makzashoes.com\/en\/wp-json\/wp\/v2\/media\/14819"}],"wp:attachment":[{"href":"https:\/\/makzashoes.com\/en\/wp-json\/wp\/v2\/media?parent=15494"}],"wp:term":[{"taxonomy":"product_cat","embeddable":true,"href":"https:\/\/makzashoes.com\/en\/wp-json\/wp\/v2\/product_cat?post=15494"},{"taxonomy":"product_tag","embeddable":true,"href":"https:\/\/makzashoes.com\/en\/wp-json\/wp\/v2\/product_tag?post=15494"}],"curies":[{"name":"wp","href":"https:\/\/api.w.org\/{rel}","templated":true}]}}