{"id":15474,"date":"2025-03-31T17:35:40","date_gmt":"2025-03-31T17:35:40","guid":{"rendered":"https:\/\/makzashoes.com\/sklep\/uncategorized\/mens-leather-cowboy-boots-white-and-brown-carlos\/"},"modified":"2025-03-31T17:35:40","modified_gmt":"2025-03-31T17:35:40","slug":"mens-leather-cowboy-boots-white-and-brown-carlos","status":"publish","type":"product","link":"https:\/\/makzashoes.com\/en\/sklep\/cowboy-boots\/mens-leather-cowboy-boots-white-and-brown-carlos\/","title":{"rendered":"Men\u2019s Leather Cowboy Boots White and Brown Carlos"},"content":{"rendered":"<p data-start=\"51\" data-end=\"362\">Men\u2019s cowboy boots made from high-quality leather, available in a wide range of colors. These timeless design boots are crafted with exceptional attention to detail. Perfect footwear for men who follow trends and love original style. If you dream of tall cowboy boots, this MAKZA SHOES model is perfect for you.<\/p>\n<p data-start=\"364\" data-end=\"448\">PRACTICAL SLIP-ON:<br \/>\nThe cowboy boots feature elastic side panels for easy on and off.<\/p>\n<p data-start=\"450\" data-end=\"584\">LEATHER LINING:<br \/>\nThe lining made of flexible natural leather ensures comfort and convenience, making the boots ideal for everyday wear.<\/p>\n<p data-start=\"586\" data-end=\"701\">Genuine LEATHER:<br \/>\nMade from natural leather that \u201cbreathes,\u201d these boots provide comfort and proper air circulation.<\/p>\n<p data-start=\"932\" data-end=\"1088\">SNAKE SKIN EFFECT:<br \/>\nThe \u201cCarlos\u201d model features a unique snake skin texture for an eye-catching look. If you like bold styles, this model is perfect for you!<\/p>\n<p data-start=\"1090\" data-end=\"1529\">Why choose handmade footwear?<br \/>\nAll footwear purchased on our site is produced immediately after placing the order, ensuring your new boots are made especially for you, never sitting in stock. Handmade footwear is distinguished by its superior craftsmanship and the use of the highest quality materials. Leather boots highlight the style, elegance, and personality of the man who wears them, in line with our slogan: \u201cYOUR SHOES YOUR IMAGE.\u201d<\/p>\n<p data-start=\"1531\" data-end=\"1605\">SIZE SELECTION:<br \/>\nWe recommend using our size chart when choosing your size.<\/p>\n<p data-start=\"1607\" data-end=\"1731\" data-is-last-node=\"\" data-is-only-node=\"\">If you are interested in a color not available on our website, please contact us. We will suggest colors currently in stock.<\/p>\n","protected":false},"excerpt":{"rendered":"<p><strong>KOLOR:<\/strong>\u00a0BR\u0104ZOWY\/BIA\u0141Y<br \/>\n<strong>MATERIA\u0141 ZEWN\u0118TRZNY:<\/strong>\u00a0SK\u00d3RA NATURALNA (IMITACJA SK\u00d3RY W\u0118\u017bA)<br \/>\n<strong>MATERIA\u0141 WEWN\u0118TRZNY:<\/strong>\u00a0SK\u00d3RA NATURALNA<br \/>\n<strong>WYSOKO\u015a\u0106 OBCASA:<\/strong>\u00a04,5 cm<br \/>\n<strong>PODESZWA:<\/strong>\u00a0TUNISK\u00d3R<br \/>\n\u2014\u2014\u2014\u2014\u2014\u2014\u2014\u2014\u2014\u2014\u2014\u2014\u2014\u2014\u2014\u2014\u2014\u2014\u2014\u2014\u2014\u2014\u2014\u2013<br \/>\n<strong>\u2660 R\u0118CZNE WYKONANIE W POLSCE<br \/>\n\u2663SK\u00d3RA NATURALNA PREMIUM<br \/>\n\u2665 TRWA\u0141O\u015a\u0106 I STYL NA LATA<\/strong><\/p>\n","protected":false},"featured_media":14839,"comment_status":"open","ping_status":"closed","template":"","meta":[],"product_cat":[162],"product_tag":[],"class_list":{"0":"post-15474","1":"product","2":"type-product","3":"status-publish","4":"has-post-thumbnail","6":"product_cat-cowboy-boots","8":"first","9":"instock","10":"taxable","11":"shipping-taxable","12":"purchasable","13":"product-type-variable"},"acf":[],"yoast_head":"<!-- This site is optimized with the Yoast SEO plugin v27.3 - https:\/\/yoast.com\/product\/yoast-seo-wordpress\/ -->\n<title>Men\u2019s Leather Cowboy Boots White and Brown Carlos<\/title>\n<meta name=\"description\" content=\"NATURAL LEATHER: Footwear made from natural leather is breathable, ensuring comfort during wear and proper air circulation.\" \/>\n<meta name=\"robots\" content=\"index, follow, max-snippet:-1, max-image-preview:large, max-video-preview:-1\" \/>\n<link rel=\"canonical\" href=\"https:\/\/makzashoes.com\/en\/sklep\/cowboy-boots\/mens-leather-cowboy-boots-white-and-brown-carlos\/\" \/>\n<meta property=\"og:locale\" content=\"en_US\" \/>\n<meta property=\"og:type\" content=\"article\" \/>\n<meta property=\"og:title\" content=\"Men\u2019s Leather Cowboy Boots White and Brown Carlos\" \/>\n<meta property=\"og:description\" content=\"NATURAL LEATHER: Footwear made from natural leather is breathable, ensuring comfort during wear and proper air circulation.\" \/>\n<meta property=\"og:url\" content=\"https:\/\/makzashoes.com\/en\/sklep\/cowboy-boots\/mens-leather-cowboy-boots-white-and-brown-carlos\/\" \/>\n<meta property=\"og:site_name\" content=\"Makza Shoes\" \/>\n<meta property=\"og:image\" content=\"https:\/\/makzashoes.com\/wp-content\/uploads\/2025\/03\/Kowbojki-skorzane-meskie-bialo-brazowe-3.jpg\" \/>\n\t<meta property=\"og:image:width\" content=\"1080\" \/>\n\t<meta property=\"og:image:height\" content=\"786\" \/>\n\t<meta property=\"og:image:type\" content=\"image\/jpeg\" \/>\n<meta name=\"twitter:card\" content=\"summary_large_image\" \/>\n<meta name=\"twitter:label1\" content=\"Est. reading time\" \/>\n\t<meta name=\"twitter:data1\" content=\"1 minute\" \/>\n<script type=\"application\/ld+json\" class=\"yoast-schema-graph\">{\"@context\":\"https:\\\/\\\/schema.org\",\"@graph\":[{\"@type\":\"WebPage\",\"@id\":\"https:\\\/\\\/makzashoes.com\\\/en\\\/sklep\\\/cowboy-boots\\\/mens-leather-cowboy-boots-white-and-brown-carlos\\\/\",\"url\":\"https:\\\/\\\/makzashoes.com\\\/en\\\/sklep\\\/cowboy-boots\\\/mens-leather-cowboy-boots-white-and-brown-carlos\\\/\",\"name\":\"Men\u2019s Leather Cowboy Boots White and Brown Carlos\",\"isPartOf\":{\"@id\":\"https:\\\/\\\/makzashoes.com\\\/en\\\/#website\"},\"primaryImageOfPage\":{\"@id\":\"https:\\\/\\\/makzashoes.com\\\/en\\\/sklep\\\/cowboy-boots\\\/mens-leather-cowboy-boots-white-and-brown-carlos\\\/#primaryimage\"},\"image\":{\"@id\":\"https:\\\/\\\/makzashoes.com\\\/en\\\/sklep\\\/cowboy-boots\\\/mens-leather-cowboy-boots-white-and-brown-carlos\\\/#primaryimage\"},\"thumbnailUrl\":\"https:\\\/\\\/makzashoes.com\\\/wp-content\\\/uploads\\\/2025\\\/03\\\/Kowbojki-skorzane-meskie-bialo-brazowe-3.jpg\",\"datePublished\":\"2025-03-31T17:35:40+00:00\",\"description\":\"NATURAL LEATHER: Footwear made from natural leather is breathable, ensuring comfort during wear and proper air circulation.\",\"breadcrumb\":{\"@id\":\"https:\\\/\\\/makzashoes.com\\\/en\\\/sklep\\\/cowboy-boots\\\/mens-leather-cowboy-boots-white-and-brown-carlos\\\/#breadcrumb\"},\"inLanguage\":\"en-US\",\"potentialAction\":[{\"@type\":\"ReadAction\",\"target\":[\"https:\\\/\\\/makzashoes.com\\\/en\\\/sklep\\\/cowboy-boots\\\/mens-leather-cowboy-boots-white-and-brown-carlos\\\/\"]}]},{\"@type\":\"ImageObject\",\"inLanguage\":\"en-US\",\"@id\":\"https:\\\/\\\/makzashoes.com\\\/en\\\/sklep\\\/cowboy-boots\\\/mens-leather-cowboy-boots-white-and-brown-carlos\\\/#primaryimage\",\"url\":\"https:\\\/\\\/makzashoes.com\\\/wp-content\\\/uploads\\\/2025\\\/03\\\/Kowbojki-skorzane-meskie-bialo-brazowe-3.jpg\",\"contentUrl\":\"https:\\\/\\\/makzashoes.com\\\/wp-content\\\/uploads\\\/2025\\\/03\\\/Kowbojki-skorzane-meskie-bialo-brazowe-3.jpg\",\"width\":1080,\"height\":786},{\"@type\":\"BreadcrumbList\",\"@id\":\"https:\\\/\\\/makzashoes.com\\\/en\\\/sklep\\\/cowboy-boots\\\/mens-leather-cowboy-boots-white-and-brown-carlos\\\/#breadcrumb\",\"itemListElement\":[{\"@type\":\"ListItem\",\"position\":1,\"name\":\"Homepage\",\"item\":\"https:\\\/\\\/makzashoes.com\\\/en\\\/\"},{\"@type\":\"ListItem\",\"position\":2,\"name\":\"Store\",\"item\":\"https:\\\/\\\/makzashoes.com\\\/en\\\/shop\\\/\"},{\"@type\":\"ListItem\",\"position\":3,\"name\":\"Men\u2019s Leather Cowboy Boots White and Brown Carlos\"}]},{\"@type\":\"WebSite\",\"@id\":\"https:\\\/\\\/makzashoes.com\\\/en\\\/#website\",\"url\":\"https:\\\/\\\/makzashoes.com\\\/en\\\/\",\"name\":\"Makza Shoes\",\"description\":\"R\u0119cznie robione buty m\u0119skie i damskie na ka\u017cd\u0105 okazj\u0119\",\"publisher\":{\"@id\":\"https:\\\/\\\/makzashoes.com\\\/en\\\/#organization\"},\"alternateName\":\"M\u0119skie obuwie\",\"potentialAction\":[{\"@type\":\"SearchAction\",\"target\":{\"@type\":\"EntryPoint\",\"urlTemplate\":\"https:\\\/\\\/makzashoes.com\\\/en\\\/?s={search_term_string}\"},\"query-input\":{\"@type\":\"PropertyValueSpecification\",\"valueRequired\":true,\"valueName\":\"search_term_string\"}}],\"inLanguage\":\"en-US\"},{\"@type\":\"Organization\",\"@id\":\"https:\\\/\\\/makzashoes.com\\\/en\\\/#organization\",\"name\":\"Makza Shoes\",\"url\":\"https:\\\/\\\/makzashoes.com\\\/en\\\/\",\"logo\":{\"@type\":\"ImageObject\",\"inLanguage\":\"en-US\",\"@id\":\"https:\\\/\\\/makzashoes.com\\\/en\\\/#\\\/schema\\\/logo\\\/image\\\/\",\"url\":\"https:\\\/\\\/makzashoes.com\\\/wp-content\\\/uploads\\\/2022\\\/06\\\/makza-shoes-buty-meskie-i-damskie.png\",\"contentUrl\":\"https:\\\/\\\/makzashoes.com\\\/wp-content\\\/uploads\\\/2022\\\/06\\\/makza-shoes-buty-meskie-i-damskie.png\",\"width\":704,\"height\":362,\"caption\":\"Makza Shoes\"},\"image\":{\"@id\":\"https:\\\/\\\/makzashoes.com\\\/en\\\/#\\\/schema\\\/logo\\\/image\\\/\"}}]}<\/script>\n<!-- \/ Yoast SEO plugin. -->","yoast_head_json":{"title":"Men\u2019s Leather Cowboy Boots White and Brown Carlos","description":"NATURAL LEATHER: Footwear made from natural leather is breathable, ensuring comfort during wear and proper air circulation.","robots":{"index":"index","follow":"follow","max-snippet":"max-snippet:-1","max-image-preview":"max-image-preview:large","max-video-preview":"max-video-preview:-1"},"canonical":"https:\/\/makzashoes.com\/en\/sklep\/cowboy-boots\/mens-leather-cowboy-boots-white-and-brown-carlos\/","og_locale":"en_US","og_type":"article","og_title":"Men\u2019s Leather Cowboy Boots White and Brown Carlos","og_description":"NATURAL LEATHER: Footwear made from natural leather is breathable, ensuring comfort during wear and proper air circulation.","og_url":"https:\/\/makzashoes.com\/en\/sklep\/cowboy-boots\/mens-leather-cowboy-boots-white-and-brown-carlos\/","og_site_name":"Makza Shoes","og_image":[{"width":1080,"height":786,"url":"https:\/\/makzashoes.com\/wp-content\/uploads\/2025\/03\/Kowbojki-skorzane-meskie-bialo-brazowe-3.jpg","type":"image\/jpeg"}],"twitter_card":"summary_large_image","twitter_misc":{"Est. reading time":"1 minute"},"schema":{"@context":"https:\/\/schema.org","@graph":[{"@type":"WebPage","@id":"https:\/\/makzashoes.com\/en\/sklep\/cowboy-boots\/mens-leather-cowboy-boots-white-and-brown-carlos\/","url":"https:\/\/makzashoes.com\/en\/sklep\/cowboy-boots\/mens-leather-cowboy-boots-white-and-brown-carlos\/","name":"Men\u2019s Leather Cowboy Boots White and Brown Carlos","isPartOf":{"@id":"https:\/\/makzashoes.com\/en\/#website"},"primaryImageOfPage":{"@id":"https:\/\/makzashoes.com\/en\/sklep\/cowboy-boots\/mens-leather-cowboy-boots-white-and-brown-carlos\/#primaryimage"},"image":{"@id":"https:\/\/makzashoes.com\/en\/sklep\/cowboy-boots\/mens-leather-cowboy-boots-white-and-brown-carlos\/#primaryimage"},"thumbnailUrl":"https:\/\/makzashoes.com\/wp-content\/uploads\/2025\/03\/Kowbojki-skorzane-meskie-bialo-brazowe-3.jpg","datePublished":"2025-03-31T17:35:40+00:00","description":"NATURAL LEATHER: Footwear made from natural leather is breathable, ensuring comfort during wear and proper air circulation.","breadcrumb":{"@id":"https:\/\/makzashoes.com\/en\/sklep\/cowboy-boots\/mens-leather-cowboy-boots-white-and-brown-carlos\/#breadcrumb"},"inLanguage":"en-US","potentialAction":[{"@type":"ReadAction","target":["https:\/\/makzashoes.com\/en\/sklep\/cowboy-boots\/mens-leather-cowboy-boots-white-and-brown-carlos\/"]}]},{"@type":"ImageObject","inLanguage":"en-US","@id":"https:\/\/makzashoes.com\/en\/sklep\/cowboy-boots\/mens-leather-cowboy-boots-white-and-brown-carlos\/#primaryimage","url":"https:\/\/makzashoes.com\/wp-content\/uploads\/2025\/03\/Kowbojki-skorzane-meskie-bialo-brazowe-3.jpg","contentUrl":"https:\/\/makzashoes.com\/wp-content\/uploads\/2025\/03\/Kowbojki-skorzane-meskie-bialo-brazowe-3.jpg","width":1080,"height":786},{"@type":"BreadcrumbList","@id":"https:\/\/makzashoes.com\/en\/sklep\/cowboy-boots\/mens-leather-cowboy-boots-white-and-brown-carlos\/#breadcrumb","itemListElement":[{"@type":"ListItem","position":1,"name":"Homepage","item":"https:\/\/makzashoes.com\/en\/"},{"@type":"ListItem","position":2,"name":"Store","item":"https:\/\/makzashoes.com\/en\/shop\/"},{"@type":"ListItem","position":3,"name":"Men\u2019s Leather Cowboy Boots White and Brown Carlos"}]},{"@type":"WebSite","@id":"https:\/\/makzashoes.com\/en\/#website","url":"https:\/\/makzashoes.com\/en\/","name":"Makza Shoes","description":"R\u0119cznie robione buty m\u0119skie i damskie na ka\u017cd\u0105 okazj\u0119","publisher":{"@id":"https:\/\/makzashoes.com\/en\/#organization"},"alternateName":"M\u0119skie obuwie","potentialAction":[{"@type":"SearchAction","target":{"@type":"EntryPoint","urlTemplate":"https:\/\/makzashoes.com\/en\/?s={search_term_string}"},"query-input":{"@type":"PropertyValueSpecification","valueRequired":true,"valueName":"search_term_string"}}],"inLanguage":"en-US"},{"@type":"Organization","@id":"https:\/\/makzashoes.com\/en\/#organization","name":"Makza Shoes","url":"https:\/\/makzashoes.com\/en\/","logo":{"@type":"ImageObject","inLanguage":"en-US","@id":"https:\/\/makzashoes.com\/en\/#\/schema\/logo\/image\/","url":"https:\/\/makzashoes.com\/wp-content\/uploads\/2022\/06\/makza-shoes-buty-meskie-i-damskie.png","contentUrl":"https:\/\/makzashoes.com\/wp-content\/uploads\/2022\/06\/makza-shoes-buty-meskie-i-damskie.png","width":704,"height":362,"caption":"Makza Shoes"},"image":{"@id":"https:\/\/makzashoes.com\/en\/#\/schema\/logo\/image\/"}}]}},"_links":{"self":[{"href":"https:\/\/makzashoes.com\/en\/wp-json\/wp\/v2\/product\/15474","targetHints":{"allow":["GET"]}}],"collection":[{"href":"https:\/\/makzashoes.com\/en\/wp-json\/wp\/v2\/product"}],"about":[{"href":"https:\/\/makzashoes.com\/en\/wp-json\/wp\/v2\/types\/product"}],"replies":[{"embeddable":true,"href":"https:\/\/makzashoes.com\/en\/wp-json\/wp\/v2\/comments?post=15474"}],"wp:featuredmedia":[{"embeddable":true,"href":"https:\/\/makzashoes.com\/en\/wp-json\/wp\/v2\/media\/14839"}],"wp:attachment":[{"href":"https:\/\/makzashoes.com\/en\/wp-json\/wp\/v2\/media?parent=15474"}],"wp:term":[{"taxonomy":"product_cat","embeddable":true,"href":"https:\/\/makzashoes.com\/en\/wp-json\/wp\/v2\/product_cat?post=15474"},{"taxonomy":"product_tag","embeddable":true,"href":"https:\/\/makzashoes.com\/en\/wp-json\/wp\/v2\/product_tag?post=15474"}],"curies":[{"name":"wp","href":"https:\/\/api.w.org\/{rel}","templated":true}]}}