{"id":12298,"date":"2024-02-14T18:03:41","date_gmt":"2024-02-14T18:03:41","guid":{"rendered":"https:\/\/makzashoes.com\/sklep\/uncategorized\/green-mens-casual-shoes-charles\/"},"modified":"2024-02-14T18:03:41","modified_gmt":"2024-02-14T18:03:41","slug":"green-mens-casual-shoes-charles","status":"publish","type":"product","link":"https:\/\/makzashoes.com\/en\/sklep\/casual-en\/green-mens-casual-shoes-charles\/","title":{"rendered":"Green Men\u2019s Casual Shoes Charles"},"content":{"rendered":"<p>Men\u2019s shoes made of high-quality leather are characterized by extraordinary manufacturing with attention to detail. This is the perfect shoes for men who appreciate comfort and care about a fashionable look. If you like practical and quality shoes then the brand MAKZA SHOES, will be the perfect choice for you.<\/p>\n<p>LEATHER INSIDE:<br \/>\nLining made of supple natural leather will ensure your comfort and convenience. This makes the footwear ideal for everyday use.<\/p>\n<p>LACES:<br \/>\nEquipped with solid lacing, the model will provide stability for the feet throughout the shoe. In addition, it will add a classic style.<\/p>\n<p>NATURAL LEATHER:<br \/>\nFootwear made of natural leather has the ability to \u2018breathe\u2019, this will guarantee comfort and adequate air circulation.<\/p>\n<p>HIGH-QUALITY SOLE:<br \/>\nThe TR soles are characterised by thermal insulation and an anti-slip function, giving the shoes the ability to be used in various weather conditions.<\/p>\n<p>HAND PAINTED LEATHER:<br \/>\nThe leather has been hand-painted by our shoemakers, giving the shoes a unique look that will not be repeated in any other pair of shoes.<\/p>\n<p>Why choose handmade footwear?<br \/>\nWe produce footwear purchased on our website as soon as an order is placed, so your new acquisition is not sitting in a warehouse and is created especially for you. The distinguishing feature of handmade footwear is its workmanship used, are the most qualitative subjects for footwear production. Leather shoes emphasise style and elegance so also the personality of the man who owns them, in line with our slogan \u201cYOUR SHOES YOUR IMAGE\u201d.<\/p>\n<p>Why should you choose hand-painted shoes?<br \/>\nShoes hand-painted by our shoemakers add them unique look, the final effect will not be duplicated in any pair, so you can be sure that no one else will own the same pair of shoes, and the colours available in our shop will add variety to your wardrobe.<\/p>\n<p>WHEN CHOOSING YOUR SIZE, WE RECOMMEND USING THE SIZE CHART!<\/p>\n<p>IF YOU ARE INTERESTED IN A COLOUR THAT IS NOT AVAILABLE FOR SELECTION ON OUR WEBSITE, PLEASE CONTACT US, WE WILL SUGGEST COLOURS THAT WE HAVE IN STOCK.<\/p>\n","protected":false},"excerpt":{"rendered":"<p><strong>COLOUR:<\/strong> GREEN<br \/>\n<strong>EXTERIOR MATERIAL:<\/strong>\u00a0NATURAL HAND-PAINTED LEATHER<br \/>\n<strong>INTERIOR MATERIAL:<\/strong>\u00a0NATURAL LEATHER<br \/>\n<strong>HEEL HEIGHT:<\/strong>\u00a02,5 CM<br \/>\n<strong>SOLE:<\/strong>\u00a0TR<\/p>\n","protected":false},"featured_media":12027,"comment_status":"open","ping_status":"closed","template":"","meta":[],"product_cat":[158],"product_tag":[],"class_list":{"0":"post-12298","1":"product","2":"type-product","3":"status-publish","4":"has-post-thumbnail","6":"product_cat-casual-en","8":"first","9":"instock","10":"taxable","11":"shipping-taxable","12":"purchasable","13":"product-type-variable"},"acf":[],"yoast_head":"<!-- This site is optimized with the Yoast SEO plugin v27.3 - https:\/\/yoast.com\/product\/yoast-seo-wordpress\/ -->\n<title>Green Men\u2019s Casual Shoes Charles<\/title>\n<meta name=\"description\" content=\"Casual shoes are a must-have in every man&#039;s wardrobe. Their universal design makes them perfect for both smart casual and more formal outfits.\" \/>\n<meta name=\"robots\" content=\"index, follow, max-snippet:-1, max-image-preview:large, max-video-preview:-1\" \/>\n<link rel=\"canonical\" href=\"https:\/\/makzashoes.com\/en\/sklep\/casual-en\/green-mens-casual-shoes-charles\/\" \/>\n<meta property=\"og:locale\" content=\"en_US\" \/>\n<meta property=\"og:type\" content=\"article\" \/>\n<meta property=\"og:title\" content=\"Green Men\u2019s Casual Shoes Charles\" \/>\n<meta property=\"og:description\" content=\"Casual shoes are a must-have in every man&#039;s wardrobe. Their universal design makes them perfect for both smart casual and more formal outfits.\" \/>\n<meta property=\"og:url\" content=\"https:\/\/makzashoes.com\/en\/sklep\/casual-en\/green-mens-casual-shoes-charles\/\" \/>\n<meta property=\"og:site_name\" content=\"Makza Shoes\" \/>\n<meta property=\"og:image\" content=\"https:\/\/makzashoes.com\/wp-content\/uploads\/2024\/02\/5-1.jpg\" \/>\n\t<meta property=\"og:image:width\" content=\"1299\" \/>\n\t<meta property=\"og:image:height\" content=\"945\" \/>\n\t<meta property=\"og:image:type\" content=\"image\/jpeg\" \/>\n<meta name=\"twitter:card\" content=\"summary_large_image\" \/>\n<meta name=\"twitter:label1\" content=\"Est. reading time\" \/>\n\t<meta name=\"twitter:data1\" content=\"2 minutes\" \/>\n<script type=\"application\/ld+json\" class=\"yoast-schema-graph\">{\"@context\":\"https:\\\/\\\/schema.org\",\"@graph\":[{\"@type\":\"WebPage\",\"@id\":\"https:\\\/\\\/makzashoes.com\\\/en\\\/sklep\\\/casual-en\\\/green-mens-casual-shoes-charles\\\/\",\"url\":\"https:\\\/\\\/makzashoes.com\\\/en\\\/sklep\\\/casual-en\\\/green-mens-casual-shoes-charles\\\/\",\"name\":\"Green Men\u2019s Casual Shoes Charles\",\"isPartOf\":{\"@id\":\"https:\\\/\\\/makzashoes.com\\\/en\\\/#website\"},\"primaryImageOfPage\":{\"@id\":\"https:\\\/\\\/makzashoes.com\\\/en\\\/sklep\\\/casual-en\\\/green-mens-casual-shoes-charles\\\/#primaryimage\"},\"image\":{\"@id\":\"https:\\\/\\\/makzashoes.com\\\/en\\\/sklep\\\/casual-en\\\/green-mens-casual-shoes-charles\\\/#primaryimage\"},\"thumbnailUrl\":\"https:\\\/\\\/makzashoes.com\\\/wp-content\\\/uploads\\\/2024\\\/02\\\/5-1.jpg\",\"datePublished\":\"2024-02-14T18:03:41+00:00\",\"description\":\"Casual shoes are a must-have in every man's wardrobe. Their universal design makes them perfect for both smart casual and more formal outfits.\",\"breadcrumb\":{\"@id\":\"https:\\\/\\\/makzashoes.com\\\/en\\\/sklep\\\/casual-en\\\/green-mens-casual-shoes-charles\\\/#breadcrumb\"},\"inLanguage\":\"en-US\",\"potentialAction\":[{\"@type\":\"ReadAction\",\"target\":[\"https:\\\/\\\/makzashoes.com\\\/en\\\/sklep\\\/casual-en\\\/green-mens-casual-shoes-charles\\\/\"]}]},{\"@type\":\"ImageObject\",\"inLanguage\":\"en-US\",\"@id\":\"https:\\\/\\\/makzashoes.com\\\/en\\\/sklep\\\/casual-en\\\/green-mens-casual-shoes-charles\\\/#primaryimage\",\"url\":\"https:\\\/\\\/makzashoes.com\\\/wp-content\\\/uploads\\\/2024\\\/02\\\/5-1.jpg\",\"contentUrl\":\"https:\\\/\\\/makzashoes.com\\\/wp-content\\\/uploads\\\/2024\\\/02\\\/5-1.jpg\",\"width\":1299,\"height\":945},{\"@type\":\"BreadcrumbList\",\"@id\":\"https:\\\/\\\/makzashoes.com\\\/en\\\/sklep\\\/casual-en\\\/green-mens-casual-shoes-charles\\\/#breadcrumb\",\"itemListElement\":[{\"@type\":\"ListItem\",\"position\":1,\"name\":\"Homepage\",\"item\":\"https:\\\/\\\/makzashoes.com\\\/en\\\/\"},{\"@type\":\"ListItem\",\"position\":2,\"name\":\"Store\",\"item\":\"https:\\\/\\\/makzashoes.com\\\/en\\\/shop\\\/\"},{\"@type\":\"ListItem\",\"position\":3,\"name\":\"Green Men\u2019s Casual Shoes Charles\"}]},{\"@type\":\"WebSite\",\"@id\":\"https:\\\/\\\/makzashoes.com\\\/en\\\/#website\",\"url\":\"https:\\\/\\\/makzashoes.com\\\/en\\\/\",\"name\":\"Makza Shoes\",\"description\":\"R\u0119cznie robione buty m\u0119skie i damskie na ka\u017cd\u0105 okazj\u0119\",\"publisher\":{\"@id\":\"https:\\\/\\\/makzashoes.com\\\/en\\\/#organization\"},\"alternateName\":\"M\u0119skie obuwie\",\"potentialAction\":[{\"@type\":\"SearchAction\",\"target\":{\"@type\":\"EntryPoint\",\"urlTemplate\":\"https:\\\/\\\/makzashoes.com\\\/en\\\/?s={search_term_string}\"},\"query-input\":{\"@type\":\"PropertyValueSpecification\",\"valueRequired\":true,\"valueName\":\"search_term_string\"}}],\"inLanguage\":\"en-US\"},{\"@type\":\"Organization\",\"@id\":\"https:\\\/\\\/makzashoes.com\\\/en\\\/#organization\",\"name\":\"Makza Shoes\",\"url\":\"https:\\\/\\\/makzashoes.com\\\/en\\\/\",\"logo\":{\"@type\":\"ImageObject\",\"inLanguage\":\"en-US\",\"@id\":\"https:\\\/\\\/makzashoes.com\\\/en\\\/#\\\/schema\\\/logo\\\/image\\\/\",\"url\":\"https:\\\/\\\/makzashoes.com\\\/wp-content\\\/uploads\\\/2022\\\/06\\\/makza-shoes-buty-meskie-i-damskie.png\",\"contentUrl\":\"https:\\\/\\\/makzashoes.com\\\/wp-content\\\/uploads\\\/2022\\\/06\\\/makza-shoes-buty-meskie-i-damskie.png\",\"width\":704,\"height\":362,\"caption\":\"Makza Shoes\"},\"image\":{\"@id\":\"https:\\\/\\\/makzashoes.com\\\/en\\\/#\\\/schema\\\/logo\\\/image\\\/\"}}]}<\/script>\n<!-- \/ Yoast SEO plugin. -->","yoast_head_json":{"title":"Green Men\u2019s Casual Shoes Charles","description":"Casual shoes are a must-have in every man's wardrobe. Their universal design makes them perfect for both smart casual and more formal outfits.","robots":{"index":"index","follow":"follow","max-snippet":"max-snippet:-1","max-image-preview":"max-image-preview:large","max-video-preview":"max-video-preview:-1"},"canonical":"https:\/\/makzashoes.com\/en\/sklep\/casual-en\/green-mens-casual-shoes-charles\/","og_locale":"en_US","og_type":"article","og_title":"Green Men\u2019s Casual Shoes Charles","og_description":"Casual shoes are a must-have in every man's wardrobe. Their universal design makes them perfect for both smart casual and more formal outfits.","og_url":"https:\/\/makzashoes.com\/en\/sklep\/casual-en\/green-mens-casual-shoes-charles\/","og_site_name":"Makza Shoes","og_image":[{"width":1299,"height":945,"url":"https:\/\/makzashoes.com\/wp-content\/uploads\/2024\/02\/5-1.jpg","type":"image\/jpeg"}],"twitter_card":"summary_large_image","twitter_misc":{"Est. reading time":"2 minutes"},"schema":{"@context":"https:\/\/schema.org","@graph":[{"@type":"WebPage","@id":"https:\/\/makzashoes.com\/en\/sklep\/casual-en\/green-mens-casual-shoes-charles\/","url":"https:\/\/makzashoes.com\/en\/sklep\/casual-en\/green-mens-casual-shoes-charles\/","name":"Green Men\u2019s Casual Shoes Charles","isPartOf":{"@id":"https:\/\/makzashoes.com\/en\/#website"},"primaryImageOfPage":{"@id":"https:\/\/makzashoes.com\/en\/sklep\/casual-en\/green-mens-casual-shoes-charles\/#primaryimage"},"image":{"@id":"https:\/\/makzashoes.com\/en\/sklep\/casual-en\/green-mens-casual-shoes-charles\/#primaryimage"},"thumbnailUrl":"https:\/\/makzashoes.com\/wp-content\/uploads\/2024\/02\/5-1.jpg","datePublished":"2024-02-14T18:03:41+00:00","description":"Casual shoes are a must-have in every man's wardrobe. Their universal design makes them perfect for both smart casual and more formal outfits.","breadcrumb":{"@id":"https:\/\/makzashoes.com\/en\/sklep\/casual-en\/green-mens-casual-shoes-charles\/#breadcrumb"},"inLanguage":"en-US","potentialAction":[{"@type":"ReadAction","target":["https:\/\/makzashoes.com\/en\/sklep\/casual-en\/green-mens-casual-shoes-charles\/"]}]},{"@type":"ImageObject","inLanguage":"en-US","@id":"https:\/\/makzashoes.com\/en\/sklep\/casual-en\/green-mens-casual-shoes-charles\/#primaryimage","url":"https:\/\/makzashoes.com\/wp-content\/uploads\/2024\/02\/5-1.jpg","contentUrl":"https:\/\/makzashoes.com\/wp-content\/uploads\/2024\/02\/5-1.jpg","width":1299,"height":945},{"@type":"BreadcrumbList","@id":"https:\/\/makzashoes.com\/en\/sklep\/casual-en\/green-mens-casual-shoes-charles\/#breadcrumb","itemListElement":[{"@type":"ListItem","position":1,"name":"Homepage","item":"https:\/\/makzashoes.com\/en\/"},{"@type":"ListItem","position":2,"name":"Store","item":"https:\/\/makzashoes.com\/en\/shop\/"},{"@type":"ListItem","position":3,"name":"Green Men\u2019s Casual Shoes Charles"}]},{"@type":"WebSite","@id":"https:\/\/makzashoes.com\/en\/#website","url":"https:\/\/makzashoes.com\/en\/","name":"Makza Shoes","description":"R\u0119cznie robione buty m\u0119skie i damskie na ka\u017cd\u0105 okazj\u0119","publisher":{"@id":"https:\/\/makzashoes.com\/en\/#organization"},"alternateName":"M\u0119skie obuwie","potentialAction":[{"@type":"SearchAction","target":{"@type":"EntryPoint","urlTemplate":"https:\/\/makzashoes.com\/en\/?s={search_term_string}"},"query-input":{"@type":"PropertyValueSpecification","valueRequired":true,"valueName":"search_term_string"}}],"inLanguage":"en-US"},{"@type":"Organization","@id":"https:\/\/makzashoes.com\/en\/#organization","name":"Makza Shoes","url":"https:\/\/makzashoes.com\/en\/","logo":{"@type":"ImageObject","inLanguage":"en-US","@id":"https:\/\/makzashoes.com\/en\/#\/schema\/logo\/image\/","url":"https:\/\/makzashoes.com\/wp-content\/uploads\/2022\/06\/makza-shoes-buty-meskie-i-damskie.png","contentUrl":"https:\/\/makzashoes.com\/wp-content\/uploads\/2022\/06\/makza-shoes-buty-meskie-i-damskie.png","width":704,"height":362,"caption":"Makza Shoes"},"image":{"@id":"https:\/\/makzashoes.com\/en\/#\/schema\/logo\/image\/"}}]}},"_links":{"self":[{"href":"https:\/\/makzashoes.com\/en\/wp-json\/wp\/v2\/product\/12298","targetHints":{"allow":["GET"]}}],"collection":[{"href":"https:\/\/makzashoes.com\/en\/wp-json\/wp\/v2\/product"}],"about":[{"href":"https:\/\/makzashoes.com\/en\/wp-json\/wp\/v2\/types\/product"}],"replies":[{"embeddable":true,"href":"https:\/\/makzashoes.com\/en\/wp-json\/wp\/v2\/comments?post=12298"}],"wp:featuredmedia":[{"embeddable":true,"href":"https:\/\/makzashoes.com\/en\/wp-json\/wp\/v2\/media\/12027"}],"wp:attachment":[{"href":"https:\/\/makzashoes.com\/en\/wp-json\/wp\/v2\/media?parent=12298"}],"wp:term":[{"taxonomy":"product_cat","embeddable":true,"href":"https:\/\/makzashoes.com\/en\/wp-json\/wp\/v2\/product_cat?post=12298"},{"taxonomy":"product_tag","embeddable":true,"href":"https:\/\/makzashoes.com\/en\/wp-json\/wp\/v2\/product_tag?post=12298"}],"curies":[{"name":"wp","href":"https:\/\/api.w.org\/{rel}","templated":true}]}}