{"id":12274,"date":"2024-02-15T16:44:31","date_gmt":"2024-02-15T16:44:31","guid":{"rendered":"https:\/\/makzashoes.com\/sklep\/uncategorized\/red-mens-leather-sneakers-liam\/"},"modified":"2024-04-02T16:12:35","modified_gmt":"2024-04-02T16:12:35","slug":"red-mens-leather-sneakers-liam","status":"publish","type":"product","link":"https:\/\/makzashoes.com\/en\/sklep\/sneakers\/red-mens-leather-sneakers-liam\/","title":{"rendered":"Red Men\u2019s Leather Sneakers Liam"},"content":{"rendered":"<p>Men\u2019s leather sneakers are stylish and comfortable footwear that combine a sporty look with the elegance of leather. Made from high-quality natural leather, they have a soft lining and a high-quality sole that will keep you comfortable even on long walks. They can be paired with jeans and a T-shirt to create a casual look, but also go well with more elegant attire such as a blazer and fabric trousers. Leather sneakers, are an elegant alternative to traditional sports shoes, adding character and class to any men\u2019s wardrobe.<\/p>\n<p><strong>DECORATIVE LINING:<\/strong><br \/>\nThe soft decorative cushioning adapts perfectly to the foot, ensuring the foot fits properly in the shoe and is comfortable to wear all day long.<\/p>\n<p><strong>NATURAL LEATHER:<\/strong><br \/>\nShoes made of natural leather have the ability to \u2018breathe\u2019, this will guarantee comfort and air circulation.<\/p>\n<p><strong>HIGH-QUALITY SOLE:<\/strong><br \/>\nRubber sole, characterised by comfort and resistance to slippery surfaces<\/p>\n<h3>Why choose handmade footwear?<\/h3>\n<p>We produce footwear purchased on our website as soon as an order is placed, so your new acquisition is not sitting in a warehouse and is created especially for you. The distinguishing feature of handmade footwear is its workmanship used, are the most qualitative subjects for footwear production. Leather shoes emphasise style and elegance also the personality of the man who owns them, in line with our slogan \u201cYOUR SHOES YOUR IMAGE\u201d.<\/p>\n<h3>WHEN CHOOSING YOUR SIZE, WE RECOMMEND USING THE SIZE CHART!<\/h3>\n<p>IF YOU ARE INTERESTED IN A COLOUR THAT IS NOT AVAILABLE FOR SELECTION ON OUR WEBSITE, PLEASE CONTACT US, WE WILL SUGGEST COLOURS THAT WE HAVE IN STOCK.<\/p>\n","protected":false},"excerpt":{"rendered":"<p><strong>COLOUR:<\/strong> RED<br \/>\n<strong>EXTERIOR MATERIAL:<\/strong>NATURAL LEATHER<br \/>\n<strong>INTERIOR MATERIAL:<\/strong>\u00a0DECORATIVE FABRIC<br \/>\n<strong>SOLE:<\/strong>\u00a0RUBBER<\/p>\n","protected":false},"featured_media":12115,"comment_status":"open","ping_status":"closed","template":"","meta":[],"product_cat":[171],"product_tag":[],"class_list":{"0":"post-12274","1":"product","2":"type-product","3":"status-publish","4":"has-post-thumbnail","6":"product_cat-sneakers","8":"first","9":"instock","10":"taxable","11":"shipping-taxable","12":"purchasable","13":"product-type-variable"},"acf":[],"yoast_head":"<!-- This site is optimized with the Yoast SEO plugin v27.3 - https:\/\/yoast.com\/product\/yoast-seo-wordpress\/ -->\n<title>Red Men\u2019s Leather Sneakers Liam<\/title>\n<meta name=\"description\" content=\"Leather trainers are a stylish alternative to classic sports footwear. They go perfectly with casual jeans with a T-shirt,\" \/>\n<meta name=\"robots\" content=\"index, follow, max-snippet:-1, max-image-preview:large, max-video-preview:-1\" \/>\n<link rel=\"canonical\" href=\"https:\/\/makzashoes.com\/en\/sklep\/sneakers\/red-mens-leather-sneakers-liam\/\" \/>\n<meta property=\"og:locale\" content=\"en_US\" \/>\n<meta property=\"og:type\" content=\"article\" \/>\n<meta property=\"og:title\" content=\"Red Men\u2019s Leather Sneakers Liam\" \/>\n<meta property=\"og:description\" content=\"Leather trainers are a stylish alternative to classic sports footwear. They go perfectly with casual jeans with a T-shirt,\" \/>\n<meta property=\"og:url\" content=\"https:\/\/makzashoes.com\/en\/sklep\/sneakers\/red-mens-leather-sneakers-liam\/\" \/>\n<meta property=\"og:site_name\" content=\"Makza Shoes\" \/>\n<meta property=\"article:modified_time\" content=\"2024-04-02T16:12:35+00:00\" \/>\n<meta property=\"og:image\" content=\"https:\/\/makzashoes.com\/wp-content\/uploads\/2024\/02\/Czerwone-trampki-skorzane-1.jpg\" \/>\n\t<meta property=\"og:image:width\" content=\"1299\" \/>\n\t<meta property=\"og:image:height\" content=\"945\" \/>\n\t<meta property=\"og:image:type\" content=\"image\/jpeg\" \/>\n<meta name=\"twitter:card\" content=\"summary_large_image\" \/>\n<meta name=\"twitter:label1\" content=\"Est. reading time\" \/>\n\t<meta name=\"twitter:data1\" content=\"1 minute\" \/>\n<script type=\"application\/ld+json\" class=\"yoast-schema-graph\">{\"@context\":\"https:\\\/\\\/schema.org\",\"@graph\":[{\"@type\":\"WebPage\",\"@id\":\"https:\\\/\\\/makzashoes.com\\\/en\\\/sklep\\\/sneakers\\\/red-mens-leather-sneakers-liam\\\/\",\"url\":\"https:\\\/\\\/makzashoes.com\\\/en\\\/sklep\\\/sneakers\\\/red-mens-leather-sneakers-liam\\\/\",\"name\":\"Red Men\u2019s Leather Sneakers Liam\",\"isPartOf\":{\"@id\":\"https:\\\/\\\/makzashoes.com\\\/en\\\/#website\"},\"primaryImageOfPage\":{\"@id\":\"https:\\\/\\\/makzashoes.com\\\/en\\\/sklep\\\/sneakers\\\/red-mens-leather-sneakers-liam\\\/#primaryimage\"},\"image\":{\"@id\":\"https:\\\/\\\/makzashoes.com\\\/en\\\/sklep\\\/sneakers\\\/red-mens-leather-sneakers-liam\\\/#primaryimage\"},\"thumbnailUrl\":\"https:\\\/\\\/makzashoes.com\\\/wp-content\\\/uploads\\\/2024\\\/02\\\/Czerwone-trampki-skorzane-1.jpg\",\"datePublished\":\"2024-02-15T16:44:31+00:00\",\"dateModified\":\"2024-04-02T16:12:35+00:00\",\"description\":\"Leather trainers are a stylish alternative to classic sports footwear. They go perfectly with casual jeans with a T-shirt,\",\"breadcrumb\":{\"@id\":\"https:\\\/\\\/makzashoes.com\\\/en\\\/sklep\\\/sneakers\\\/red-mens-leather-sneakers-liam\\\/#breadcrumb\"},\"inLanguage\":\"en-US\",\"potentialAction\":[{\"@type\":\"ReadAction\",\"target\":[\"https:\\\/\\\/makzashoes.com\\\/en\\\/sklep\\\/sneakers\\\/red-mens-leather-sneakers-liam\\\/\"]}]},{\"@type\":\"ImageObject\",\"inLanguage\":\"en-US\",\"@id\":\"https:\\\/\\\/makzashoes.com\\\/en\\\/sklep\\\/sneakers\\\/red-mens-leather-sneakers-liam\\\/#primaryimage\",\"url\":\"https:\\\/\\\/makzashoes.com\\\/wp-content\\\/uploads\\\/2024\\\/02\\\/Czerwone-trampki-skorzane-1.jpg\",\"contentUrl\":\"https:\\\/\\\/makzashoes.com\\\/wp-content\\\/uploads\\\/2024\\\/02\\\/Czerwone-trampki-skorzane-1.jpg\",\"width\":1299,\"height\":945},{\"@type\":\"BreadcrumbList\",\"@id\":\"https:\\\/\\\/makzashoes.com\\\/en\\\/sklep\\\/sneakers\\\/red-mens-leather-sneakers-liam\\\/#breadcrumb\",\"itemListElement\":[{\"@type\":\"ListItem\",\"position\":1,\"name\":\"Homepage\",\"item\":\"https:\\\/\\\/makzashoes.com\\\/en\\\/\"},{\"@type\":\"ListItem\",\"position\":2,\"name\":\"Store\",\"item\":\"https:\\\/\\\/makzashoes.com\\\/en\\\/shop\\\/\"},{\"@type\":\"ListItem\",\"position\":3,\"name\":\"Red Men\u2019s Leather Sneakers Liam\"}]},{\"@type\":\"WebSite\",\"@id\":\"https:\\\/\\\/makzashoes.com\\\/en\\\/#website\",\"url\":\"https:\\\/\\\/makzashoes.com\\\/en\\\/\",\"name\":\"Makza Shoes\",\"description\":\"R\u0119cznie robione buty m\u0119skie i damskie na ka\u017cd\u0105 okazj\u0119\",\"publisher\":{\"@id\":\"https:\\\/\\\/makzashoes.com\\\/en\\\/#organization\"},\"alternateName\":\"M\u0119skie obuwie\",\"potentialAction\":[{\"@type\":\"SearchAction\",\"target\":{\"@type\":\"EntryPoint\",\"urlTemplate\":\"https:\\\/\\\/makzashoes.com\\\/en\\\/?s={search_term_string}\"},\"query-input\":{\"@type\":\"PropertyValueSpecification\",\"valueRequired\":true,\"valueName\":\"search_term_string\"}}],\"inLanguage\":\"en-US\"},{\"@type\":\"Organization\",\"@id\":\"https:\\\/\\\/makzashoes.com\\\/en\\\/#organization\",\"name\":\"Makza Shoes\",\"url\":\"https:\\\/\\\/makzashoes.com\\\/en\\\/\",\"logo\":{\"@type\":\"ImageObject\",\"inLanguage\":\"en-US\",\"@id\":\"https:\\\/\\\/makzashoes.com\\\/en\\\/#\\\/schema\\\/logo\\\/image\\\/\",\"url\":\"https:\\\/\\\/makzashoes.com\\\/wp-content\\\/uploads\\\/2022\\\/06\\\/makza-shoes-buty-meskie-i-damskie.png\",\"contentUrl\":\"https:\\\/\\\/makzashoes.com\\\/wp-content\\\/uploads\\\/2022\\\/06\\\/makza-shoes-buty-meskie-i-damskie.png\",\"width\":704,\"height\":362,\"caption\":\"Makza Shoes\"},\"image\":{\"@id\":\"https:\\\/\\\/makzashoes.com\\\/en\\\/#\\\/schema\\\/logo\\\/image\\\/\"}}]}<\/script>\n<!-- \/ Yoast SEO plugin. -->","yoast_head_json":{"title":"Red Men\u2019s Leather Sneakers Liam","description":"Leather trainers are a stylish alternative to classic sports footwear. They go perfectly with casual jeans with a T-shirt,","robots":{"index":"index","follow":"follow","max-snippet":"max-snippet:-1","max-image-preview":"max-image-preview:large","max-video-preview":"max-video-preview:-1"},"canonical":"https:\/\/makzashoes.com\/en\/sklep\/sneakers\/red-mens-leather-sneakers-liam\/","og_locale":"en_US","og_type":"article","og_title":"Red Men\u2019s Leather Sneakers Liam","og_description":"Leather trainers are a stylish alternative to classic sports footwear. They go perfectly with casual jeans with a T-shirt,","og_url":"https:\/\/makzashoes.com\/en\/sklep\/sneakers\/red-mens-leather-sneakers-liam\/","og_site_name":"Makza Shoes","article_modified_time":"2024-04-02T16:12:35+00:00","og_image":[{"width":1299,"height":945,"url":"https:\/\/makzashoes.com\/wp-content\/uploads\/2024\/02\/Czerwone-trampki-skorzane-1.jpg","type":"image\/jpeg"}],"twitter_card":"summary_large_image","twitter_misc":{"Est. reading time":"1 minute"},"schema":{"@context":"https:\/\/schema.org","@graph":[{"@type":"WebPage","@id":"https:\/\/makzashoes.com\/en\/sklep\/sneakers\/red-mens-leather-sneakers-liam\/","url":"https:\/\/makzashoes.com\/en\/sklep\/sneakers\/red-mens-leather-sneakers-liam\/","name":"Red Men\u2019s Leather Sneakers Liam","isPartOf":{"@id":"https:\/\/makzashoes.com\/en\/#website"},"primaryImageOfPage":{"@id":"https:\/\/makzashoes.com\/en\/sklep\/sneakers\/red-mens-leather-sneakers-liam\/#primaryimage"},"image":{"@id":"https:\/\/makzashoes.com\/en\/sklep\/sneakers\/red-mens-leather-sneakers-liam\/#primaryimage"},"thumbnailUrl":"https:\/\/makzashoes.com\/wp-content\/uploads\/2024\/02\/Czerwone-trampki-skorzane-1.jpg","datePublished":"2024-02-15T16:44:31+00:00","dateModified":"2024-04-02T16:12:35+00:00","description":"Leather trainers are a stylish alternative to classic sports footwear. They go perfectly with casual jeans with a T-shirt,","breadcrumb":{"@id":"https:\/\/makzashoes.com\/en\/sklep\/sneakers\/red-mens-leather-sneakers-liam\/#breadcrumb"},"inLanguage":"en-US","potentialAction":[{"@type":"ReadAction","target":["https:\/\/makzashoes.com\/en\/sklep\/sneakers\/red-mens-leather-sneakers-liam\/"]}]},{"@type":"ImageObject","inLanguage":"en-US","@id":"https:\/\/makzashoes.com\/en\/sklep\/sneakers\/red-mens-leather-sneakers-liam\/#primaryimage","url":"https:\/\/makzashoes.com\/wp-content\/uploads\/2024\/02\/Czerwone-trampki-skorzane-1.jpg","contentUrl":"https:\/\/makzashoes.com\/wp-content\/uploads\/2024\/02\/Czerwone-trampki-skorzane-1.jpg","width":1299,"height":945},{"@type":"BreadcrumbList","@id":"https:\/\/makzashoes.com\/en\/sklep\/sneakers\/red-mens-leather-sneakers-liam\/#breadcrumb","itemListElement":[{"@type":"ListItem","position":1,"name":"Homepage","item":"https:\/\/makzashoes.com\/en\/"},{"@type":"ListItem","position":2,"name":"Store","item":"https:\/\/makzashoes.com\/en\/shop\/"},{"@type":"ListItem","position":3,"name":"Red Men\u2019s Leather Sneakers Liam"}]},{"@type":"WebSite","@id":"https:\/\/makzashoes.com\/en\/#website","url":"https:\/\/makzashoes.com\/en\/","name":"Makza Shoes","description":"R\u0119cznie robione buty m\u0119skie i damskie na ka\u017cd\u0105 okazj\u0119","publisher":{"@id":"https:\/\/makzashoes.com\/en\/#organization"},"alternateName":"M\u0119skie obuwie","potentialAction":[{"@type":"SearchAction","target":{"@type":"EntryPoint","urlTemplate":"https:\/\/makzashoes.com\/en\/?s={search_term_string}"},"query-input":{"@type":"PropertyValueSpecification","valueRequired":true,"valueName":"search_term_string"}}],"inLanguage":"en-US"},{"@type":"Organization","@id":"https:\/\/makzashoes.com\/en\/#organization","name":"Makza Shoes","url":"https:\/\/makzashoes.com\/en\/","logo":{"@type":"ImageObject","inLanguage":"en-US","@id":"https:\/\/makzashoes.com\/en\/#\/schema\/logo\/image\/","url":"https:\/\/makzashoes.com\/wp-content\/uploads\/2022\/06\/makza-shoes-buty-meskie-i-damskie.png","contentUrl":"https:\/\/makzashoes.com\/wp-content\/uploads\/2022\/06\/makza-shoes-buty-meskie-i-damskie.png","width":704,"height":362,"caption":"Makza Shoes"},"image":{"@id":"https:\/\/makzashoes.com\/en\/#\/schema\/logo\/image\/"}}]}},"_links":{"self":[{"href":"https:\/\/makzashoes.com\/en\/wp-json\/wp\/v2\/product\/12274","targetHints":{"allow":["GET"]}}],"collection":[{"href":"https:\/\/makzashoes.com\/en\/wp-json\/wp\/v2\/product"}],"about":[{"href":"https:\/\/makzashoes.com\/en\/wp-json\/wp\/v2\/types\/product"}],"replies":[{"embeddable":true,"href":"https:\/\/makzashoes.com\/en\/wp-json\/wp\/v2\/comments?post=12274"}],"wp:featuredmedia":[{"embeddable":true,"href":"https:\/\/makzashoes.com\/en\/wp-json\/wp\/v2\/media\/12115"}],"wp:attachment":[{"href":"https:\/\/makzashoes.com\/en\/wp-json\/wp\/v2\/media?parent=12274"}],"wp:term":[{"taxonomy":"product_cat","embeddable":true,"href":"https:\/\/makzashoes.com\/en\/wp-json\/wp\/v2\/product_cat?post=12274"},{"taxonomy":"product_tag","embeddable":true,"href":"https:\/\/makzashoes.com\/en\/wp-json\/wp\/v2\/product_tag?post=12274"}],"curies":[{"name":"wp","href":"https:\/\/api.w.org\/{rel}","templated":true}]}}