{"id":12202,"date":"2024-02-08T17:03:28","date_gmt":"2024-02-08T17:03:28","guid":{"rendered":"https:\/\/makzashoes.com\/sklep\/uncategorized\/green-hand-painted-mens-leather-boots-colin\/"},"modified":"2024-02-08T17:03:28","modified_gmt":"2024-02-08T17:03:28","slug":"green-hand-painted-mens-leather-boots-colin","status":"publish","type":"product","link":"https:\/\/makzashoes.com\/en\/sklep\/boots\/green-hand-painted-mens-leather-boots-colin\/","title":{"rendered":"Green Hand-Painted Men\u2019s Leather Boots Colin"},"content":{"rendered":"<p>Men\u2019s boots made of high-quality leather are characterised by extraordinary manufacture with attention to detail. This is the perfect shoes for men who appreciate comfort and care about a fashionable look. If you like practical and quality footwear then\u00a0<span class=\"hiddenSpellError\">MAKZA SHOES<\/span>\u00a0boots, will be the perfect choice for you.<\/p>\n<p><strong>LEATHER INSIDE:<\/strong><br \/>\nLining made of supple natural leather will ensure your comfort and convenience. This makes the footwear ideal for everyday use.<\/p>\n<p><strong>LACES:<\/strong><br \/>\nEquipped with solid lacing, the model will provide stability for the feet throughout the shoe. In addition, it will add a classic style.<\/p>\n<p><strong>NATURAL LEATHER:<\/strong><br \/>\nFootwear made of natural leather has the ability to \u2018breathe\u2019, this will guarantee comfort and adequate air circulation.<\/p>\n<p><strong>HIGH-QUALITY SOLE:<\/strong><br \/>\nThe TR soles are characterised by thermal insulation and an anti-slip function, giving the shoes the ability to be used in various weather conditions.<\/p>\n<p><strong>HAND-PAINTED:<\/strong><br \/>\nDesigns hand-painted by our shoemakers give a unique look to the shoes, making your footwear one-of-a-kind.<\/p>\n<h3>Why should you choose handmade footwear?<\/h3>\n<p>We produce footwear purchased on our website as soon as an order is placed, so your new acquisition is not sitting in a warehouse and is created especially for you. A distinguishing feature of handmade footwear is the use of the most high-quality intermediates for shoes. Leather shoes emphasise style and elegance so also the personality of the man who owns them, in line with our slogan\u00a0<span class=\"hiddenGrammarError\">\u201c<\/span><span class=\"hiddenSpellError\">YOUR<\/span>\u00a0SHOES\u00a0<span class=\"hiddenSpellError\">YOUR<\/span>\u00a0IMAGE\u201d.<\/p>\n<h3>Why should you choose hand-painted shoes?<\/h3>\n<p>Shoes hand-painted by our shoemakers add them unique look, the final effect will not be duplicated in any pair, so you can be sure that no one else will own the same pair of shoes, and the colours available in our shop will add variety to your wardrobe.<\/p>\n<h3>WHEN CHOOSING YOUR SIZE, WE RECOMMEND USING THE SIZE CHART!<\/h3>\n<p>IF YOU ARE INTERESTED IN A COLOUR THAT IS NOT AVAILABLE FOR SELECTION ON OUR WEBSITE, PLEASE CONTACT US, WE WILL SUGGEST COLOURS THAT WE HAVE IN STOCK.<\/p>\n","protected":false},"excerpt":{"rendered":"<p><strong>COLOUR:<\/strong> GREEN<br \/>\n<strong>EXTERIOR MATERIAL:<\/strong>\u00a0NATURAL HAND-PAINTED LEATHER<br \/>\n<strong>INTERIOR MATERIAL:<\/strong>\u00a0NATURAL LEATHER<br \/>\n<strong>HEEL HEIGHT:<\/strong>\u00a02,5 CM<br \/>\n<strong>SOLE:<\/strong>\u00a0TR<\/p>\n","protected":false},"featured_media":11926,"comment_status":"open","ping_status":"closed","template":"","meta":[],"product_cat":[137],"product_tag":[],"class_list":{"0":"post-12202","1":"product","2":"type-product","3":"status-publish","4":"has-post-thumbnail","6":"product_cat-boots","8":"first","9":"instock","10":"taxable","11":"shipping-taxable","12":"purchasable","13":"product-type-variable"},"acf":[],"yoast_head":"<!-- This site is optimized with the Yoast SEO plugin v27.3 - https:\/\/yoast.com\/product\/yoast-seo-wordpress\/ -->\n<title>Green Hand-Painted Men\u2019s Leather Boots Colin<\/title>\n<meta name=\"robots\" content=\"index, follow, max-snippet:-1, max-image-preview:large, max-video-preview:-1\" \/>\n<link rel=\"canonical\" href=\"https:\/\/makzashoes.com\/en\/sklep\/boots\/green-hand-painted-mens-leather-boots-colin\/\" \/>\n<meta property=\"og:locale\" content=\"en_US\" \/>\n<meta property=\"og:type\" content=\"article\" \/>\n<meta property=\"og:title\" content=\"Green Hand-Painted Men\u2019s Leather Boots Colin\" \/>\n<meta property=\"og:description\" content=\"COLOUR: GREEN EXTERIOR MATERIAL:\u00a0NATURAL HAND-PAINTED LEATHER INTERIOR MATERIAL:\u00a0NATURAL LEATHER HEEL HEIGHT:\u00a02,5 CM SOLE:\u00a0TR\" \/>\n<meta property=\"og:url\" content=\"https:\/\/makzashoes.com\/en\/sklep\/boots\/green-hand-painted-mens-leather-boots-colin\/\" \/>\n<meta property=\"og:site_name\" content=\"Makza Shoes\" \/>\n<meta property=\"og:image\" content=\"https:\/\/makzashoes.com\/wp-content\/uploads\/2024\/02\/IMG_3145.jpg\" \/>\n\t<meta property=\"og:image:width\" content=\"1299\" \/>\n\t<meta property=\"og:image:height\" content=\"945\" \/>\n\t<meta property=\"og:image:type\" content=\"image\/jpeg\" \/>\n<meta name=\"twitter:card\" content=\"summary_large_image\" \/>\n<meta name=\"twitter:label1\" content=\"Est. reading time\" \/>\n\t<meta name=\"twitter:data1\" content=\"2 minutes\" \/>\n<script type=\"application\/ld+json\" class=\"yoast-schema-graph\">{\"@context\":\"https:\\\/\\\/schema.org\",\"@graph\":[{\"@type\":\"WebPage\",\"@id\":\"https:\\\/\\\/makzashoes.com\\\/en\\\/sklep\\\/boots\\\/green-hand-painted-mens-leather-boots-colin\\\/\",\"url\":\"https:\\\/\\\/makzashoes.com\\\/en\\\/sklep\\\/boots\\\/green-hand-painted-mens-leather-boots-colin\\\/\",\"name\":\"Green Hand-Painted Men\u2019s Leather Boots Colin\",\"isPartOf\":{\"@id\":\"https:\\\/\\\/makzashoes.com\\\/en\\\/#website\"},\"primaryImageOfPage\":{\"@id\":\"https:\\\/\\\/makzashoes.com\\\/en\\\/sklep\\\/boots\\\/green-hand-painted-mens-leather-boots-colin\\\/#primaryimage\"},\"image\":{\"@id\":\"https:\\\/\\\/makzashoes.com\\\/en\\\/sklep\\\/boots\\\/green-hand-painted-mens-leather-boots-colin\\\/#primaryimage\"},\"thumbnailUrl\":\"https:\\\/\\\/makzashoes.com\\\/wp-content\\\/uploads\\\/2024\\\/02\\\/IMG_3145.jpg\",\"datePublished\":\"2024-02-08T17:03:28+00:00\",\"breadcrumb\":{\"@id\":\"https:\\\/\\\/makzashoes.com\\\/en\\\/sklep\\\/boots\\\/green-hand-painted-mens-leather-boots-colin\\\/#breadcrumb\"},\"inLanguage\":\"en-US\",\"potentialAction\":[{\"@type\":\"ReadAction\",\"target\":[\"https:\\\/\\\/makzashoes.com\\\/en\\\/sklep\\\/boots\\\/green-hand-painted-mens-leather-boots-colin\\\/\"]}]},{\"@type\":\"ImageObject\",\"inLanguage\":\"en-US\",\"@id\":\"https:\\\/\\\/makzashoes.com\\\/en\\\/sklep\\\/boots\\\/green-hand-painted-mens-leather-boots-colin\\\/#primaryimage\",\"url\":\"https:\\\/\\\/makzashoes.com\\\/wp-content\\\/uploads\\\/2024\\\/02\\\/IMG_3145.jpg\",\"contentUrl\":\"https:\\\/\\\/makzashoes.com\\\/wp-content\\\/uploads\\\/2024\\\/02\\\/IMG_3145.jpg\",\"width\":1299,\"height\":945},{\"@type\":\"BreadcrumbList\",\"@id\":\"https:\\\/\\\/makzashoes.com\\\/en\\\/sklep\\\/boots\\\/green-hand-painted-mens-leather-boots-colin\\\/#breadcrumb\",\"itemListElement\":[{\"@type\":\"ListItem\",\"position\":1,\"name\":\"Homepage\",\"item\":\"https:\\\/\\\/makzashoes.com\\\/en\\\/\"},{\"@type\":\"ListItem\",\"position\":2,\"name\":\"Shop\",\"item\":\"https:\\\/\\\/makzashoes.com\\\/sklep\\\/\"},{\"@type\":\"ListItem\",\"position\":3,\"name\":\"Green Hand-Painted Men\u2019s Leather Boots Colin\"}]},{\"@type\":\"WebSite\",\"@id\":\"https:\\\/\\\/makzashoes.com\\\/en\\\/#website\",\"url\":\"https:\\\/\\\/makzashoes.com\\\/en\\\/\",\"name\":\"Makza Shoes\",\"description\":\"R\u0119cznie robione buty m\u0119skie i damskie na ka\u017cd\u0105 okazj\u0119\",\"publisher\":{\"@id\":\"https:\\\/\\\/makzashoes.com\\\/en\\\/#organization\"},\"alternateName\":\"M\u0119skie obuwie\",\"potentialAction\":[{\"@type\":\"SearchAction\",\"target\":{\"@type\":\"EntryPoint\",\"urlTemplate\":\"https:\\\/\\\/makzashoes.com\\\/en\\\/?s={search_term_string}\"},\"query-input\":{\"@type\":\"PropertyValueSpecification\",\"valueRequired\":true,\"valueName\":\"search_term_string\"}}],\"inLanguage\":\"en-US\"},{\"@type\":\"Organization\",\"@id\":\"https:\\\/\\\/makzashoes.com\\\/en\\\/#organization\",\"name\":\"Makza Shoes\",\"url\":\"https:\\\/\\\/makzashoes.com\\\/en\\\/\",\"logo\":{\"@type\":\"ImageObject\",\"inLanguage\":\"en-US\",\"@id\":\"https:\\\/\\\/makzashoes.com\\\/en\\\/#\\\/schema\\\/logo\\\/image\\\/\",\"url\":\"https:\\\/\\\/makzashoes.com\\\/wp-content\\\/uploads\\\/2022\\\/06\\\/makza-shoes-buty-meskie-i-damskie.png\",\"contentUrl\":\"https:\\\/\\\/makzashoes.com\\\/wp-content\\\/uploads\\\/2022\\\/06\\\/makza-shoes-buty-meskie-i-damskie.png\",\"width\":704,\"height\":362,\"caption\":\"Makza Shoes\"},\"image\":{\"@id\":\"https:\\\/\\\/makzashoes.com\\\/en\\\/#\\\/schema\\\/logo\\\/image\\\/\"}}]}<\/script>\n<!-- \/ Yoast SEO plugin. -->","yoast_head_json":{"title":"Green Hand-Painted Men\u2019s Leather Boots Colin","robots":{"index":"index","follow":"follow","max-snippet":"max-snippet:-1","max-image-preview":"max-image-preview:large","max-video-preview":"max-video-preview:-1"},"canonical":"https:\/\/makzashoes.com\/en\/sklep\/boots\/green-hand-painted-mens-leather-boots-colin\/","og_locale":"en_US","og_type":"article","og_title":"Green Hand-Painted Men\u2019s Leather Boots Colin","og_description":"COLOUR: GREEN EXTERIOR MATERIAL:\u00a0NATURAL HAND-PAINTED LEATHER INTERIOR MATERIAL:\u00a0NATURAL LEATHER HEEL HEIGHT:\u00a02,5 CM SOLE:\u00a0TR","og_url":"https:\/\/makzashoes.com\/en\/sklep\/boots\/green-hand-painted-mens-leather-boots-colin\/","og_site_name":"Makza Shoes","og_image":[{"width":1299,"height":945,"url":"https:\/\/makzashoes.com\/wp-content\/uploads\/2024\/02\/IMG_3145.jpg","type":"image\/jpeg"}],"twitter_card":"summary_large_image","twitter_misc":{"Est. reading time":"2 minutes"},"schema":{"@context":"https:\/\/schema.org","@graph":[{"@type":"WebPage","@id":"https:\/\/makzashoes.com\/en\/sklep\/boots\/green-hand-painted-mens-leather-boots-colin\/","url":"https:\/\/makzashoes.com\/en\/sklep\/boots\/green-hand-painted-mens-leather-boots-colin\/","name":"Green Hand-Painted Men\u2019s Leather Boots Colin","isPartOf":{"@id":"https:\/\/makzashoes.com\/en\/#website"},"primaryImageOfPage":{"@id":"https:\/\/makzashoes.com\/en\/sklep\/boots\/green-hand-painted-mens-leather-boots-colin\/#primaryimage"},"image":{"@id":"https:\/\/makzashoes.com\/en\/sklep\/boots\/green-hand-painted-mens-leather-boots-colin\/#primaryimage"},"thumbnailUrl":"https:\/\/makzashoes.com\/wp-content\/uploads\/2024\/02\/IMG_3145.jpg","datePublished":"2024-02-08T17:03:28+00:00","breadcrumb":{"@id":"https:\/\/makzashoes.com\/en\/sklep\/boots\/green-hand-painted-mens-leather-boots-colin\/#breadcrumb"},"inLanguage":"en-US","potentialAction":[{"@type":"ReadAction","target":["https:\/\/makzashoes.com\/en\/sklep\/boots\/green-hand-painted-mens-leather-boots-colin\/"]}]},{"@type":"ImageObject","inLanguage":"en-US","@id":"https:\/\/makzashoes.com\/en\/sklep\/boots\/green-hand-painted-mens-leather-boots-colin\/#primaryimage","url":"https:\/\/makzashoes.com\/wp-content\/uploads\/2024\/02\/IMG_3145.jpg","contentUrl":"https:\/\/makzashoes.com\/wp-content\/uploads\/2024\/02\/IMG_3145.jpg","width":1299,"height":945},{"@type":"BreadcrumbList","@id":"https:\/\/makzashoes.com\/en\/sklep\/boots\/green-hand-painted-mens-leather-boots-colin\/#breadcrumb","itemListElement":[{"@type":"ListItem","position":1,"name":"Homepage","item":"https:\/\/makzashoes.com\/en\/"},{"@type":"ListItem","position":2,"name":"Shop","item":"https:\/\/makzashoes.com\/sklep\/"},{"@type":"ListItem","position":3,"name":"Green Hand-Painted Men\u2019s Leather Boots Colin"}]},{"@type":"WebSite","@id":"https:\/\/makzashoes.com\/en\/#website","url":"https:\/\/makzashoes.com\/en\/","name":"Makza Shoes","description":"R\u0119cznie robione buty m\u0119skie i damskie na ka\u017cd\u0105 okazj\u0119","publisher":{"@id":"https:\/\/makzashoes.com\/en\/#organization"},"alternateName":"M\u0119skie obuwie","potentialAction":[{"@type":"SearchAction","target":{"@type":"EntryPoint","urlTemplate":"https:\/\/makzashoes.com\/en\/?s={search_term_string}"},"query-input":{"@type":"PropertyValueSpecification","valueRequired":true,"valueName":"search_term_string"}}],"inLanguage":"en-US"},{"@type":"Organization","@id":"https:\/\/makzashoes.com\/en\/#organization","name":"Makza Shoes","url":"https:\/\/makzashoes.com\/en\/","logo":{"@type":"ImageObject","inLanguage":"en-US","@id":"https:\/\/makzashoes.com\/en\/#\/schema\/logo\/image\/","url":"https:\/\/makzashoes.com\/wp-content\/uploads\/2022\/06\/makza-shoes-buty-meskie-i-damskie.png","contentUrl":"https:\/\/makzashoes.com\/wp-content\/uploads\/2022\/06\/makza-shoes-buty-meskie-i-damskie.png","width":704,"height":362,"caption":"Makza Shoes"},"image":{"@id":"https:\/\/makzashoes.com\/en\/#\/schema\/logo\/image\/"}}]}},"_links":{"self":[{"href":"https:\/\/makzashoes.com\/en\/wp-json\/wp\/v2\/product\/12202","targetHints":{"allow":["GET"]}}],"collection":[{"href":"https:\/\/makzashoes.com\/en\/wp-json\/wp\/v2\/product"}],"about":[{"href":"https:\/\/makzashoes.com\/en\/wp-json\/wp\/v2\/types\/product"}],"replies":[{"embeddable":true,"href":"https:\/\/makzashoes.com\/en\/wp-json\/wp\/v2\/comments?post=12202"}],"wp:featuredmedia":[{"embeddable":true,"href":"https:\/\/makzashoes.com\/en\/wp-json\/wp\/v2\/media\/11926"}],"wp:attachment":[{"href":"https:\/\/makzashoes.com\/en\/wp-json\/wp\/v2\/media?parent=12202"}],"wp:term":[{"taxonomy":"product_cat","embeddable":true,"href":"https:\/\/makzashoes.com\/en\/wp-json\/wp\/v2\/product_cat?post=12202"},{"taxonomy":"product_tag","embeddable":true,"href":"https:\/\/makzashoes.com\/en\/wp-json\/wp\/v2\/product_tag?post=12202"}],"curies":[{"name":"wp","href":"https:\/\/api.w.org\/{rel}","templated":true}]}}