{"id":11638,"date":"2023-09-14T15:25:26","date_gmt":"2023-09-14T15:25:26","guid":{"rendered":"https:\/\/makzashoes.com\/sklep\/uncategorized\/yellow-mens-leather-derby-louis\/"},"modified":"2023-09-14T15:25:26","modified_gmt":"2023-09-14T15:25:26","slug":"yellow-mens-leather-derby-louis","status":"publish","type":"product","link":"https:\/\/makzashoes.com\/en\/sklep\/derby-shoes\/yellow-mens-leather-derby-louis\/","title":{"rendered":"Yellow Men&#8217;s Leather Derby Louis"},"content":{"rendered":"<p>Derby shoes, also known as &#8216;English shoes&#8217;, are characterised by practical lacing, ideal for men with high instep feet. They are footwear created for men who value comfort without sacrificing a stylish look. If you are looking for the perfect combination of functionality and quality, our leather derby shoes are the perfect choice for you.<\/p>\n<h2>Natural leather<\/h2>\n<p>Footwear made from natural leather &#8216;breathes&#8217; for all-day comfort. As a result, your feet do not get tired and stay fresh all day long.<\/p>\n<h2>Hand-painted leather<\/h2>\n<p>Our shoemakers hand-paint the leather of this model, giving it a unique look that will not be repeated in any other pair of footwear.<\/p>\n<h2>Leather lining<\/h2>\n<p>The soft leather lining adapts perfectly to the foot, guaranteeing proper positioning in the shoe and all-day comfort.<\/p>\n<h2>Practical lacing<\/h2>\n<p>You can easily adjust the footwear to the shape of your foot thanks to the practical lacing, adjusting the degree of fastening.<\/p>\n<h2>Soles for demanding wearers<\/h2>\n<p>Thanks to the TR technology, the soles exhibit thermal insulation and anti-slip properties, guaranteeing confident walking in various weather conditions.<\/p>\n<h2>Unique colours<\/h2>\n<p>Enrich your wardrobe with footwear with a unique design. Add a touch of extravagance to your look and make sure no one passes you by indifferently.<\/p>\n<h2>Why choose handmade shoes?<\/h2>\n<p>When you buy shoes on our website, you are investing in a model made specifically for your order. Each pair is handmade by our shoemakers. This way, you are guaranteed that they are not models that have been lying in stock for months. Such shoes are not only an expression of style and elegance, but also a reflection of the owner&#8217;s personality. Remember &#8211; &#8220;Your shoes, your image&#8221;.<\/p>\n<h2>What size to choose?<\/h2>\n<p>When choosing a size, we recommend using the size chart.<\/p>\n<p>Are you interested in a colour other than the one on offer?<br \/>\nIf you are interested in a colour that is not available on our website, please contact us. We will suggest colours that we have in stock.<\/p>\n<p>&nbsp;<\/p>\n","protected":false},"excerpt":{"rendered":"<p><strong>COLOUR:<\/strong> YELLOW<br \/>\n<strong>EXTERIOR MATERIAL:<\/strong> GENUINE HAND-PAINTED LEATHER<br \/>\n<strong>INTERIOR MATERIAL:<\/strong> NATURAL LEATHER<br \/>\n<strong>HEEL HEIGHT:<\/strong> 2,5 CM<br \/>\n<strong>SOLE:<\/strong> TR<\/p>\n","protected":false},"featured_media":11337,"comment_status":"open","ping_status":"closed","template":"","meta":[],"product_cat":[168],"product_tag":[],"class_list":{"0":"post-11638","1":"product","2":"type-product","3":"status-publish","4":"has-post-thumbnail","6":"product_cat-derby-shoes","8":"first","9":"instock","10":"taxable","11":"shipping-taxable","12":"purchasable","13":"product-type-variable"},"acf":[],"yoast_head":"<!-- This site is optimized with the Yoast SEO plugin v27.3 - https:\/\/yoast.com\/product\/yoast-seo-wordpress\/ -->\n<title>Yellow Men&#039;s Leather Derby Louis<\/title>\n<meta name=\"description\" content=\"Derby or &quot;English&quot; shoes are distinguished by their practical open lacing, suitable for people with a high instep. They are the ideal footwear for men.\" \/>\n<meta name=\"robots\" content=\"index, follow, max-snippet:-1, max-image-preview:large, max-video-preview:-1\" \/>\n<link rel=\"canonical\" href=\"https:\/\/makzashoes.com\/en\/sklep\/derby-shoes\/yellow-mens-leather-derby-louis\/\" \/>\n<meta property=\"og:locale\" content=\"en_US\" \/>\n<meta property=\"og:type\" content=\"article\" \/>\n<meta property=\"og:title\" content=\"Yellow Men&#039;s Leather Derby Louis\" \/>\n<meta property=\"og:description\" content=\"Derby or &quot;English&quot; shoes are distinguished by their practical open lacing, suitable for people with a high instep. They are the ideal footwear for men.\" \/>\n<meta property=\"og:url\" content=\"https:\/\/makzashoes.com\/en\/sklep\/derby-shoes\/yellow-mens-leather-derby-louis\/\" \/>\n<meta property=\"og:site_name\" content=\"Makza Shoes\" \/>\n<meta property=\"og:image\" content=\"https:\/\/makzashoes.com\/wp-content\/uploads\/2023\/09\/derby-meskie-skorzane-zolte-2.jpg\" \/>\n\t<meta property=\"og:image:width\" content=\"2480\" \/>\n\t<meta property=\"og:image:height\" content=\"1772\" \/>\n\t<meta property=\"og:image:type\" content=\"image\/jpeg\" \/>\n<meta name=\"twitter:card\" content=\"summary_large_image\" \/>\n<meta name=\"twitter:label1\" content=\"Est. reading time\" \/>\n\t<meta name=\"twitter:data1\" content=\"2 minutes\" \/>\n<script type=\"application\/ld+json\" class=\"yoast-schema-graph\">{\"@context\":\"https:\\\/\\\/schema.org\",\"@graph\":[{\"@type\":\"WebPage\",\"@id\":\"https:\\\/\\\/makzashoes.com\\\/en\\\/sklep\\\/derby-shoes\\\/yellow-mens-leather-derby-louis\\\/\",\"url\":\"https:\\\/\\\/makzashoes.com\\\/en\\\/sklep\\\/derby-shoes\\\/yellow-mens-leather-derby-louis\\\/\",\"name\":\"Yellow Men's Leather Derby Louis\",\"isPartOf\":{\"@id\":\"https:\\\/\\\/makzashoes.com\\\/en\\\/#website\"},\"primaryImageOfPage\":{\"@id\":\"https:\\\/\\\/makzashoes.com\\\/en\\\/sklep\\\/derby-shoes\\\/yellow-mens-leather-derby-louis\\\/#primaryimage\"},\"image\":{\"@id\":\"https:\\\/\\\/makzashoes.com\\\/en\\\/sklep\\\/derby-shoes\\\/yellow-mens-leather-derby-louis\\\/#primaryimage\"},\"thumbnailUrl\":\"https:\\\/\\\/makzashoes.com\\\/wp-content\\\/uploads\\\/2023\\\/09\\\/derby-meskie-skorzane-zolte-2.jpg\",\"datePublished\":\"2023-09-14T15:25:26+00:00\",\"description\":\"Derby or \\\"English\\\" shoes are distinguished by their practical open lacing, suitable for people with a high instep. They are the ideal footwear for men.\",\"breadcrumb\":{\"@id\":\"https:\\\/\\\/makzashoes.com\\\/en\\\/sklep\\\/derby-shoes\\\/yellow-mens-leather-derby-louis\\\/#breadcrumb\"},\"inLanguage\":\"en-US\",\"potentialAction\":[{\"@type\":\"ReadAction\",\"target\":[\"https:\\\/\\\/makzashoes.com\\\/en\\\/sklep\\\/derby-shoes\\\/yellow-mens-leather-derby-louis\\\/\"]}]},{\"@type\":\"ImageObject\",\"inLanguage\":\"en-US\",\"@id\":\"https:\\\/\\\/makzashoes.com\\\/en\\\/sklep\\\/derby-shoes\\\/yellow-mens-leather-derby-louis\\\/#primaryimage\",\"url\":\"https:\\\/\\\/makzashoes.com\\\/wp-content\\\/uploads\\\/2023\\\/09\\\/derby-meskie-skorzane-zolte-2.jpg\",\"contentUrl\":\"https:\\\/\\\/makzashoes.com\\\/wp-content\\\/uploads\\\/2023\\\/09\\\/derby-meskie-skorzane-zolte-2.jpg\",\"width\":2480,\"height\":1772},{\"@type\":\"BreadcrumbList\",\"@id\":\"https:\\\/\\\/makzashoes.com\\\/en\\\/sklep\\\/derby-shoes\\\/yellow-mens-leather-derby-louis\\\/#breadcrumb\",\"itemListElement\":[{\"@type\":\"ListItem\",\"position\":1,\"name\":\"Homepage\",\"item\":\"https:\\\/\\\/makzashoes.com\\\/en\\\/\"},{\"@type\":\"ListItem\",\"position\":2,\"name\":\"Shop\",\"item\":\"https:\\\/\\\/makzashoes.com\\\/sklep\\\/\"},{\"@type\":\"ListItem\",\"position\":3,\"name\":\"Yellow Men&#8217;s Leather Derby Louis\"}]},{\"@type\":\"WebSite\",\"@id\":\"https:\\\/\\\/makzashoes.com\\\/en\\\/#website\",\"url\":\"https:\\\/\\\/makzashoes.com\\\/en\\\/\",\"name\":\"Makza Shoes\",\"description\":\"R\u0119cznie robione buty m\u0119skie i damskie na ka\u017cd\u0105 okazj\u0119\",\"publisher\":{\"@id\":\"https:\\\/\\\/makzashoes.com\\\/en\\\/#organization\"},\"alternateName\":\"M\u0119skie obuwie\",\"potentialAction\":[{\"@type\":\"SearchAction\",\"target\":{\"@type\":\"EntryPoint\",\"urlTemplate\":\"https:\\\/\\\/makzashoes.com\\\/en\\\/?s={search_term_string}\"},\"query-input\":{\"@type\":\"PropertyValueSpecification\",\"valueRequired\":true,\"valueName\":\"search_term_string\"}}],\"inLanguage\":\"en-US\"},{\"@type\":\"Organization\",\"@id\":\"https:\\\/\\\/makzashoes.com\\\/en\\\/#organization\",\"name\":\"Makza Shoes\",\"url\":\"https:\\\/\\\/makzashoes.com\\\/en\\\/\",\"logo\":{\"@type\":\"ImageObject\",\"inLanguage\":\"en-US\",\"@id\":\"https:\\\/\\\/makzashoes.com\\\/en\\\/#\\\/schema\\\/logo\\\/image\\\/\",\"url\":\"https:\\\/\\\/makzashoes.com\\\/wp-content\\\/uploads\\\/2022\\\/06\\\/makza-shoes-buty-meskie-i-damskie.png\",\"contentUrl\":\"https:\\\/\\\/makzashoes.com\\\/wp-content\\\/uploads\\\/2022\\\/06\\\/makza-shoes-buty-meskie-i-damskie.png\",\"width\":704,\"height\":362,\"caption\":\"Makza Shoes\"},\"image\":{\"@id\":\"https:\\\/\\\/makzashoes.com\\\/en\\\/#\\\/schema\\\/logo\\\/image\\\/\"}}]}<\/script>\n<!-- \/ Yoast SEO plugin. -->","yoast_head_json":{"title":"Yellow Men's Leather Derby Louis","description":"Derby or \"English\" shoes are distinguished by their practical open lacing, suitable for people with a high instep. They are the ideal footwear for men.","robots":{"index":"index","follow":"follow","max-snippet":"max-snippet:-1","max-image-preview":"max-image-preview:large","max-video-preview":"max-video-preview:-1"},"canonical":"https:\/\/makzashoes.com\/en\/sklep\/derby-shoes\/yellow-mens-leather-derby-louis\/","og_locale":"en_US","og_type":"article","og_title":"Yellow Men's Leather Derby Louis","og_description":"Derby or \"English\" shoes are distinguished by their practical open lacing, suitable for people with a high instep. They are the ideal footwear for men.","og_url":"https:\/\/makzashoes.com\/en\/sklep\/derby-shoes\/yellow-mens-leather-derby-louis\/","og_site_name":"Makza Shoes","og_image":[{"width":2480,"height":1772,"url":"https:\/\/makzashoes.com\/wp-content\/uploads\/2023\/09\/derby-meskie-skorzane-zolte-2.jpg","type":"image\/jpeg"}],"twitter_card":"summary_large_image","twitter_misc":{"Est. reading time":"2 minutes"},"schema":{"@context":"https:\/\/schema.org","@graph":[{"@type":"WebPage","@id":"https:\/\/makzashoes.com\/en\/sklep\/derby-shoes\/yellow-mens-leather-derby-louis\/","url":"https:\/\/makzashoes.com\/en\/sklep\/derby-shoes\/yellow-mens-leather-derby-louis\/","name":"Yellow Men's Leather Derby Louis","isPartOf":{"@id":"https:\/\/makzashoes.com\/en\/#website"},"primaryImageOfPage":{"@id":"https:\/\/makzashoes.com\/en\/sklep\/derby-shoes\/yellow-mens-leather-derby-louis\/#primaryimage"},"image":{"@id":"https:\/\/makzashoes.com\/en\/sklep\/derby-shoes\/yellow-mens-leather-derby-louis\/#primaryimage"},"thumbnailUrl":"https:\/\/makzashoes.com\/wp-content\/uploads\/2023\/09\/derby-meskie-skorzane-zolte-2.jpg","datePublished":"2023-09-14T15:25:26+00:00","description":"Derby or \"English\" shoes are distinguished by their practical open lacing, suitable for people with a high instep. They are the ideal footwear for men.","breadcrumb":{"@id":"https:\/\/makzashoes.com\/en\/sklep\/derby-shoes\/yellow-mens-leather-derby-louis\/#breadcrumb"},"inLanguage":"en-US","potentialAction":[{"@type":"ReadAction","target":["https:\/\/makzashoes.com\/en\/sklep\/derby-shoes\/yellow-mens-leather-derby-louis\/"]}]},{"@type":"ImageObject","inLanguage":"en-US","@id":"https:\/\/makzashoes.com\/en\/sklep\/derby-shoes\/yellow-mens-leather-derby-louis\/#primaryimage","url":"https:\/\/makzashoes.com\/wp-content\/uploads\/2023\/09\/derby-meskie-skorzane-zolte-2.jpg","contentUrl":"https:\/\/makzashoes.com\/wp-content\/uploads\/2023\/09\/derby-meskie-skorzane-zolte-2.jpg","width":2480,"height":1772},{"@type":"BreadcrumbList","@id":"https:\/\/makzashoes.com\/en\/sklep\/derby-shoes\/yellow-mens-leather-derby-louis\/#breadcrumb","itemListElement":[{"@type":"ListItem","position":1,"name":"Homepage","item":"https:\/\/makzashoes.com\/en\/"},{"@type":"ListItem","position":2,"name":"Shop","item":"https:\/\/makzashoes.com\/sklep\/"},{"@type":"ListItem","position":3,"name":"Yellow Men&#8217;s Leather Derby Louis"}]},{"@type":"WebSite","@id":"https:\/\/makzashoes.com\/en\/#website","url":"https:\/\/makzashoes.com\/en\/","name":"Makza Shoes","description":"R\u0119cznie robione buty m\u0119skie i damskie na ka\u017cd\u0105 okazj\u0119","publisher":{"@id":"https:\/\/makzashoes.com\/en\/#organization"},"alternateName":"M\u0119skie obuwie","potentialAction":[{"@type":"SearchAction","target":{"@type":"EntryPoint","urlTemplate":"https:\/\/makzashoes.com\/en\/?s={search_term_string}"},"query-input":{"@type":"PropertyValueSpecification","valueRequired":true,"valueName":"search_term_string"}}],"inLanguage":"en-US"},{"@type":"Organization","@id":"https:\/\/makzashoes.com\/en\/#organization","name":"Makza Shoes","url":"https:\/\/makzashoes.com\/en\/","logo":{"@type":"ImageObject","inLanguage":"en-US","@id":"https:\/\/makzashoes.com\/en\/#\/schema\/logo\/image\/","url":"https:\/\/makzashoes.com\/wp-content\/uploads\/2022\/06\/makza-shoes-buty-meskie-i-damskie.png","contentUrl":"https:\/\/makzashoes.com\/wp-content\/uploads\/2022\/06\/makza-shoes-buty-meskie-i-damskie.png","width":704,"height":362,"caption":"Makza Shoes"},"image":{"@id":"https:\/\/makzashoes.com\/en\/#\/schema\/logo\/image\/"}}]}},"_links":{"self":[{"href":"https:\/\/makzashoes.com\/en\/wp-json\/wp\/v2\/product\/11638","targetHints":{"allow":["GET"]}}],"collection":[{"href":"https:\/\/makzashoes.com\/en\/wp-json\/wp\/v2\/product"}],"about":[{"href":"https:\/\/makzashoes.com\/en\/wp-json\/wp\/v2\/types\/product"}],"replies":[{"embeddable":true,"href":"https:\/\/makzashoes.com\/en\/wp-json\/wp\/v2\/comments?post=11638"}],"wp:featuredmedia":[{"embeddable":true,"href":"https:\/\/makzashoes.com\/en\/wp-json\/wp\/v2\/media\/11337"}],"wp:attachment":[{"href":"https:\/\/makzashoes.com\/en\/wp-json\/wp\/v2\/media?parent=11638"}],"wp:term":[{"taxonomy":"product_cat","embeddable":true,"href":"https:\/\/makzashoes.com\/en\/wp-json\/wp\/v2\/product_cat?post=11638"},{"taxonomy":"product_tag","embeddable":true,"href":"https:\/\/makzashoes.com\/en\/wp-json\/wp\/v2\/product_tag?post=11638"}],"curies":[{"name":"wp","href":"https:\/\/api.w.org\/{rel}","templated":true}]}}