{"id":11561,"date":"2023-09-14T15:16:19","date_gmt":"2023-09-14T15:16:19","guid":{"rendered":"https:\/\/makzashoes.com\/sklep\/uncategorized\/hand-painted-blue-mens-leather-boots-felix\/"},"modified":"2023-11-28T17:24:43","modified_gmt":"2023-11-28T17:24:43","slug":"hand-painted-blue-mens-leather-boots-felix","status":"publish","type":"product","link":"https:\/\/makzashoes.com\/en\/sklep\/boots\/hand-painted-blue-mens-leather-boots-felix\/","title":{"rendered":"Hand-Painted Blue Men&#8217;s Leather Boots Felix"},"content":{"rendered":"<p>Leather boots are an indispensable item in every gentleman&#8217;s wardrobe during autumn and winter. They are footwear for men who focus on comfort and a stylish look without compromise. You will use them for both casual and formal styling. If you value the combination of functionality and fashion, then our boots are made for you.<\/p>\n<h2><strong>Natural leather<\/strong><\/h2>\n<p>Footwear made from natural leather &#8216;breathes&#8217; for all-day comfort. As a result, your feet do not get tired and remain fresh all day.<\/p>\n<h2><strong>Leather lining<\/strong><\/h2>\n<p>The soft leather cushioning adapts perfectly to the foot, guaranteeing its correct positioning in the shoe and all-day comfort.<\/p>\n<h2><strong>Solid lacing<\/strong><\/h2>\n<p>Solid laces keep the foot stable in the shoe over the entire length of the shoe, guaranteeing a snug and comfortable fit.<\/p>\n<h2><strong>A sole for the discerning<\/strong><\/h2>\n<p>Thanks to TR technology, the soles exhibit thermal insulation and anti-slip properties, guaranteeing confident walking in a variety of weather conditions.<\/p>\n<h2><strong>Hand-painted leather<\/strong><\/h2>\n<p>Our shoemakers hand-paint the leather of this model, giving it a unique look that will not be repeated in any other pair of footwear.<\/p>\n<h2><strong>Why choose handmade footwear?<\/strong><\/h2>\n<p>When you buy shoes from our website, you are investing in a model made specifically for your order. Each pair is handmade by our shoemakers. This way, you are guaranteed that they are not models that have been lying in stock for months. Such shoes are not only an expression of style and elegance, but also a reflection of the owner&#8217;s personality. Remember &#8211; &#8220;Your shoes, your image&#8221;.<\/p>\n<h2><strong>What size to choose?<\/strong><\/h2>\n<p>When choosing a size, we recommend using the size chart.<\/p>\n<h2><strong>Are you interested in a colour other than those on offer?<\/strong><\/h2>\n<p>If you are interested in a colour that is not available on our website, please contact us. We will suggest colours that we have in stock.<\/p>\n","protected":false},"excerpt":{"rendered":"<p><strong>COLOUR:<\/strong> BLUE<br \/>\n<strong>EXTERIOR MATERIAL:<\/strong> NATURAL HAND-PAINTED LEATHER<br \/>\n<strong>INTERIOR MATERIAL:<\/strong> NATURAL LEATHER<br \/>\n<strong>HEEL HEIGHT:<\/strong> 2,5 CM<br \/>\n<strong>SOLE:<\/strong> TR<\/p>\n","protected":false},"featured_media":11317,"comment_status":"open","ping_status":"closed","template":"","meta":[],"product_cat":[137],"product_tag":[],"class_list":{"0":"post-11561","1":"product","2":"type-product","3":"status-publish","4":"has-post-thumbnail","6":"product_cat-boots","8":"first","9":"instock","10":"taxable","11":"shipping-taxable","12":"purchasable","13":"product-type-variable"},"acf":[],"yoast_head":"<!-- This site is optimized with the Yoast SEO plugin v27.3 - https:\/\/yoast.com\/product\/yoast-seo-wordpress\/ -->\n<title>Hand-Painted Blue Men&#039;s Leather Boots Felix<\/title>\n<meta name=\"description\" content=\"Leather boots are an indispensable item in every gentleman&#039;s wardrobe in autumn and winter. Want to combine comfort and a stylish look? Check them out now!\" \/>\n<meta name=\"robots\" content=\"index, follow, max-snippet:-1, max-image-preview:large, max-video-preview:-1\" \/>\n<link rel=\"canonical\" href=\"https:\/\/makzashoes.com\/en\/sklep\/boots\/hand-painted-blue-mens-leather-boots-felix\/\" \/>\n<meta property=\"og:locale\" content=\"en_US\" \/>\n<meta property=\"og:type\" content=\"article\" \/>\n<meta property=\"og:title\" content=\"Hand-Painted Blue Men&#039;s Leather Boots Felix\" \/>\n<meta property=\"og:description\" content=\"Leather boots are an indispensable item in every gentleman&#039;s wardrobe in autumn and winter. Want to combine comfort and a stylish look? Check them out now!\" \/>\n<meta property=\"og:url\" content=\"https:\/\/makzashoes.com\/en\/sklep\/boots\/hand-painted-blue-mens-leather-boots-felix\/\" \/>\n<meta property=\"og:site_name\" content=\"Makza Shoes\" \/>\n<meta property=\"article:modified_time\" content=\"2023-11-28T17:24:43+00:00\" \/>\n<meta property=\"og:image\" content=\"https:\/\/makzashoes.com\/wp-content\/uploads\/2023\/09\/Botki-meskie-skorzane-niebieskie-3-scaled.jpg\" \/>\n\t<meta property=\"og:image:width\" content=\"2560\" \/>\n\t<meta property=\"og:image:height\" content=\"1862\" \/>\n\t<meta property=\"og:image:type\" content=\"image\/jpeg\" \/>\n<meta name=\"twitter:card\" content=\"summary_large_image\" \/>\n<meta name=\"twitter:label1\" content=\"Est. reading time\" \/>\n\t<meta name=\"twitter:data1\" content=\"2 minutes\" \/>\n<script type=\"application\/ld+json\" class=\"yoast-schema-graph\">{\"@context\":\"https:\\\/\\\/schema.org\",\"@graph\":[{\"@type\":\"WebPage\",\"@id\":\"https:\\\/\\\/makzashoes.com\\\/en\\\/sklep\\\/boots\\\/hand-painted-blue-mens-leather-boots-felix\\\/\",\"url\":\"https:\\\/\\\/makzashoes.com\\\/en\\\/sklep\\\/boots\\\/hand-painted-blue-mens-leather-boots-felix\\\/\",\"name\":\"Hand-Painted Blue Men's Leather Boots Felix\",\"isPartOf\":{\"@id\":\"https:\\\/\\\/makzashoes.com\\\/en\\\/#website\"},\"primaryImageOfPage\":{\"@id\":\"https:\\\/\\\/makzashoes.com\\\/en\\\/sklep\\\/boots\\\/hand-painted-blue-mens-leather-boots-felix\\\/#primaryimage\"},\"image\":{\"@id\":\"https:\\\/\\\/makzashoes.com\\\/en\\\/sklep\\\/boots\\\/hand-painted-blue-mens-leather-boots-felix\\\/#primaryimage\"},\"thumbnailUrl\":\"https:\\\/\\\/makzashoes.com\\\/wp-content\\\/uploads\\\/2023\\\/09\\\/Botki-meskie-skorzane-niebieskie-3-scaled.jpg\",\"datePublished\":\"2023-09-14T15:16:19+00:00\",\"dateModified\":\"2023-11-28T17:24:43+00:00\",\"description\":\"Leather boots are an indispensable item in every gentleman's wardrobe in autumn and winter. Want to combine comfort and a stylish look? Check them out now!\",\"breadcrumb\":{\"@id\":\"https:\\\/\\\/makzashoes.com\\\/en\\\/sklep\\\/boots\\\/hand-painted-blue-mens-leather-boots-felix\\\/#breadcrumb\"},\"inLanguage\":\"en-US\",\"potentialAction\":[{\"@type\":\"ReadAction\",\"target\":[\"https:\\\/\\\/makzashoes.com\\\/en\\\/sklep\\\/boots\\\/hand-painted-blue-mens-leather-boots-felix\\\/\"]}]},{\"@type\":\"ImageObject\",\"inLanguage\":\"en-US\",\"@id\":\"https:\\\/\\\/makzashoes.com\\\/en\\\/sklep\\\/boots\\\/hand-painted-blue-mens-leather-boots-felix\\\/#primaryimage\",\"url\":\"https:\\\/\\\/makzashoes.com\\\/wp-content\\\/uploads\\\/2023\\\/09\\\/Botki-meskie-skorzane-niebieskie-3-scaled.jpg\",\"contentUrl\":\"https:\\\/\\\/makzashoes.com\\\/wp-content\\\/uploads\\\/2023\\\/09\\\/Botki-meskie-skorzane-niebieskie-3-scaled.jpg\",\"width\":2560,\"height\":1862},{\"@type\":\"BreadcrumbList\",\"@id\":\"https:\\\/\\\/makzashoes.com\\\/en\\\/sklep\\\/boots\\\/hand-painted-blue-mens-leather-boots-felix\\\/#breadcrumb\",\"itemListElement\":[{\"@type\":\"ListItem\",\"position\":1,\"name\":\"Homepage\",\"item\":\"https:\\\/\\\/makzashoes.com\\\/en\\\/\"},{\"@type\":\"ListItem\",\"position\":2,\"name\":\"Shop\",\"item\":\"https:\\\/\\\/makzashoes.com\\\/sklep\\\/\"},{\"@type\":\"ListItem\",\"position\":3,\"name\":\"Hand-Painted Blue Men&#8217;s Leather Boots Felix\"}]},{\"@type\":\"WebSite\",\"@id\":\"https:\\\/\\\/makzashoes.com\\\/en\\\/#website\",\"url\":\"https:\\\/\\\/makzashoes.com\\\/en\\\/\",\"name\":\"Makza Shoes\",\"description\":\"R\u0119cznie robione buty m\u0119skie i damskie na ka\u017cd\u0105 okazj\u0119\",\"publisher\":{\"@id\":\"https:\\\/\\\/makzashoes.com\\\/en\\\/#organization\"},\"alternateName\":\"M\u0119skie obuwie\",\"potentialAction\":[{\"@type\":\"SearchAction\",\"target\":{\"@type\":\"EntryPoint\",\"urlTemplate\":\"https:\\\/\\\/makzashoes.com\\\/en\\\/?s={search_term_string}\"},\"query-input\":{\"@type\":\"PropertyValueSpecification\",\"valueRequired\":true,\"valueName\":\"search_term_string\"}}],\"inLanguage\":\"en-US\"},{\"@type\":\"Organization\",\"@id\":\"https:\\\/\\\/makzashoes.com\\\/en\\\/#organization\",\"name\":\"Makza Shoes\",\"url\":\"https:\\\/\\\/makzashoes.com\\\/en\\\/\",\"logo\":{\"@type\":\"ImageObject\",\"inLanguage\":\"en-US\",\"@id\":\"https:\\\/\\\/makzashoes.com\\\/en\\\/#\\\/schema\\\/logo\\\/image\\\/\",\"url\":\"https:\\\/\\\/makzashoes.com\\\/wp-content\\\/uploads\\\/2022\\\/06\\\/makza-shoes-buty-meskie-i-damskie.png\",\"contentUrl\":\"https:\\\/\\\/makzashoes.com\\\/wp-content\\\/uploads\\\/2022\\\/06\\\/makza-shoes-buty-meskie-i-damskie.png\",\"width\":704,\"height\":362,\"caption\":\"Makza Shoes\"},\"image\":{\"@id\":\"https:\\\/\\\/makzashoes.com\\\/en\\\/#\\\/schema\\\/logo\\\/image\\\/\"}}]}<\/script>\n<!-- \/ Yoast SEO plugin. -->","yoast_head_json":{"title":"Hand-Painted Blue Men's Leather Boots Felix","description":"Leather boots are an indispensable item in every gentleman's wardrobe in autumn and winter. Want to combine comfort and a stylish look? Check them out now!","robots":{"index":"index","follow":"follow","max-snippet":"max-snippet:-1","max-image-preview":"max-image-preview:large","max-video-preview":"max-video-preview:-1"},"canonical":"https:\/\/makzashoes.com\/en\/sklep\/boots\/hand-painted-blue-mens-leather-boots-felix\/","og_locale":"en_US","og_type":"article","og_title":"Hand-Painted Blue Men's Leather Boots Felix","og_description":"Leather boots are an indispensable item in every gentleman's wardrobe in autumn and winter. Want to combine comfort and a stylish look? Check them out now!","og_url":"https:\/\/makzashoes.com\/en\/sklep\/boots\/hand-painted-blue-mens-leather-boots-felix\/","og_site_name":"Makza Shoes","article_modified_time":"2023-11-28T17:24:43+00:00","og_image":[{"width":2560,"height":1862,"url":"https:\/\/makzashoes.com\/wp-content\/uploads\/2023\/09\/Botki-meskie-skorzane-niebieskie-3-scaled.jpg","type":"image\/jpeg"}],"twitter_card":"summary_large_image","twitter_misc":{"Est. reading time":"2 minutes"},"schema":{"@context":"https:\/\/schema.org","@graph":[{"@type":"WebPage","@id":"https:\/\/makzashoes.com\/en\/sklep\/boots\/hand-painted-blue-mens-leather-boots-felix\/","url":"https:\/\/makzashoes.com\/en\/sklep\/boots\/hand-painted-blue-mens-leather-boots-felix\/","name":"Hand-Painted Blue Men's Leather Boots Felix","isPartOf":{"@id":"https:\/\/makzashoes.com\/en\/#website"},"primaryImageOfPage":{"@id":"https:\/\/makzashoes.com\/en\/sklep\/boots\/hand-painted-blue-mens-leather-boots-felix\/#primaryimage"},"image":{"@id":"https:\/\/makzashoes.com\/en\/sklep\/boots\/hand-painted-blue-mens-leather-boots-felix\/#primaryimage"},"thumbnailUrl":"https:\/\/makzashoes.com\/wp-content\/uploads\/2023\/09\/Botki-meskie-skorzane-niebieskie-3-scaled.jpg","datePublished":"2023-09-14T15:16:19+00:00","dateModified":"2023-11-28T17:24:43+00:00","description":"Leather boots are an indispensable item in every gentleman's wardrobe in autumn and winter. Want to combine comfort and a stylish look? Check them out now!","breadcrumb":{"@id":"https:\/\/makzashoes.com\/en\/sklep\/boots\/hand-painted-blue-mens-leather-boots-felix\/#breadcrumb"},"inLanguage":"en-US","potentialAction":[{"@type":"ReadAction","target":["https:\/\/makzashoes.com\/en\/sklep\/boots\/hand-painted-blue-mens-leather-boots-felix\/"]}]},{"@type":"ImageObject","inLanguage":"en-US","@id":"https:\/\/makzashoes.com\/en\/sklep\/boots\/hand-painted-blue-mens-leather-boots-felix\/#primaryimage","url":"https:\/\/makzashoes.com\/wp-content\/uploads\/2023\/09\/Botki-meskie-skorzane-niebieskie-3-scaled.jpg","contentUrl":"https:\/\/makzashoes.com\/wp-content\/uploads\/2023\/09\/Botki-meskie-skorzane-niebieskie-3-scaled.jpg","width":2560,"height":1862},{"@type":"BreadcrumbList","@id":"https:\/\/makzashoes.com\/en\/sklep\/boots\/hand-painted-blue-mens-leather-boots-felix\/#breadcrumb","itemListElement":[{"@type":"ListItem","position":1,"name":"Homepage","item":"https:\/\/makzashoes.com\/en\/"},{"@type":"ListItem","position":2,"name":"Shop","item":"https:\/\/makzashoes.com\/sklep\/"},{"@type":"ListItem","position":3,"name":"Hand-Painted Blue Men&#8217;s Leather Boots Felix"}]},{"@type":"WebSite","@id":"https:\/\/makzashoes.com\/en\/#website","url":"https:\/\/makzashoes.com\/en\/","name":"Makza Shoes","description":"R\u0119cznie robione buty m\u0119skie i damskie na ka\u017cd\u0105 okazj\u0119","publisher":{"@id":"https:\/\/makzashoes.com\/en\/#organization"},"alternateName":"M\u0119skie obuwie","potentialAction":[{"@type":"SearchAction","target":{"@type":"EntryPoint","urlTemplate":"https:\/\/makzashoes.com\/en\/?s={search_term_string}"},"query-input":{"@type":"PropertyValueSpecification","valueRequired":true,"valueName":"search_term_string"}}],"inLanguage":"en-US"},{"@type":"Organization","@id":"https:\/\/makzashoes.com\/en\/#organization","name":"Makza Shoes","url":"https:\/\/makzashoes.com\/en\/","logo":{"@type":"ImageObject","inLanguage":"en-US","@id":"https:\/\/makzashoes.com\/en\/#\/schema\/logo\/image\/","url":"https:\/\/makzashoes.com\/wp-content\/uploads\/2022\/06\/makza-shoes-buty-meskie-i-damskie.png","contentUrl":"https:\/\/makzashoes.com\/wp-content\/uploads\/2022\/06\/makza-shoes-buty-meskie-i-damskie.png","width":704,"height":362,"caption":"Makza Shoes"},"image":{"@id":"https:\/\/makzashoes.com\/en\/#\/schema\/logo\/image\/"}}]}},"_links":{"self":[{"href":"https:\/\/makzashoes.com\/en\/wp-json\/wp\/v2\/product\/11561","targetHints":{"allow":["GET"]}}],"collection":[{"href":"https:\/\/makzashoes.com\/en\/wp-json\/wp\/v2\/product"}],"about":[{"href":"https:\/\/makzashoes.com\/en\/wp-json\/wp\/v2\/types\/product"}],"replies":[{"embeddable":true,"href":"https:\/\/makzashoes.com\/en\/wp-json\/wp\/v2\/comments?post=11561"}],"wp:featuredmedia":[{"embeddable":true,"href":"https:\/\/makzashoes.com\/en\/wp-json\/wp\/v2\/media\/11317"}],"wp:attachment":[{"href":"https:\/\/makzashoes.com\/en\/wp-json\/wp\/v2\/media?parent=11561"}],"wp:term":[{"taxonomy":"product_cat","embeddable":true,"href":"https:\/\/makzashoes.com\/en\/wp-json\/wp\/v2\/product_cat?post=11561"},{"taxonomy":"product_tag","embeddable":true,"href":"https:\/\/makzashoes.com\/en\/wp-json\/wp\/v2\/product_tag?post=11561"}],"curies":[{"name":"wp","href":"https:\/\/api.w.org\/{rel}","templated":true}]}}